{"id":29250,"date":"2025-02-18T11:47:38","date_gmt":"2025-02-18T14:47:38","guid":{"rendered":"https:\/\/wp.ufpel.edu.br\/progep\/?page_id=29250"},"modified":"2026-04-02T09:51:18","modified_gmt":"2026-04-02T12:51:18","slug":"comunicados-progep","status":"publish","type":"page","link":"https:\/\/wp.ufpel.edu.br\/progep\/comunicados-progep\/","title":{"rendered":"Comunicados PROGEP"},"content":{"rendered":"\n<div class=\"wp-block-group\"><div class=\"wp-block-group__inner-container is-layout-constrained wp-block-group-is-layout-constrained\">\n<div class=\"logoTituloModelStyle\"><img class=\"size-medium wp-image-27184 alignleft\" src=\"https:\/\/wp.ufpel.edu.br\/progep\/files\/2025\/03\/logo-progep_atualizacao-nome_AZUL.png\" alt=\"\" \/><\/p>\n<div><strong>Comunicados<\/strong><\/div>\n<\/div>\n<hr class=\"hrModelStyle\" \/>\n<div class=\"descriptionModelStyle\"><em>Comunicados<\/em> \u00e9 nova p\u00e1gina da <strong>PROGEP &#8211; UFPEL<\/strong> que visa uma comunica\u00e7\u00e3o mais objetiva da unidade com a institui\u00e7\u00e3o e os\/as servidores\/as. Aqui os <em>Comunicados<\/em> ser\u00e3o anexados para facilitar o acesso a informa\u00e7\u00e3o. Atente a estar atualizado.<\/div>\n<\/div><\/div>\n\n\n<div class=\"comunicationStyle\">\n<h3 class=\"comunicationTitle\"><strong>2026<\/strong><\/h3>\n<div class=\"comunicationBody\">\n<a href=\"https:\/\/wp.ufpel.edu.br\/progep\/files\/2026\/04\/SEI_3766984_Comunicado_7.pdf\" target=\"_blank\" rel=\"noopener\"><strong>Comunicado 7<\/strong>:  In\u00edcio da Valida\u00e7\u00e3o Cadastral Obrigat\u00f3ria &#8211; Ciclo 2026<\/a><br \/>\n<a href=\"https:\/\/wp.ufpel.edu.br\/progep\/files\/2026\/02\/SEI_3672338_Comunicado_5.pdf\" target=\"_blank\" rel=\"noopener\"><strong>Comunicado 5<\/strong>:  Requisitos para ingressar com pedido de Reconhecimento de Saberes e Compet\u00eancias (RSC)<\/a><br \/>\n<a href=\"https:\/\/wp.ufpel.edu.br\/progep\/files\/2026\/02\/SEI_3672280_Comunicado_4.pdf\" target=\"_blank\" rel=\"noopener\"><strong>Comunicado 4<\/strong>:  Orienta\u00e7\u00f5es \u00e0s pessoas servidoras em PGD que ir\u00e3o aderir \u00e0 greve<\/a><br \/>\n<a href=\"#\" target=\"_blank\" rel=\"noopener\"><strong>Comunicado 3<\/strong>: &#8212;<\/a><br \/>\n<a href=\"https:\/\/wp.ufpel.edu.br\/progep\/files\/2026\/02\/SEI_3633046_Comunicado_2.pdf\" target=\"_blank\" rel=\"noopener\"><strong>Comunicado 2<\/strong>: Novas Diretrizes e Procedimentos para a Substitui\u00e7\u00e3o de Cargos em Comiss\u00e3o (CD) e Fun\u00e7\u00f5es de Confian\u00e7a (FG\/FCC) <\/a><br \/>\n<a href=\"https:\/\/wp.ufpel.edu.br\/progep\/files\/2026\/02\/SEI_3631872_Comunicado_1.pdf\" target=\"_blank\" rel=\"noopener\"><strong>Comunicado 1<\/strong>: Recadastramento para Transporte Intermunicipal<\/a>\n<\/div>\n<\/div>\n<div class=\"comunicationStyle\">\n<h3 class=\"comunicationTitle\"><strong>2025<\/strong><\/h3>\n<div class=\"comunicationBody\">\n<a href=\"https:\/\/wp.ufpel.edu.br\/progep\/files\/2025\/10\/SEI_3364921_Comunicado_17.pdf\" target=\"_blank\" rel=\"noopener\"><strong>Comunicado 17<\/strong>: Prazos PGD<\/a><\/p>\n<p><a href=\"https:\/\/wp.ufpel.edu.br\/progep\/files\/2025\/09\/SEI_3248807_Comunicado_16-5.pdf\" target=\"_blank\" rel=\"noopener\"><strong>Comunicado 16<\/strong>: Novo C\u00f3digo no M\u00f3dulo Frequ\u00eancia para Professor do Magist\u00e9rio Superior ocupante de cargo ou fun\u00e7\u00e3o &#8211; SouGov<\/a><br \/><a href=\"https:\/\/wp.ufpel.edu.br\/progep\/files\/2025\/09\/SEI_3223935_Comunicado_15.pdf\" target=\"_blank\" rel=\"noopener\"><strong>Comunicado 15<\/strong>: Empresas Credenciadas no Clube de Benef\u00edcios<\/a><br \/><a href=\"https:\/\/wp.ufpel.edu.br\/progep\/files\/2025\/07\/SEI_3134499_Comunicado_14.pdf\" target=\"_blank\" rel=\"noopener\"><strong>Comunicado 14<\/strong>: Novos C\u00f3digos de Ocorr\u00eancia no M\u00f3dulo Frequ\u00eancia &#8211; SouGov<\/a><br \/> <a href=\"https:\/\/wp.ufpel.edu.br\/progep\/files\/2025\/07\/SEI_3132780_Comunicado_13.pdf\" target=\"_blank\" rel=\"noopener\"><strong>Comunicado 13<\/strong>: Lan\u00e7amento de Edital para Credenciamento de Parcerias no Clube de<br \/>\nBenef\u00edcios a servidores(as) da UFPel<br \/><\/a><br \/><a href=\"https:\/\/wp.ufpel.edu.br\/progep\/files\/2025\/06\/SEI_3091401_Comunicado_12.pdf\" target=\"_blank\" rel=\"noopener\"><strong>Comunicado 12<\/strong>: Lan\u00e7amento do Guia da Pessoa Servidora.<br \/>\n<\/a><br \/><a href=\"https:\/\/wp.ufpel.edu.br\/progep\/files\/2025\/05\/SEI_3080400_Comunicado_11-1.pdf\" target=\"_blank\" rel=\"noopener\"><strong>Comunicado 11<\/strong>: Comprova\u00e7\u00e3o das despesas com planos de sa\u00fade em 2024<\/a><br \/><a href=\"https:\/\/wp.ufpel.edu.br\/progep\/files\/2025\/05\/SEI_3061459_Comunicado_10.pdf\" target=\"_blank\" rel=\"noopener\"><strong>Comunicado 10<\/strong>: Implanta\u00e7\u00e3o dos efeitos da Medida Provis\u00f3ria 1.286\/2024<br \/>\n<\/a><br \/><a href=\"https:\/\/wp.ufpel.edu.br\/progep\/files\/2025\/05\/SEI_3048818_Comunicado_9.pdf\" target=\"_blank\" rel=\"noopener\"><strong>Comunicado 09<\/strong>: Guia da Lideran\u00e7a<\/a><br \/><a href=\"https:\/\/wp.ufpel.edu.br\/progep\/files\/2025\/05\/SEI_3042502_Comunicado_8.pdf\" target=\"_blank\" rel=\"noopener\"><strong>Comunicado 08<\/strong>: Prazo Final para a Valida\u00e7\u00e3o Cadastral Obrigat\u00f3ria &#8211; Ciclo 2025<\/a><br \/><a href=\"https:\/\/wp.ufpel.edu.br\/progep\/files\/2025\/04\/SEI_3034443_Comunicado_7.pdf\" target=\"_blank\" rel=\"noopener\"><strong>Comunicado 07<\/strong>: Implanta\u00e7\u00e3o dos efeitos da Medida Provis\u00f3ria 1.286\/2024<\/a><br \/><a href=\"https:\/\/wp.ufpel.edu.br\/progep\/files\/2025\/04\/SEI_3008053_Comunicado_6-4.pdf\" target=\"_blank\" rel=\"noopener\"><strong>Comunicado 06<\/strong>: Registro de presencialidade para fins de recebimento de aux\u00edlio-transporte<\/a><br \/><a href=\"https:\/\/wp.ufpel.edu.br\/progep\/files\/2025\/03\/SEI_2995264_Comunicado_5.pdf\" target=\"_blank\" rel=\"noopener\"><strong>Comunicado 05<\/strong>: Implanta\u00e7\u00e3o dos efeitos da Medida Provis\u00f3ria 1.286\/2024<\/a><br \/><a href=\"https:\/\/wp.ufpel.edu.br\/progep\/files\/2025\/03\/SEI_2972674_Comunicado_4.pdf\" target=\"_blank\" rel=\"noopener\"><strong>Comunicado 04<\/strong>: In\u00edcio da Valida\u00e7\u00e3o Cadastral Obrigat\u00f3ria &#8211; Ciclo 2025<\/a><br \/><a href=\"https:\/\/wp.ufpel.edu.br\/progep\/files\/2025\/03\/SEI_2962791_Comunicado_3.pdf\" target=\"_blank\" rel=\"noopener\"><strong>Comunicado 03<\/strong>: Novos C\u00f3digos de Ocorr\u00eancia no M\u00f3dulo Frequ\u00eancia &#8211; SouGov<\/a><br \/><a href=\"https:\/\/wp.ufpel.edu.br\/progep\/files\/2025\/02\/SEI_2957496_Comunicado_2-1-1.pdf\" target=\"_blank\" rel=\"noopener\"><strong>Comunicado 02<\/strong>: C\u00f3digos de PGD no SouGov &#8211; Frequ\u00eancia<\/a><br \/><a href=\"https:\/\/wp.ufpel.edu.br\/progep\/files\/2025\/02\/SEI_2953714_Comunicado_1.pdf\" target=\"_blank\" rel=\"noopener\"><strong>Comunicado 01<\/strong>: Orienta\u00e7\u00f5es sobre nova forma de comunica\u00e7\u00e3o da Pr\u00f3-Reitoria de Gest\u00e3o de Pessoas<\/a><\/div>\n<\/div>\n\n","protected":false},"excerpt":{"rendered":"<p>Comunicados Comunicados \u00e9 nova p\u00e1gina da PROGEP &#8211; UFPEL que visa uma comunica\u00e7\u00e3o mais objetiva da unidade com a institui\u00e7\u00e3o e os\/as servidores\/as. Aqui os Comunicados ser\u00e3o anexados para facilitar o acesso a informa\u00e7\u00e3o. Atente a estar atualizado. 2026 Comunicado 7: In\u00edcio da Valida\u00e7\u00e3o Cadastral Obrigat\u00f3ria &#8211; Ciclo 2026 Comunicado 5: Requisitos para ingressar com [&hellip;]<\/p>\n","protected":false},"author":21,"featured_media":0,"parent":0,"menu_order":0,"comment_status":"closed","ping_status":"closed","template":"","meta":{"footnotes":""},"class_list":["post-29250","page","type-page","status-publish","hentry"],"_links":{"self":[{"href":"https:\/\/wp.ufpel.edu.br\/progep\/wp-json\/wp\/v2\/pages\/29250","targetHints":{"allow":["GET"]}}],"collection":[{"href":"https:\/\/wp.ufpel.edu.br\/progep\/wp-json\/wp\/v2\/pages"}],"about":[{"href":"https:\/\/wp.ufpel.edu.br\/progep\/wp-json\/wp\/v2\/types\/page"}],"author":[{"embeddable":true,"href":"https:\/\/wp.ufpel.edu.br\/progep\/wp-json\/wp\/v2\/users\/21"}],"replies":[{"embeddable":true,"href":"https:\/\/wp.ufpel.edu.br\/progep\/wp-json\/wp\/v2\/comments?post=29250"}],"version-history":[{"count":3,"href":"https:\/\/wp.ufpel.edu.br\/progep\/wp-json\/wp\/v2\/pages\/29250\/revisions"}],"predecessor-version":[{"id":40561,"href":"https:\/\/wp.ufpel.edu.br\/progep\/wp-json\/wp\/v2\/pages\/29250\/revisions\/40561"}],"wp:attachment":[{"href":"https:\/\/wp.ufpel.edu.br\/progep\/wp-json\/wp\/v2\/media?parent=29250"}],"curies":[{"name":"wp","href":"https:\/\/api.w.org\/{rel}","templated":true}]}}