{"id":28970,"date":"2025-02-13T14:43:46","date_gmt":"2025-02-13T17:43:46","guid":{"rendered":"https:\/\/wp.ufpel.edu.br\/progep\/?page_id=28970"},"modified":"2025-06-30T16:05:01","modified_gmt":"2025-06-30T19:05:01","slug":"gestao-de-riscos-turma-1-2025","status":"publish","type":"page","link":"https:\/\/wp.ufpel.edu.br\/progep\/gestao-de-riscos-turma-1-2025\/","title":{"rendered":"Capacita\u00e7\u00e3o: Gest\u00e3o de Riscos &#8211; Turma 1\/2025"},"content":{"rendered":"<div class=\"acaoStyle\">\n<div class=\"corpoStyle\">\n<strong>Ministrante:\u00a0<\/strong>Priscila Nesello (Docente do Centro de Ci\u00eancias Socio-Organizacionais\/UFPEL)<br \/>\n<b>Modalidade:\u00a0<\/b>Online, sem tutoria. O curso \u00e9 oferecido de forma ass\u00edncrona, deste modo, o participante pode acessar o material e realizar as atividades no seu pr\u00f3prio ritmo, sem a presen\u00e7a de um tutor.<\/p>\n<p><strong>Carga hor\u00e1ria:<\/strong>\u00a020 horas<\/p>\n<p class=\"v1MsoNormal\"><strong>Per\u00edodo<\/strong>: 07 de mar\u00e7o a 06 de abril de 2025<\/p>\n<p class=\"v1MsoNormal\"><strong>Realiza\u00e7\u00e3o<\/strong>: Plataforma e-Projeto da UFPel<\/p>\n<p><strong>S\u00famula<\/strong>:<\/p>\n<ul>\n<li>Introdu\u00e7\u00e3o \u00e0 Gest\u00e3o de Riscos<\/li>\n<li>An\u00e1lise Qualitativa de Riscos<\/li>\n<li>An\u00e1lise Quantitativa de Riscos<\/li>\n<li>Estrat\u00e9gias de Respostas a Riscos<\/li>\n<\/ul>\n<p><b><strong>Avalia\u00e7\u00e3o:\u00a0<\/strong><\/b>A avalia\u00e7\u00e3o do curso ser\u00e1 conforme atividades\/avalia\u00e7\u00f5es propostas pelo\/a ministrante.<\/p>\n<p class=\"v1MsoNormal\"><strong>P\u00fablico Alvo<\/strong>: Servidores(as) docentes, TAE\u2019s e trabalhadores(as) terceirizados(as) ativos(as) da UFPel*<\/p>\n<p><strong>Per\u00edodo de inscri\u00e7\u00e3o<\/strong>: 17\/02 a 04\/03\/2025<\/p>\n<p><strong>Divulga\u00e7\u00e3o das inscri\u00e7\u00f5es homologadas<\/strong>: 05\/03**, nesta p\u00e1gina.<\/p>\n<p>*Considerando a Pol\u00edtica Nacional de Desenvolvimento de Pessoas, conforme Decreto n\u00ba 9.991\/19, somente ser\u00e3o certificados os servidores p\u00fablicos pertencentes ao Quadro Efetivo da UFPel.<\/p>\n<p>**Quando homologadas as inscri\u00e7\u00f5es, os selecionados receber\u00e3o e-mail com instru\u00e7\u00f5es de acesso \u00e0 Plataforma E-projeto da UFPel.<\/p>\n<p><strong><a href=\"https:\/\/wp.ufpel.edu.br\/progep\/files\/2025\/03\/Homologacao-Gestao-de-riscos.pdf\">Inscri\u00e7\u00f5es Homologadas<\/a><\/strong><br \/>\n<strong>Contato SFS:<\/strong>\u00a0cdp.capacita@ufpel.edu.br<\/p>\n<\/div>\n<\/div>\n","protected":false},"excerpt":{"rendered":"<p>Ministrante:\u00a0Priscila Nesello (Docente do Centro de Ci\u00eancias Socio-Organizacionais\/UFPEL) Modalidade:\u00a0Online, sem tutoria. O curso \u00e9 oferecido de forma ass\u00edncrona, deste modo, o participante pode acessar o material e realizar as atividades no seu pr\u00f3prio ritmo, sem a presen\u00e7a de um tutor. Carga hor\u00e1ria:\u00a020 horas Per\u00edodo: 07 de mar\u00e7o a 06 de abril de 2025 Realiza\u00e7\u00e3o: Plataforma [&hellip;]<\/p>\n","protected":false},"author":21,"featured_media":0,"parent":0,"menu_order":0,"comment_status":"closed","ping_status":"closed","template":"","meta":{"footnotes":""},"class_list":["post-28970","page","type-page","status-publish","hentry"],"_links":{"self":[{"href":"https:\/\/wp.ufpel.edu.br\/progep\/wp-json\/wp\/v2\/pages\/28970","targetHints":{"allow":["GET"]}}],"collection":[{"href":"https:\/\/wp.ufpel.edu.br\/progep\/wp-json\/wp\/v2\/pages"}],"about":[{"href":"https:\/\/wp.ufpel.edu.br\/progep\/wp-json\/wp\/v2\/types\/page"}],"author":[{"embeddable":true,"href":"https:\/\/wp.ufpel.edu.br\/progep\/wp-json\/wp\/v2\/users\/21"}],"replies":[{"embeddable":true,"href":"https:\/\/wp.ufpel.edu.br\/progep\/wp-json\/wp\/v2\/comments?post=28970"}],"version-history":[{"count":9,"href":"https:\/\/wp.ufpel.edu.br\/progep\/wp-json\/wp\/v2\/pages\/28970\/revisions"}],"predecessor-version":[{"id":34224,"href":"https:\/\/wp.ufpel.edu.br\/progep\/wp-json\/wp\/v2\/pages\/28970\/revisions\/34224"}],"wp:attachment":[{"href":"https:\/\/wp.ufpel.edu.br\/progep\/wp-json\/wp\/v2\/media?parent=28970"}],"curies":[{"name":"wp","href":"https:\/\/api.w.org\/{rel}","templated":true}]}}