{"id":28966,"date":"2025-02-13T14:48:39","date_gmt":"2025-02-13T17:48:39","guid":{"rendered":"https:\/\/wp.ufpel.edu.br\/progep\/?page_id=28966"},"modified":"2025-06-30T16:05:05","modified_gmt":"2025-06-30T19:05:05","slug":"trilha-pgd-curso-de-ferramentas-para-organizacao-do-trabalho-turma-1-2025","status":"publish","type":"page","link":"https:\/\/wp.ufpel.edu.br\/progep\/trilha-pgd-curso-de-ferramentas-para-organizacao-do-trabalho-turma-1-2025\/","title":{"rendered":"Capacita\u00e7\u00e3o: Trilha PGD: Curso de Ferramentas para Organiza\u00e7\u00e3o do Trabalho &#8211; Turma 1\/2025"},"content":{"rendered":"<div class=\"acaoStyle\">\n<div class=\"corpoStyle\">\n<strong>Ministrante:\u00a0<\/strong>Andressa Andrade Duquia (Servidora T\u00e9cnica-Administrativa em Educa\u00e7\u00e3o da Pr\u00f3-Reitoria de Gest\u00e3o de Pessoas)<br \/>\n<b>Modalidade:\u00a0<\/b><em>Online,<\/em> sem tutoria. O curso \u00e9 oferecido de forma ass\u00edncrona, deste modo, o participante pode acessar o material e realizar as atividades no seu pr\u00f3prio ritmo, sem a presen\u00e7a de um tutor.<\/p>\n<p><strong>Carga hor\u00e1ria:<\/strong>\u00a020 horas<\/p>\n<p class=\"v1MsoNormal\"><strong>Per\u00edodo<\/strong>: 07 de mar\u00e7o a 06 de abril de 2025<\/p>\n<p class=\"v1MsoNormal\"><strong>Realiza\u00e7\u00e3o<\/strong>: Plataforma e-Projeto da UFPel<\/p>\n<p><strong>Ementa:<br \/>\n<\/strong><\/p>\n<ul>\n<li class=\"Texto_Justificado\">Gest\u00e3o do Tempo<\/li>\n<li class=\"Texto_Justificado\">Ferramentas para compartilhamento<\/li>\n<li class=\"Texto_Justificado\">Ferramentas para edi\u00e7\u00e3o<\/li>\n<li class=\"Texto_Justificado\">Ferramentas para reuni\u00f5es<\/li>\n<li class=\"Texto_Justificado\">Ferramentas para trabalho remoto em equipe \/ produtividade<\/li>\n<\/ul>\n<p><b><strong>Avalia\u00e7\u00e3o:\u00a0<\/strong><\/b>A avalia\u00e7\u00e3o do curso ser\u00e1 conforme atividades\/avalia\u00e7\u00f5es propostas pelo\/a ministrante.<\/p>\n<p class=\"v1MsoNormal\"><strong>P\u00fablico Alvo<\/strong>: Servidores\/as docentes, TAE\u2019s e trabalhadores\/as terceirizados\/as ativos\/as da UFPel*<\/p>\n<p><strong>Per\u00edodo de inscri\u00e7\u00e3o<\/strong>: 17\/02 a 04\/03\/2025<\/p>\n<p><strong>Divulga\u00e7\u00e3o das inscri\u00e7\u00f5es homologadas<\/strong>: 05\/03\/2025**, nesta p\u00e1gina.<\/p>\n<p>*Considerando a Pol\u00edtica Nacional de Desenvolvimento de Pessoas, conforme Decreto n\u00ba 9.991\/19, somente ser\u00e3o certificados os\/as servidores\/as p\u00fablicos\/as pertencentes ao Quadro Efetivo da UFPel.<\/p>\n<p>**Quando homologadas as inscri\u00e7\u00f5es, os\/as selecionados\/as receber\u00e3o e-mail com instru\u00e7\u00f5es de acesso \u00e0 Plataforma E-projeto da UFPel.<\/p>\n<p><strong><a href=\"https:\/\/wp.ufpel.edu.br\/progep\/files\/2025\/03\/Homologacao-Trilha-PGD-Curso-de-Ferramentas-para-Organizacao-do-Trabalho.pdf\">Inscri\u00e7\u00f5es Homologadas<\/a><\/strong><\/p>\n<p><strong>Contato SFS:<\/strong>\u00a0cdp.capacita@ufpel.edu.br\n<\/div>\n<\/div>\n","protected":false},"excerpt":{"rendered":"<p>Ministrante:\u00a0Andressa Andrade Duquia (Servidora T\u00e9cnica-Administrativa em Educa\u00e7\u00e3o da Pr\u00f3-Reitoria de Gest\u00e3o de Pessoas) Modalidade:\u00a0Online, sem tutoria. O curso \u00e9 oferecido de forma ass\u00edncrona, deste modo, o participante pode acessar o material e realizar as atividades no seu pr\u00f3prio ritmo, sem a presen\u00e7a de um tutor. Carga hor\u00e1ria:\u00a020 horas Per\u00edodo: 07 de mar\u00e7o a 06 de [&hellip;]<\/p>\n","protected":false},"author":21,"featured_media":0,"parent":0,"menu_order":0,"comment_status":"closed","ping_status":"closed","template":"","meta":{"footnotes":""},"class_list":["post-28966","page","type-page","status-publish","hentry"],"_links":{"self":[{"href":"https:\/\/wp.ufpel.edu.br\/progep\/wp-json\/wp\/v2\/pages\/28966","targetHints":{"allow":["GET"]}}],"collection":[{"href":"https:\/\/wp.ufpel.edu.br\/progep\/wp-json\/wp\/v2\/pages"}],"about":[{"href":"https:\/\/wp.ufpel.edu.br\/progep\/wp-json\/wp\/v2\/types\/page"}],"author":[{"embeddable":true,"href":"https:\/\/wp.ufpel.edu.br\/progep\/wp-json\/wp\/v2\/users\/21"}],"replies":[{"embeddable":true,"href":"https:\/\/wp.ufpel.edu.br\/progep\/wp-json\/wp\/v2\/comments?post=28966"}],"version-history":[{"count":11,"href":"https:\/\/wp.ufpel.edu.br\/progep\/wp-json\/wp\/v2\/pages\/28966\/revisions"}],"predecessor-version":[{"id":34225,"href":"https:\/\/wp.ufpel.edu.br\/progep\/wp-json\/wp\/v2\/pages\/28966\/revisions\/34225"}],"wp:attachment":[{"href":"https:\/\/wp.ufpel.edu.br\/progep\/wp-json\/wp\/v2\/media?parent=28966"}],"curies":[{"name":"wp","href":"https:\/\/api.w.org\/{rel}","templated":true}]}}