{"id":28862,"date":"2025-02-12T14:10:18","date_gmt":"2025-02-12T17:10:18","guid":{"rendered":"https:\/\/wp.ufpel.edu.br\/progep\/?page_id=28862"},"modified":"2026-04-17T14:49:34","modified_gmt":"2026-04-17T17:49:34","slug":"contatos","status":"publish","type":"page","link":"https:\/\/wp.ufpel.edu.br\/progep\/contatos\/","title":{"rendered":"Rascunho Contatos"},"content":{"rendered":"<div class=\"contatosNovoStyle\">\n<div class=\"cardContato\">\n<h3>Pr\u00f3-Reitoria de Gest\u00e3o com Pessoas<\/h3>\n<hr \/>\n<div><strong>Localiza\u00e7\u00e3o<\/strong>: Sala 213, Pr\u00e9dio da Reitoria<\/div>\n<div><strong>N\u00facleo de Assessoria Administrativa<\/strong>: 3284-3971<\/div>\n<div><strong>E-mail<\/strong>: progep@ufpel.edu.br<\/div>\n<div><strong>Unidade de Atendimento e Secretaria<\/strong>: 3284-3970<\/div>\n<div><strong>Unidade de Atendimento e Secretaria (institucional)<\/strong>: (53)99983-8965<\/div>\n<\/div>\n<div class=\"cardContato\">\n<h3>CBP \u2013 Coordena\u00e7\u00e3o de Benef\u00edcios e Pagamentos<\/h3>\n<hr \/>\n<div>Sala 210 da PROGEP<\/div>\n<div><strong>Telefone<\/strong>: 3284-3973<\/div>\n<div><strong>E-mail<\/strong>: cbp@ufpel.edu.br<\/div>\n<div><strong>N\u00facleo Financeiro<\/strong>: 3284-3983<\/div>\n<div><strong>Financeiro \u2013 Whatsapp<\/strong>: 3284-3977<\/div>\n<div><strong>N\u00facleo Financeiro<\/strong>: nuf.progep@ufpel.edu.br<\/div>\n<div><strong>N\u00facleo de Benef\u00edcios<\/strong>: 3284-3982<\/div>\n<div><strong>Benef\u00edcios \u2013 Whatsapp:<\/strong> 3284-3978<\/div>\n<div><strong>N\u00facleo de Benef\u00edcios<\/strong>: beneficios@ufpel.edu.br<\/div>\n<\/div>\n<div class=\"cardContato\">\n<h3>CSQV \u2013 Coordena\u00e7\u00e3o de Sa\u00fade e Qualidade de Vida<\/h3>\n<hr \/>\n<div>Sala 201 da PROGEP<\/div>\n<div><strong>Telefone<\/strong>: 3284-3981<\/div>\n<div><strong>E-mail<\/strong>: csqv@ufpel.edu.br<\/div>\n<div><strong>Se\u00e7\u00e3o de Per\u00edcia M\u00e9dica<\/strong>: 3284-3985<\/div>\n<div><strong>Se\u00e7\u00e3o de Per\u00edcia M\u00e9dica<\/strong>: pericia.medica@ufpel.edu.br<\/div>\n<\/div>\n<div class=\"cardContato\">\n<h3>CDP \u2013 Coordena\u00e7\u00e3o de Desenvolvimento de Pessoal<\/h3>\n<hr \/>\n<div>Sala 206 da PROGEP<\/div>\n<div><strong>Telefone \u2013 Whatsapp<\/strong>: 3284-3979<\/div>\n<div><strong>Telefone<\/strong>: 3284-3980<\/div>\n<div><strong>Se\u00e7\u00e3o de Desenvolvimento na Carreira dos Servidores &#8211; E-mail<\/strong>: carreira@ufpel.edu.br<\/div>\n<div><strong>Se\u00e7\u00e3o de Forma\u00e7\u00e3o dos Servidores &#8211; E-mail<\/strong>: cdp.capacita@ufpel.edu.br<\/div>\n<\/div>\n<div class=\"cardContato\">\n<h3>CPP &#8211; Coordena\u00e7\u00e3o de Planejamento de Pessoal<\/h3>\n<hr \/>\n<div>Sala 211 da PROGEP<\/div>\n<div><strong>Telefone<\/strong>: 3284-7313<\/div>\n<div><strong>E-mail<\/strong>: cpp@ufpel.edu.br<\/div>\n<div><strong>N\u00facleo de Cadastro e Movimenta\u00e7\u00e3o de Pessoal (NUCAD)<\/strong>: 3284-3976<\/div>\n<div><strong>NUCAD\u2013 Whatsapp<\/strong>: 3284-3974<\/div>\n<div><strong>NUCAD E-mail<\/strong>: cadastro@ufpel.edu.br<\/div>\n<div><strong>N\u00facleo de Gerenciamento de Concursos e Vagas (NUGEC)<\/strong>: 3284-3976<\/div>\n<div><strong>NUGEC E-mail<\/strong>: concursos@ufpel.edu.br<\/div>\n<\/div>\n<div class=\"cardContato\">\n<h3>COLEP &#8211; Coordena\u00e7\u00e3o de Legisla\u00e7\u00e3o de Pessoal e Controle<\/h3>\n<hr \/>\n<div>Sala 213 da PROGEP<\/div>\n<div><strong>Telefone<\/strong>: 3284-3972<\/div>\n<div><strong>E-mail<\/strong>: colep@ufpel.edu.br<\/div>\n<\/div>\n<\/div>\n","protected":false},"excerpt":{"rendered":"<p>Pr\u00f3-Reitoria de Gest\u00e3o com Pessoas Localiza\u00e7\u00e3o: Sala 213, Pr\u00e9dio da Reitoria N\u00facleo de Assessoria Administrativa: 3284-3971 E-mail: progep@ufpel.edu.br Unidade de Atendimento e Secretaria: 3284-3970 Unidade de Atendimento e Secretaria (institucional): (53)99983-8965 CBP \u2013 Coordena\u00e7\u00e3o de Benef\u00edcios e Pagamentos Sala 210 da PROGEP Telefone: 3284-3973 E-mail: cbp@ufpel.edu.br N\u00facleo Financeiro: 3284-3983 Financeiro \u2013 Whatsapp: 3284-3977 N\u00facleo Financeiro: [&hellip;]<\/p>\n","protected":false},"author":21,"featured_media":0,"parent":0,"menu_order":0,"comment_status":"closed","ping_status":"closed","template":"page-sem-sidebar.php","meta":{"footnotes":""},"class_list":["post-28862","page","type-page","status-publish","hentry"],"_links":{"self":[{"href":"https:\/\/wp.ufpel.edu.br\/progep\/wp-json\/wp\/v2\/pages\/28862","targetHints":{"allow":["GET"]}}],"collection":[{"href":"https:\/\/wp.ufpel.edu.br\/progep\/wp-json\/wp\/v2\/pages"}],"about":[{"href":"https:\/\/wp.ufpel.edu.br\/progep\/wp-json\/wp\/v2\/types\/page"}],"author":[{"embeddable":true,"href":"https:\/\/wp.ufpel.edu.br\/progep\/wp-json\/wp\/v2\/users\/21"}],"replies":[{"embeddable":true,"href":"https:\/\/wp.ufpel.edu.br\/progep\/wp-json\/wp\/v2\/comments?post=28862"}],"version-history":[{"count":4,"href":"https:\/\/wp.ufpel.edu.br\/progep\/wp-json\/wp\/v2\/pages\/28862\/revisions"}],"predecessor-version":[{"id":41453,"href":"https:\/\/wp.ufpel.edu.br\/progep\/wp-json\/wp\/v2\/pages\/28862\/revisions\/41453"}],"wp:attachment":[{"href":"https:\/\/wp.ufpel.edu.br\/progep\/wp-json\/wp\/v2\/media?parent=28862"}],"curies":[{"name":"wp","href":"https:\/\/api.w.org\/{rel}","templated":true}]}}