{"id":28803,"date":"2025-02-10T15:50:18","date_gmt":"2025-02-10T18:50:18","guid":{"rendered":"https:\/\/wp.ufpel.edu.br\/progep\/?page_id=28803"},"modified":"2025-06-30T16:04:31","modified_gmt":"2025-06-30T19:04:31","slug":"trilhas-de-aprendizagem-o-chatgpt-e-suas-aplicacoes-no-escopo-da-universidade","status":"publish","type":"page","link":"https:\/\/wp.ufpel.edu.br\/progep\/trilhas-de-aprendizagem-o-chatgpt-e-suas-aplicacoes-no-escopo-da-universidade\/","title":{"rendered":"Capacita\u00e7\u00e3o: Trilhas de Aprendizagem: O ChatGPT e suas aplica\u00e7\u00f5es no escopo da Universidade"},"content":{"rendered":"<div class=\"acaoStyle\">\n<div class=\"corpoStyle\">\n<p><strong>Facilitador: <\/strong>Paulo Roberto Ferreira J\u00fanior (Docente do Centro de Desenvolvimento Tecnol\u00f3gico)<\/p>\n<p><strong>Data:<\/strong> 19\/03\/2025 (Quarta-feira)<\/p>\n<p><strong>Hor\u00e1rio: <\/strong>das 8h30min \u00e0s 11h30min<\/p>\n<p><strong>Modalidade: <\/strong>Presencial<\/p>\n<p><strong>Local: <\/strong>Audit\u00f3rio Acad\u00eamico<\/p>\n<p><strong>Ementa: <\/strong>Esta Trilha de Aprendizagem abordar\u00e1 o potencial do ChatGPT no ambiente universit\u00e1rio, destacando suas aplica\u00e7\u00f5es no suporte acad\u00eamico, administrativo e na inova\u00e7\u00e3o em ensino e pesquisa. Ser\u00e3o discutidas boas pr\u00e1ticas de uso, limita\u00e7\u00f5es e desafios \u00e9ticos, al\u00e9m de exemplos pr\u00e1ticos de como essa tecnologia pode otimizar o trabalho dos (as) servidores(as).<br \/>\n<strong><br \/>\n<\/strong><strong>P\u00fablico Alvo<\/strong>: Servidores(as) docentes, TAE\u2019s e trabalhadores(as) terceirizados(as) ativos(as) da UFPel*<\/p>\n<p><strong>Per\u00edodo de inscri\u00e7\u00e3o<\/strong>: 27\/02 a 16\/03\/2025<\/p>\n<p><strong>Divulga\u00e7\u00e3o das inscri\u00e7\u00f5es homologadas<\/strong>: 17\/03**, nesta p\u00e1gina.<\/p>\n<p>*Considerando a Pol\u00edtica Nacional de Desenvolvimento de Pessoas, conforme Decreto n\u00ba 9.991\/19, somente ser\u00e3o certificados os servidores p\u00fablicos pertencentes ao Quadro Efetivo da UFPel;<br \/>\n** Quando homologadas as inscri\u00e7\u00f5es, os selecionados receber\u00e3o e-mail de confirma\u00e7\u00e3o com instru\u00e7\u00f5es.<\/p>\n<p>Observa\u00e7\u00e3o: A homologa\u00e7\u00e3o das inscri\u00e7\u00f5es dos(as) trabalhadores(as) terceirizados ficar\u00e1 condicionada \u00e0 an\u00e1lise pr\u00e9via e manifesta\u00e7\u00e3o por parte do NUGEST\/PRA.<\/p>\n<p><span style=\"color: #ff6600\"><strong><a href=\"https:\/\/wp.ufpel.edu.br\/progep\/files\/2025\/03\/Homologacao-O-ChatGPT-e-suas-Aplicacoes-no-escopo-da-Universidade.pdf\" target=\"_blanck\">Confira as inscri\u00e7\u00f5es homologadas aqui<\/a><\/strong><\/span><\/p>\n<\/div>\n<\/div>\n","protected":false},"excerpt":{"rendered":"<p>Facilitador: Paulo Roberto Ferreira J\u00fanior (Docente do Centro de Desenvolvimento Tecnol\u00f3gico) Data: 19\/03\/2025 (Quarta-feira) Hor\u00e1rio: das 8h30min \u00e0s 11h30min Modalidade: Presencial Local: Audit\u00f3rio Acad\u00eamico Ementa: Esta Trilha de Aprendizagem abordar\u00e1 o potencial do ChatGPT no ambiente universit\u00e1rio, destacando suas aplica\u00e7\u00f5es no suporte acad\u00eamico, administrativo e na inova\u00e7\u00e3o em ensino e pesquisa. Ser\u00e3o discutidas boas pr\u00e1ticas [&hellip;]<\/p>\n","protected":false},"author":21,"featured_media":0,"parent":0,"menu_order":0,"comment_status":"closed","ping_status":"closed","template":"","meta":{"footnotes":""},"class_list":["post-28803","page","type-page","status-publish","hentry"],"_links":{"self":[{"href":"https:\/\/wp.ufpel.edu.br\/progep\/wp-json\/wp\/v2\/pages\/28803","targetHints":{"allow":["GET"]}}],"collection":[{"href":"https:\/\/wp.ufpel.edu.br\/progep\/wp-json\/wp\/v2\/pages"}],"about":[{"href":"https:\/\/wp.ufpel.edu.br\/progep\/wp-json\/wp\/v2\/types\/page"}],"author":[{"embeddable":true,"href":"https:\/\/wp.ufpel.edu.br\/progep\/wp-json\/wp\/v2\/users\/21"}],"replies":[{"embeddable":true,"href":"https:\/\/wp.ufpel.edu.br\/progep\/wp-json\/wp\/v2\/comments?post=28803"}],"version-history":[{"count":21,"href":"https:\/\/wp.ufpel.edu.br\/progep\/wp-json\/wp\/v2\/pages\/28803\/revisions"}],"predecessor-version":[{"id":34223,"href":"https:\/\/wp.ufpel.edu.br\/progep\/wp-json\/wp\/v2\/pages\/28803\/revisions\/34223"}],"wp:attachment":[{"href":"https:\/\/wp.ufpel.edu.br\/progep\/wp-json\/wp\/v2\/media?parent=28803"}],"curies":[{"name":"wp","href":"https:\/\/api.w.org\/{rel}","templated":true}]}}