{"id":2879,"date":"2012-03-22T10:55:48","date_gmt":"2012-03-22T13:55:48","guid":{"rendered":"https:\/\/wp.ufpel.edu.br\/prgrh\/"},"modified":"2012-06-12T13:03:42","modified_gmt":"2012-06-12T16:03:42","slug":"cursos-de-capacitacao-2012","status":"publish","type":"page","link":"https:\/\/wp.ufpel.edu.br\/progep\/cdp\/cursos-de-capacitacao-2012\/","title":{"rendered":"Cursos de Capacita\u00e7\u00e3o \u2013 2012"},"content":{"rendered":"<p><span style=\"color: #ff6600\">Aspectos Gramaticais da L\u00edngua Portuguesa<\/span><br \/>\nCarga Hor\u00e1ria: 60h<br \/>\nIn\u00edcio: 11\/04<br \/>\nPrevis\u00e3o de T\u00e9rmino: 01\/06<br \/>\nAulas: Quartas e sextas, das 8h \u00e0s 12h<br \/>\nLocal: Liceu, sala 03<br \/>\nMinistrante: Rejane Flor Machado<\/p>\n<p><span style=\"color: #ff6600\">Leitura e Produ\u00e7\u00e3o Textual<br \/>\n<\/span>Carga Hor\u00e1ria: 120h<br \/>\nIn\u00edcio: 10\/04<br \/>\nPrevis\u00e3o de T\u00e9rmino: 27\/07<br \/>\nAulas: ter\u00e7as e sextas, das 8h \u00e0s 12h<br \/>\nLocal: Liceu, sala 04<br \/>\nMinistrantes: Let\u00edcia F. Richthofen de Freitas\/Cleide Ines Wittke<\/p>\n<p><span style=\"color: #ff6600\">Leitura em L\u00edngua Espanhola<\/span><br \/>\nCarga Hor\u00e1ria: 60h<br \/>\nIn\u00edcio: 03\/05<br \/>\nPrevis\u00e3o de T\u00e9rmino: 12\/07<br \/>\nAulas: segundas, das 14h \u00e0s 17h e quintas, das 9h \u00e0s 12h<br \/>\nLocal: Liceu, sala 04<br \/>\nMinistrante: Ana L\u00facia Cavalheiro<\/p>\n<p><span style=\"color: #ff6600\">Leitura em L\u00edngua Inglesa<\/span><br \/>\nCarga Hor\u00e1ria: 60h<br \/>\nIn\u00edcio: 03\/05<br \/>\nPrevis\u00e3o de T\u00e9rmino: 12\/07<br \/>\nAulas: ter\u00e7as e quintas, das 9h \u00e0s 12h<br \/>\nLocal: Liceu, sala 03<br \/>\nMinistrante: Silvia Costa Kurtz dos Santos<\/p>\n<p><span style=\"color: #ff6600\">L\u00edngua Brasileira de Sinais \u2013 M\u00f3dulo B\u00e1sico<br \/>\n<\/span>Carga Hor\u00e1ria: 90h<br \/>\nIn\u00edcio: 16\/04<br \/>\nPrevis\u00e3o de T\u00e9rmino: 01\/08<br \/>\nAulas: Segundas, das 14h \u00e0s 17h e Quartas, das 18h30min \u00e0s 21h30min<br \/>\nLocal: segunda no Liceu, sala 03 e quarta no Mercosul (miniaudit\u00f3rio)<br \/>\nMinistrante: Fabiano Souto Rosa e Ivana Gomes da Silva<\/p>\n<p><span style=\"color: #ff6600\">L\u00edngua Inglesa \u2013 M\u00f3dulo IV<br \/>\n<\/span>Carga Hor\u00e1ria: 90h<br \/>\nIn\u00edcio: 27\/03<br \/>\nPrevis\u00e3o de T\u00e9rmino: 19\/06<br \/>\nAulas: Ter\u00e7as, das 8h30min \u00e0s 12h e quintas, das 13h30min \u00e0s 17h30min<br \/>\nLocal: Col\u00e9gio Gonzaga (sala no 3\u00ba andar, \u00e1rea administrativa)<br \/>\nMinistrante: Janie Cristine do Amaral Gon\u00e7alves<\/p>\n<p><span style=\"color: #ff6600\">PCCTAE<\/span><br \/>\nCarga Hor\u00e1ria: 90h<br \/>\nIn\u00edcio: 09\/04<br \/>\nPrevis\u00e3o de T\u00e9rmino: 27\/06<br \/>\nAulas: segundas e quartas, das 8h \u00e0s 12h<br \/>\nLocal: Liceu, sala 04<br \/>\nMinistrante: Sergio Batista Christino<\/p>\n<p><span style=\"color: #ff6600\">Pol\u00edtica Nacional de Res\u00edduos S\u00f3lidos &#8211; 2\u00baEtapa<br \/>\n<span style=\"color: #000000\">Carga Hor\u00e1ria: 120h (dividida em duas etapas de 60h)<br \/>\nIn\u00edcio: 05\/03<br \/>\nPrevis\u00e3o de T\u00e9rmino: 23\/04<br \/>\nAulas:\u00a0segundas e quintas, das 8h \u00e0s 12h<br \/>\nLocal: Campus Porto, sala da p\u00f3s-gradua\u00e7\u00e3o da FAT<br \/>\nMinistrante: Pablo Machado Mendes<\/span><\/span><\/p>\n<p><span style=\"color: #ff6600\">Reforma Ortogr\u00e1fica<\/span><\/p>\n<p><span style=\"color: #ff6600\"> <span style=\"color: #000000\">Carga Hor\u00e1ria: 16h<br \/>\nIn\u00edcio: 11\/04<br \/>\nPrevis\u00e3o de T\u00e9rmino: 02\/05<br \/>\nAulas: Quartas, das 14h \u00e0s 18h<br \/>\nLocal: Mercosul (miniaudit\u00f3rio)<br \/>\nMinistrante: Rejane Flor Machado<\/span><\/span><\/p>\n<p><span style=\"color: #ff6600\">Regime Jur\u00eddico dos Servidores P\u00fablicos Civis da Uni\u00e3o<br \/>\n<span style=\"color: #000000\">Carga Hor\u00e1ria: 90h<br \/>\n<\/span><\/span>In\u00edcio: 10\/04<br \/>\nPrevis\u00e3o de T\u00e9rmino: 28\/06<br \/>\nAulas: Ter\u00e7as e Quintas, das 14h \u00e0s 18h<br \/>\nLocal: Mercosul (miniaudit\u00f3rio)<br \/>\nMinistrante: Sergio de Souza Silveira<\/p>\n<p><a href=\"https:\/\/wp.ufpel.edu.br\/prgrh\/files\/2012\/03\/Liberacao-da-chefia-imediata-para-cursos1.pdf\">Libera\u00e7\u00e3o da Chefia para cursos<\/a>\u00a0(entregar no primeiro dia de aula)<\/p>\n","protected":false},"excerpt":{"rendered":"<p>Aspectos Gramaticais da L\u00edngua Portuguesa Carga Hor\u00e1ria: 60h In\u00edcio: 11\/04 Previs\u00e3o de T\u00e9rmino: 01\/06 Aulas: Quartas e sextas, das 8h \u00e0s 12h Local: Liceu, sala 03 Ministrante: Rejane Flor Machado Leitura e Produ\u00e7\u00e3o Textual Carga Hor\u00e1ria: 120h In\u00edcio: 10\/04 Previs\u00e3o de T\u00e9rmino: 27\/07 Aulas: ter\u00e7as e sextas, das 8h \u00e0s 12h Local: Liceu, sala 04 [&hellip;]<\/p>\n","protected":false},"author":21,"featured_media":0,"parent":296,"menu_order":7,"comment_status":"closed","ping_status":"open","template":"","meta":{"footnotes":""},"class_list":["post-2879","page","type-page","status-publish","hentry"],"_links":{"self":[{"href":"https:\/\/wp.ufpel.edu.br\/progep\/wp-json\/wp\/v2\/pages\/2879","targetHints":{"allow":["GET"]}}],"collection":[{"href":"https:\/\/wp.ufpel.edu.br\/progep\/wp-json\/wp\/v2\/pages"}],"about":[{"href":"https:\/\/wp.ufpel.edu.br\/progep\/wp-json\/wp\/v2\/types\/page"}],"author":[{"embeddable":true,"href":"https:\/\/wp.ufpel.edu.br\/progep\/wp-json\/wp\/v2\/users\/21"}],"replies":[{"embeddable":true,"href":"https:\/\/wp.ufpel.edu.br\/progep\/wp-json\/wp\/v2\/comments?post=2879"}],"version-history":[{"count":34,"href":"https:\/\/wp.ufpel.edu.br\/progep\/wp-json\/wp\/v2\/pages\/2879\/revisions"}],"predecessor-version":[{"id":3321,"href":"https:\/\/wp.ufpel.edu.br\/progep\/wp-json\/wp\/v2\/pages\/2879\/revisions\/3321"}],"up":[{"embeddable":true,"href":"https:\/\/wp.ufpel.edu.br\/progep\/wp-json\/wp\/v2\/pages\/296"}],"wp:attachment":[{"href":"https:\/\/wp.ufpel.edu.br\/progep\/wp-json\/wp\/v2\/media?parent=2879"}],"curies":[{"name":"wp","href":"https:\/\/api.w.org\/{rel}","templated":true}]}}