{"id":28638,"date":"2025-02-06T14:48:16","date_gmt":"2025-02-06T17:48:16","guid":{"rendered":"https:\/\/wp.ufpel.edu.br\/progep\/?page_id=28638"},"modified":"2025-07-04T14:21:13","modified_gmt":"2025-07-04T17:21:13","slug":"atencao-a-saude","status":"publish","type":"page","link":"https:\/\/wp.ufpel.edu.br\/progep\/atencao-a-saude\/","title":{"rendered":"Atenc\u00e3o \u00e0 Sa\u00fade"},"content":{"rendered":"\n<div class=\"wp-block-group\"><div class=\"wp-block-group__inner-container is-layout-constrained wp-block-group-is-layout-constrained\">\n<div class=\"logoTituloModelStyle\"><img class=\"size-medium wp-image-27184 alignleft\" src=\"https:\/\/wp.ufpel.edu.br\/progep\/files\/2025\/03\/logo-progep_atualizacao-nome_AZUL.png\" alt=\"\" \/><\/p>\n<div><strong>Atenc\u00e3o \u00e0 Sa\u00fade<\/strong><\/div>\n<\/div>\n<hr class=\"hrModelStyle\" \/>\n<div class=\"descriptionModelStyle\">Na \u00e1rea de aten\u00e7\u00e3o \u00e0 sa\u00fade, a equipe multidisciplinar faz o acolhimento e acompanhamento de servidores\/as. Confira abaixo as a\u00e7\u00f5es de promo\u00e7\u00e3o de sa\u00fade.<\/div>\n<\/div><\/div>\n\n<br \/>\n<div class=\"atencaoSaude\">\n<a href=\"https:\/\/wp.ufpel.edu.br\/progep\/?page_id=23058&amp;preview=true\">Programa Viva Bem UFPEL<\/a><br \/>\n<a href=\"https:\/\/wp.ufpel.edu.br\/progep\/programa-de-educacao-para-aposentadoria-evoluidade\/\">Programa de Educa\u00e7\u00e3o para Aposentadoria (Evoluidade)<\/a><br \/>\n<a href=\"https:\/\/wp.ufpel.edu.br\/progep\/?page_id=23020&amp;preview=true\">Acompanhamento psicossocial do servidor<\/a>\n<\/div>","protected":false},"excerpt":{"rendered":"<p>Atenc\u00e3o \u00e0 Sa\u00fade Na \u00e1rea de aten\u00e7\u00e3o \u00e0 sa\u00fade, a equipe multidisciplinar faz o acolhimento e acompanhamento de servidores\/as. Confira abaixo as a\u00e7\u00f5es de promo\u00e7\u00e3o de sa\u00fade. Programa Viva Bem UFPEL Programa de Educa\u00e7\u00e3o para Aposentadoria (Evoluidade) Acompanhamento psicossocial do servidor<\/p>\n","protected":false},"author":21,"featured_media":0,"parent":0,"menu_order":0,"comment_status":"closed","ping_status":"closed","template":"","meta":{"footnotes":""},"class_list":["post-28638","page","type-page","status-publish","hentry"],"_links":{"self":[{"href":"https:\/\/wp.ufpel.edu.br\/progep\/wp-json\/wp\/v2\/pages\/28638","targetHints":{"allow":["GET"]}}],"collection":[{"href":"https:\/\/wp.ufpel.edu.br\/progep\/wp-json\/wp\/v2\/pages"}],"about":[{"href":"https:\/\/wp.ufpel.edu.br\/progep\/wp-json\/wp\/v2\/types\/page"}],"author":[{"embeddable":true,"href":"https:\/\/wp.ufpel.edu.br\/progep\/wp-json\/wp\/v2\/users\/21"}],"replies":[{"embeddable":true,"href":"https:\/\/wp.ufpel.edu.br\/progep\/wp-json\/wp\/v2\/comments?post=28638"}],"version-history":[{"count":13,"href":"https:\/\/wp.ufpel.edu.br\/progep\/wp-json\/wp\/v2\/pages\/28638\/revisions"}],"predecessor-version":[{"id":34735,"href":"https:\/\/wp.ufpel.edu.br\/progep\/wp-json\/wp\/v2\/pages\/28638\/revisions\/34735"}],"wp:attachment":[{"href":"https:\/\/wp.ufpel.edu.br\/progep\/wp-json\/wp\/v2\/media?parent=28638"}],"curies":[{"name":"wp","href":"https:\/\/api.w.org\/{rel}","templated":true}]}}