{"id":28633,"date":"2025-02-06T11:42:20","date_gmt":"2025-02-06T14:42:20","guid":{"rendered":"https:\/\/wp.ufpel.edu.br\/progep\/?page_id=28633"},"modified":"2025-07-04T14:18:11","modified_gmt":"2025-07-04T17:18:11","slug":"pericia-medica-oficial","status":"publish","type":"page","link":"https:\/\/wp.ufpel.edu.br\/progep\/pericia-medica-oficial\/","title":{"rendered":"Per\u00edcia M\u00e9dica Oficial"},"content":{"rendered":"\n<div class=\"wp-block-group\"><div class=\"wp-block-group__inner-container is-layout-constrained wp-block-group-is-layout-constrained\">\n<div class=\"logoTituloModelStyle\"><img class=\"size-medium wp-image-27184 alignleft\" src=\"https:\/\/wp.ufpel.edu.br\/progep\/files\/2025\/03\/logo-progep_atualizacao-nome_AZUL.png\" alt=\"\" \/>\n<div><strong>Per\u00edcia M\u00e9dica Oficial<\/strong><\/div>\n<\/div>\n<hr class=\"hrModelStyle\" \/>\n<div class=\"descriptionModelStyle\">Na <strong>Se\u00e7\u00e3o de Per\u00edcia M\u00e9dica<\/strong>, a avalia\u00e7\u00e3o m\u00e9dica\/odontol\u00f3gica pericial trata sobre concess\u00e3o de licen\u00e7as e direitos aos\/as servidores\/as. Seguem abaixo os servi\u00e7os dispon\u00edveis:<\/div>\n<\/div><\/div>\n\n<br \/>\n<div class=\"periciaMedica\">\n<a href=\"https:\/\/wp.ufpel.edu.br\/progep\/csqv\/ciat-comunicacao-interna-de-acidente-de-trabalho\/\">Acidente em Servi\u00e7o \/ Trabalho<\/a><br \/>\n<a href=\"https:\/\/wp.ufpel.edu.br\/progep\/?page_id=23066&amp;preview=true\">Avalia\u00e7\u00e3o para concess\u00e3o de hor\u00e1rio especial<\/a><br \/>\n<a href=\"https:\/\/wp.ufpel.edu.br\/progep\/csqv\/isencao-do-imposto-de-renda\/\">Avalia\u00e7\u00e3o para fins de Isen\u00e7\u00e3o de Imposto de Renda<\/a><br \/>\n<a href=\"https:\/\/wp.ufpel.edu.br\/progep\/?page_id=23050&amp;preview=true\">Exames Admissionais<\/a><br \/>\n<a href=\"https:\/\/wp.ufpel.edu.br\/progep\/?page_id=23054&amp;preview=true\">Licen\u00e7a Para Acompanhamento de familiar enfermo<\/a><br \/>\n<a href=\"https:\/\/wp.ufpel.edu.br\/progep\/csqv\/licenca-para-tratamento-de-saude-servidor-a\/\">Licen\u00e7a para Tratamento de Sa\u00fade<\/a><br \/>\n<a href=\"https:\/\/wp.ufpel.edu.br\/progep\/?page_id=23070&amp;preview=true\">Regime Domiciliar de Atividades (estudantes)<\/a><br \/>\n<a href=\"https:\/\/wp.ufpel.edu.br\/progep\/relatorio-de-licencas-para-tratamento-de-saude\">Relat\u00f3rio de Licen\u00e7as para Tratamento de Sa\u00fade<\/a>\n<\/div>","protected":false},"excerpt":{"rendered":"<p>Per\u00edcia M\u00e9dica Oficial Na Se\u00e7\u00e3o de Per\u00edcia M\u00e9dica, a avalia\u00e7\u00e3o m\u00e9dica\/odontol\u00f3gica pericial trata sobre concess\u00e3o de licen\u00e7as e direitos aos\/as servidores\/as. Seguem abaixo os servi\u00e7os dispon\u00edveis: Acidente em Servi\u00e7o \/ Trabalho Avalia\u00e7\u00e3o para concess\u00e3o de hor\u00e1rio especial Avalia\u00e7\u00e3o para fins de Isen\u00e7\u00e3o de Imposto de Renda Exames Admissionais Licen\u00e7a Para Acompanhamento de familiar enfermo Licen\u00e7a [&hellip;]<\/p>\n","protected":false},"author":21,"featured_media":0,"parent":0,"menu_order":0,"comment_status":"closed","ping_status":"closed","template":"","meta":{"footnotes":""},"class_list":["post-28633","page","type-page","status-publish","hentry"],"_links":{"self":[{"href":"https:\/\/wp.ufpel.edu.br\/progep\/wp-json\/wp\/v2\/pages\/28633","targetHints":{"allow":["GET"]}}],"collection":[{"href":"https:\/\/wp.ufpel.edu.br\/progep\/wp-json\/wp\/v2\/pages"}],"about":[{"href":"https:\/\/wp.ufpel.edu.br\/progep\/wp-json\/wp\/v2\/types\/page"}],"author":[{"embeddable":true,"href":"https:\/\/wp.ufpel.edu.br\/progep\/wp-json\/wp\/v2\/users\/21"}],"replies":[{"embeddable":true,"href":"https:\/\/wp.ufpel.edu.br\/progep\/wp-json\/wp\/v2\/comments?post=28633"}],"version-history":[{"count":14,"href":"https:\/\/wp.ufpel.edu.br\/progep\/wp-json\/wp\/v2\/pages\/28633\/revisions"}],"predecessor-version":[{"id":34731,"href":"https:\/\/wp.ufpel.edu.br\/progep\/wp-json\/wp\/v2\/pages\/28633\/revisions\/34731"}],"wp:attachment":[{"href":"https:\/\/wp.ufpel.edu.br\/progep\/wp-json\/wp\/v2\/media?parent=28633"}],"curies":[{"name":"wp","href":"https:\/\/api.w.org\/{rel}","templated":true}]}}