{"id":28577,"date":"2025-02-05T15:43:07","date_gmt":"2025-02-05T18:43:07","guid":{"rendered":"https:\/\/wp.ufpel.edu.br\/progep\/?page_id=28577"},"modified":"2025-07-04T15:32:28","modified_gmt":"2025-07-04T18:32:28","slug":"selecao-de-tre","status":"publish","type":"page","link":"https:\/\/wp.ufpel.edu.br\/progep\/selecao-de-tre\/","title":{"rendered":"Sele\u00e7\u00e3o Tribunal Regional Eleitoral"},"content":{"rendered":"\n<div class=\"wp-block-group\"><div class=\"wp-block-group__inner-container is-layout-constrained wp-block-group-is-layout-constrained\">\n<div class=\"logoTituloModelStyle\"><img class=\"size-medium wp-image-27184 alignleft\" src=\"https:\/\/wp.ufpel.edu.br\/progep\/files\/2025\/03\/logo-progep_atualizacao-nome_AZUL.png\" alt=\"\" \/><\/p>\n<div style=\"padding: 2rem 0\"><strong>Sele\u00e7\u00e3o Tribunal Regional Eleitoral<\/strong><\/div>\n<\/div>\n<hr class=\"hrModelStyle\" \/>\n<div class=\"descriptionModelStyle\">Selecione abaixo o <strong>edital do TRE<\/strong> desejado.<\/div>\n<\/div><\/div>\n\n\n<div class=\"botaoStyle botaoSmallStyle treBotaoStyle\">\n\n<a class=\"treColor1\" href=\"https:\/\/wp.ufpel.edu.br\/progep\/edital-de-selecao-tre\/\" rel=\"noopener\"> Edital de Sele\u00e7\u00e3o TRE 2023 <\/a>\n<a class=\"treColor2\" href=\"https:\/\/wp.ufpel.edu.br\/progep\/edital-de-selecao-tre-2024\/\" rel=\"noopener\"> Edital de Sele\u00e7\u00e3o TRE 2024 <\/a>\n\n<\/div>\n\n\n","protected":false},"excerpt":{"rendered":"<p>Sele\u00e7\u00e3o Tribunal Regional Eleitoral Selecione abaixo o edital do TRE desejado. Edital de Sele\u00e7\u00e3o TRE 2023 Edital de Sele\u00e7\u00e3o TRE 2024<\/p>\n","protected":false},"author":21,"featured_media":0,"parent":0,"menu_order":0,"comment_status":"closed","ping_status":"closed","template":"","meta":{"footnotes":""},"class_list":["post-28577","page","type-page","status-publish","hentry"],"_links":{"self":[{"href":"https:\/\/wp.ufpel.edu.br\/progep\/wp-json\/wp\/v2\/pages\/28577","targetHints":{"allow":["GET"]}}],"collection":[{"href":"https:\/\/wp.ufpel.edu.br\/progep\/wp-json\/wp\/v2\/pages"}],"about":[{"href":"https:\/\/wp.ufpel.edu.br\/progep\/wp-json\/wp\/v2\/types\/page"}],"author":[{"embeddable":true,"href":"https:\/\/wp.ufpel.edu.br\/progep\/wp-json\/wp\/v2\/users\/21"}],"replies":[{"embeddable":true,"href":"https:\/\/wp.ufpel.edu.br\/progep\/wp-json\/wp\/v2\/comments?post=28577"}],"version-history":[{"count":12,"href":"https:\/\/wp.ufpel.edu.br\/progep\/wp-json\/wp\/v2\/pages\/28577\/revisions"}],"predecessor-version":[{"id":34816,"href":"https:\/\/wp.ufpel.edu.br\/progep\/wp-json\/wp\/v2\/pages\/28577\/revisions\/34816"}],"wp:attachment":[{"href":"https:\/\/wp.ufpel.edu.br\/progep\/wp-json\/wp\/v2\/media?parent=28577"}],"curies":[{"name":"wp","href":"https:\/\/api.w.org\/{rel}","templated":true}]}}