{"id":28508,"date":"2025-02-05T12:56:17","date_gmt":"2025-02-05T15:56:17","guid":{"rendered":"https:\/\/wp.ufpel.edu.br\/progep\/?page_id=28508"},"modified":"2025-07-02T15:20:49","modified_gmt":"2025-07-02T18:20:49","slug":"servidores-da-instituicao","status":"publish","type":"page","link":"https:\/\/wp.ufpel.edu.br\/progep\/servidores-da-instituicao\/","title":{"rendered":"Servidores\/as da Institui\u00e7\u00e3o"},"content":{"rendered":"\n<div class=\"wp-block-group\"><div class=\"wp-block-group__inner-container is-layout-constrained wp-block-group-is-layout-constrained\">\n<div class=\"logoTituloModelStyle\"><img class=\"size-medium wp-image-27184 alignleft\" src=\"https:\/\/wp.ufpel.edu.br\/progep\/files\/2025\/03\/logo-progep_atualizacao-nome_AZUL.png\" alt=\"\" \/><\/p>\n<div><strong>Servidores\/as da Institui\u00e7\u00e3o<\/strong><\/div>\n<\/div>\n<hr class=\"hrModelStyle\" \/>\n<div class=\"descriptionModelStyle\">Selcione nos bot\u00f5es abaixo entre as op\u00e7\u00f5es de <em>gr\u00e1fico<\/em>, <em>lista<\/em> e <em>fun\u00e7\u00e3o<\/em>. Neles os\/as servidores\/as ser\u00e3o apresentados por meio de um gr\u00e1fico, listagem e qual fun\u00e7\u00e3o exerce na institui\u00e7\u00e3o.\u00a0<\/div>\n<\/div><\/div>\n\n\n<div class=\"botaoStyle servInsituicaoStyle\">\n<a class=\"graf-hover\" href=\"https:\/\/sippag-web.ufpel.edu.br\/transparencia\/institucional\/graficos\" target=\"_blank\" rel=\"noopener\"> Gr\u00e1ficos <\/a>\n<a class=\"list-hover\" href=\"https:\/\/sippag-web.ufpel.edu.br\/transparencia\/institucional\/lista\" target=\"_blank\" rel=\"noopener\"> Servidores\/as <\/a>\n<a class=\"func-hover\" href=\"https:\/\/sippag-web.ufpel.edu.br\/consulta_funcao\" target=\"_blank\" rel=\"noopener\"> Fun\u00e7\u00e3o <\/a>\n<\/div>","protected":false},"excerpt":{"rendered":"<p>Servidores\/as da Institui\u00e7\u00e3o Selcione nos bot\u00f5es abaixo entre as op\u00e7\u00f5es de gr\u00e1fico, lista e fun\u00e7\u00e3o. Neles os\/as servidores\/as ser\u00e3o apresentados por meio de um gr\u00e1fico, listagem e qual fun\u00e7\u00e3o exerce na institui\u00e7\u00e3o.\u00a0 Gr\u00e1ficos Servidores\/as Fun\u00e7\u00e3o<\/p>\n","protected":false},"author":21,"featured_media":0,"parent":0,"menu_order":0,"comment_status":"closed","ping_status":"closed","template":"","meta":{"footnotes":""},"class_list":["post-28508","page","type-page","status-publish","hentry"],"_links":{"self":[{"href":"https:\/\/wp.ufpel.edu.br\/progep\/wp-json\/wp\/v2\/pages\/28508","targetHints":{"allow":["GET"]}}],"collection":[{"href":"https:\/\/wp.ufpel.edu.br\/progep\/wp-json\/wp\/v2\/pages"}],"about":[{"href":"https:\/\/wp.ufpel.edu.br\/progep\/wp-json\/wp\/v2\/types\/page"}],"author":[{"embeddable":true,"href":"https:\/\/wp.ufpel.edu.br\/progep\/wp-json\/wp\/v2\/users\/21"}],"replies":[{"embeddable":true,"href":"https:\/\/wp.ufpel.edu.br\/progep\/wp-json\/wp\/v2\/comments?post=28508"}],"version-history":[{"count":8,"href":"https:\/\/wp.ufpel.edu.br\/progep\/wp-json\/wp\/v2\/pages\/28508\/revisions"}],"predecessor-version":[{"id":30530,"href":"https:\/\/wp.ufpel.edu.br\/progep\/wp-json\/wp\/v2\/pages\/28508\/revisions\/30530"}],"wp:attachment":[{"href":"https:\/\/wp.ufpel.edu.br\/progep\/wp-json\/wp\/v2\/media?parent=28508"}],"curies":[{"name":"wp","href":"https:\/\/api.w.org\/{rel}","templated":true}]}}