{"id":28334,"date":"2025-01-31T16:10:48","date_gmt":"2025-01-31T19:10:48","guid":{"rendered":"https:\/\/wp.ufpel.edu.br\/progep\/?page_id=28334"},"modified":"2025-12-26T13:30:44","modified_gmt":"2025-12-26T16:30:44","slug":"transparencia","status":"publish","type":"page","link":"https:\/\/wp.ufpel.edu.br\/progep\/transparencia\/","title":{"rendered":"Transpar\u00eancia"},"content":{"rendered":"\n<div class=\"wp-block-group\"><div class=\"wp-block-group__inner-container is-layout-constrained wp-block-group-is-layout-constrained\">\n<div class=\"logoTituloModelStyle\"><img class=\"size-medium wp-image-27184 alignleft\" src=\"https:\/\/wp.ufpel.edu.br\/progep\/files\/2025\/03\/logo-progep_atualizacao-nome_AZUL.png\" alt=\"\" \/><\/p>\n<div style=\"font-size: 30pt;padding: 2rem 0 3rem\"><strong>Transpar\u00eancia<\/strong><\/div>\n<\/div>\n<hr class=\"hrModelStyle\" \/>\n<div class=\"descriptionModelStyle\">Encontre na p\u00e1gina de <strong>Transpar\u00eancia<\/strong> da <em>PROGEP, <\/em>editais, portarias, relat\u00f3rios, entre outros dados pertinentes de divulga\u00e7\u00e3o. Escolha nos bot\u00f5es abaixo a op\u00e7\u00e3o desejada.<\/div>\n<\/div><\/div>\n\n\n<div class=\"quadradosSimplesStyle transparenciaStyle\">\n<a class=\"com-hover\" href=\"https:\/\/wp.ufpel.edu.br\/progep\/comunicados-progep\/\" rel=\"noopener\"> Comunicados<\/a>\n<a class=\"nor-hover\" href=\"https:\/\/wp.ufpel.edu.br\/progep\/normativos-progep\/\" rel=\"noopener\"> Normativos<\/a>\n<a class=\"port-hover\" href=\"https:\/\/reitoria.ufpel.edu.br\/portarias\/\" target=\"_blank\" rel=\"noopener\"> Portarias <\/a>\n<a class=\"edital-hover\" href=\"https:\/\/wp.ufpel.edu.br\/progep\/editais\/\" rel=\"noopener\"> Editais <\/a>\n<a class=\"nomear-hover\" href=\"https:\/\/wp.ufpel.edu.br\/progep\/acompanhamento-de-nomeacoes-convocacoes\/\" rel=\"noopener\"> Nomea\u00e7\u00f5es e Convoca\u00e7\u00f5es <\/a>\n<a class=\"serv-hover\" href=\"https:\/\/wp.ufpel.edu.br\/progep\/servidores-da-instituicao\/\" rel=\"noopener\"> Servidores\/as da Insitui\u00e7\u00e3o <\/a>\n<a class=\"vivabem-hover\" href=\"https:\/\/wp.ufpel.edu.br\/progep\/programa-viva-bem-ufpel\/\" rel=\"noopener\"> Programa Viva Bem UFPEL <\/a>\n<a class=\"capac-hover\" href=\"https:\/\/wp.ufpel.edu.br\/progep\/transparencia-de-capacitacao\/\" rel=\"noopener\"> Transpar\u00eancia de Capacita\u00e7\u00e3o <\/a>\n<a class=\"pdp-hover\" href=\"https:\/\/wp.ufpel.edu.br\/progep\/pdp\/\" rel=\"noopener\"> Plano de Desenvolvimento de Pessoas (PDP) <\/a>\n<a class=\"matriz-hover\" href=\"https:\/\/wp.ufpel.edu.br\/progep\/matriz-de-referencia-adm-uacad\/\" rel=\"noopener\">Matriz de Refer\u00eancia de Servidores\/as Administrativos\/as das Unidades Acad\u00eamicas<\/a>\n<a class=\"funeral-hover\" href=\"https:\/\/wp.ufpel.edu.br\/progep\/administracao-de-pessoal\/manual-do-servidor\/pensao-civil-e-auxilio-funeral\/administracao-de-pessoal-auxilio-funeral\/\" rel=\"noopener\"> Transpar\u00eancia de Aux\u00edlio Funeral <\/a>\n<a class=\"banco-hover\" href=\"https:\/\/wp.ufpel.edu.br\/progep\/administracao-de-pessoal\/banco-de-professor-equivalente\/\" rel=\"noopener\"> Banco de Professor Equivalente <\/a>\n<a class=\"quadro-hover\" href=\"https:\/\/wp.ufpel.edu.br\/progep\/quadro-de-referencias-de-tas\/\" rel=\"noopener\"> Quadro de Refer\u00eancias de T\u00e9cnicos\/as Administrativos\/as<\/a>\n<a class=\"conflito-hover\" href=\"https:\/\/wp.ufpel.edu.br\/progep\/conflito-de-interesses\/\" rel=\"noopener\"> Conflito de Interesses <\/a>\n<a class=\"relatorio-hover\" href=\"https:\/\/wp.ufpel.edu.br\/progep\/relatorio-gestao-progep-2021-2024\/\" rel=\"noopener\"> Relat\u00f3rio Gest\u00e3o PROGEP 2021-2024 <\/a>\n<\/div>","protected":false},"excerpt":{"rendered":"<p>Transpar\u00eancia Encontre na p\u00e1gina de Transpar\u00eancia da PROGEP, editais, portarias, relat\u00f3rios, entre outros dados pertinentes de divulga\u00e7\u00e3o. Escolha nos bot\u00f5es abaixo a op\u00e7\u00e3o desejada. Comunicados Normativos Portarias Editais Nomea\u00e7\u00f5es e Convoca\u00e7\u00f5es Servidores\/as da Insitui\u00e7\u00e3o Programa Viva Bem UFPEL Transpar\u00eancia de Capacita\u00e7\u00e3o Plano de Desenvolvimento de Pessoas (PDP) Matriz de Refer\u00eancia de Servidores\/as Administrativos\/as das Unidades [&hellip;]<\/p>\n","protected":false},"author":21,"featured_media":0,"parent":0,"menu_order":0,"comment_status":"closed","ping_status":"closed","template":"page-sem-sidebar.php","meta":{"footnotes":""},"class_list":["post-28334","page","type-page","status-publish","hentry"],"_links":{"self":[{"href":"https:\/\/wp.ufpel.edu.br\/progep\/wp-json\/wp\/v2\/pages\/28334","targetHints":{"allow":["GET"]}}],"collection":[{"href":"https:\/\/wp.ufpel.edu.br\/progep\/wp-json\/wp\/v2\/pages"}],"about":[{"href":"https:\/\/wp.ufpel.edu.br\/progep\/wp-json\/wp\/v2\/types\/page"}],"author":[{"embeddable":true,"href":"https:\/\/wp.ufpel.edu.br\/progep\/wp-json\/wp\/v2\/users\/21"}],"replies":[{"embeddable":true,"href":"https:\/\/wp.ufpel.edu.br\/progep\/wp-json\/wp\/v2\/comments?post=28334"}],"version-history":[{"count":3,"href":"https:\/\/wp.ufpel.edu.br\/progep\/wp-json\/wp\/v2\/pages\/28334\/revisions"}],"predecessor-version":[{"id":34764,"href":"https:\/\/wp.ufpel.edu.br\/progep\/wp-json\/wp\/v2\/pages\/28334\/revisions\/34764"}],"wp:attachment":[{"href":"https:\/\/wp.ufpel.edu.br\/progep\/wp-json\/wp\/v2\/media?parent=28334"}],"curies":[{"name":"wp","href":"https:\/\/api.w.org\/{rel}","templated":true}]}}