{"id":27976,"date":"2025-01-17T17:55:46","date_gmt":"2025-01-17T20:55:46","guid":{"rendered":"https:\/\/wp.ufpel.edu.br\/progep\/?page_id=27976"},"modified":"2025-01-27T08:28:59","modified_gmt":"2025-01-27T11:28:59","slug":"chamada-publica-01-2025","status":"publish","type":"page","link":"https:\/\/wp.ufpel.edu.br\/progep\/2025-2\/chamada-publica-01-2025\/","title":{"rendered":"Chamada P\u00fablica 01\/2025"},"content":{"rendered":"<p><a href=\"https:\/\/wp.ufpel.edu.br\/progep\/files\/2025\/01\/SEI_2924643_Edital_PROGEP_1.pdf\">Chamada P\u00fablica de Remo\u00e7\u00e3o 01\/2025<\/a><\/p>\n<p><a href=\"https:\/\/wp.ufpel.edu.br\/progep\/files\/2025\/01\/SEI_2929395_Edital_PROGEP_2.pdf\">Resultado Final<\/a><\/p>\n","protected":false},"excerpt":{"rendered":"<p>Chamada P\u00fablica de Remo\u00e7\u00e3o 01\/2025 Resultado Final<\/p>\n","protected":false},"author":52,"featured_media":0,"parent":27987,"menu_order":0,"comment_status":"closed","ping_status":"closed","template":"","meta":{"footnotes":""},"class_list":["post-27976","page","type-page","status-publish","hentry"],"_links":{"self":[{"href":"https:\/\/wp.ufpel.edu.br\/progep\/wp-json\/wp\/v2\/pages\/27976","targetHints":{"allow":["GET"]}}],"collection":[{"href":"https:\/\/wp.ufpel.edu.br\/progep\/wp-json\/wp\/v2\/pages"}],"about":[{"href":"https:\/\/wp.ufpel.edu.br\/progep\/wp-json\/wp\/v2\/types\/page"}],"author":[{"embeddable":true,"href":"https:\/\/wp.ufpel.edu.br\/progep\/wp-json\/wp\/v2\/users\/52"}],"replies":[{"embeddable":true,"href":"https:\/\/wp.ufpel.edu.br\/progep\/wp-json\/wp\/v2\/comments?post=27976"}],"version-history":[{"count":3,"href":"https:\/\/wp.ufpel.edu.br\/progep\/wp-json\/wp\/v2\/pages\/27976\/revisions"}],"predecessor-version":[{"id":28085,"href":"https:\/\/wp.ufpel.edu.br\/progep\/wp-json\/wp\/v2\/pages\/27976\/revisions\/28085"}],"up":[{"embeddable":true,"href":"https:\/\/wp.ufpel.edu.br\/progep\/wp-json\/wp\/v2\/pages\/27987"}],"wp:attachment":[{"href":"https:\/\/wp.ufpel.edu.br\/progep\/wp-json\/wp\/v2\/media?parent=27976"}],"curies":[{"name":"wp","href":"https:\/\/api.w.org\/{rel}","templated":true}]}}