{"id":27730,"date":"2024-12-18T17:56:27","date_gmt":"2024-12-18T20:56:27","guid":{"rendered":"https:\/\/wp.ufpel.edu.br\/progep\/?page_id=27730"},"modified":"2025-06-30T15:18:12","modified_gmt":"2025-06-30T18:18:12","slug":"curso-processo-administrativo-4","status":"publish","type":"page","link":"https:\/\/wp.ufpel.edu.br\/progep\/curso-processo-administrativo-4\/","title":{"rendered":"Capacita\u00e7\u00e3o: Curso: Processo Administrativo &#8211; Turma 2"},"content":{"rendered":"<p><strong>Ministrante:\u00a0<\/strong>Taiguer Henrique Silva Saraiva (Servidor T\u00e9cnico-Administrativo em Educa\u00e7\u00e3o \u2013 Assistente em Administra\u00e7\u00e3o do Instituto de Biologia\/ UFPEL)<\/p>\n<p><b>Modalidade:<\/b>\u00a0Online, sem tutoria. Este curso \u00e9 oferecido de forma ass\u00edncrona, o que significa que voc\u00ea pode acessar o material e realizar as atividades no seu pr\u00f3prio ritmo, sem a presen\u00e7a de um tutor.<\/p>\n<p><strong>Carga hor\u00e1ria:<\/strong>\u00a030 horas<\/p>\n<p class=\"v1MsoNormal\"><strong>Disponibilidade do curso:\u00a0<\/strong>30 dias (a partir do recebimento de confirma\u00e7\u00e3o da inscri\u00e7\u00e3o)<\/p>\n<p><strong>Divulga\u00e7\u00e3o das homologa\u00e7\u00f5es e per\u00edodo de realiza\u00e7\u00e3o<\/strong>: o participante receber\u00e1 um e-mail de confirma\u00e7\u00e3o da homologa\u00e7\u00e3o de sua inscri\u00e7\u00e3o e o prazo para realiza\u00e7\u00e3o do curso, de acordo com a carga hor\u00e1ria da a\u00e7\u00e3o.<\/p>\n<p><strong>In\u00edcio das inscri\u00e7\u00f5es<\/strong>: 10\/12\/2024<\/p>\n<p class=\"v1MsoNormal\"><strong>Local de realiza\u00e7\u00e3o<\/strong>: Plataforma E-projeto da UFPel<\/p>\n<p><strong>S\u00famula<\/strong>:<\/p>\n<ul>\n<li class=\"Texto_Justificado\">Lei n\u00b0 9784\/1999 \u2013 Processo Administrativo: Introdu\u00e7\u00e3o e \u00e2mbito de aplica\u00e7\u00e3o.<\/li>\n<li class=\"Texto_Justificado\">In\u00edcio do Processo. Dos Interessados. Compet\u00eancia.<\/li>\n<li class=\"Texto_Justificado\">Princ\u00edpios do Processo Administrativo.<\/li>\n<li class=\"Texto_Justificado\">Impedimento e Suspei\u00e7\u00e3o. Atos do Processo. Comunica\u00e7\u00e3o dos Atos. Instru\u00e7\u00e3o.<\/li>\n<li class=\"Texto_Justificado\">Dever de decidir. Decis\u00e3o Coordenada.<\/li>\n<li class=\"Texto_Justificado\">Motiva\u00e7\u00e3o. Recurso Administrativo e Revis\u00e3o.<\/li>\n<li class=\"Texto_Justificado\">Prazos.<\/li>\n<li class=\"Texto_Justificado\">Processo Eletr\u00f4nico. Sistema Eletr\u00f4nico de Informa\u00e7\u00f5es (SEI).<\/li>\n<\/ul>\n<p><b><strong>Avalia\u00e7\u00e3o:\u00a0<\/strong><\/b>Nota m\u00ednima 7, em avalia\u00e7\u00e3o final, integrando os aspectos te\u00f3ricos e pr\u00e1ticos das aulas ass\u00edncronas, \u00a0textos e slides de apoio.<\/p>\n<p class=\"v1MsoNormal\"><strong>P\u00fablico Alvo<\/strong>: Servidores(as) docentes, TAE\u2019s e trabalhadores(as) terceirizados(as) ativos(as) da UFPel*<\/p>\n<p>*Considerando a Pol\u00edtica Nacional de Desenvolvimento de Pessoas, conforme Decreto n\u00ba 9.991\/19, somente ser\u00e3o certificados os servidores p\u00fablicos pertencentes ao Quadro Efetivo da UFPel.<\/p>\n<p>** Quando homologadas as inscri\u00e7\u00f5es, os selecionados receber\u00e3o e-mail com instru\u00e7\u00f5es de acesso \u00e0 Plataforma E-projeto da UFPel.<\/p>\n<p><strong><span style=\"color: #ff6600\">INSCRI\u00c7\u00d5ES ENCERRADAS<\/span><\/strong><\/p>\n<p>Contato SFS: cdp.capacita@ufpel.edu.br<\/p>\n","protected":false},"excerpt":{"rendered":"<p>Ministrante:\u00a0Taiguer Henrique Silva Saraiva (Servidor T\u00e9cnico-Administrativo em Educa\u00e7\u00e3o \u2013 Assistente em Administra\u00e7\u00e3o do Instituto de Biologia\/ UFPEL) Modalidade:\u00a0Online, sem tutoria. Este curso \u00e9 oferecido de forma ass\u00edncrona, o que significa que voc\u00ea pode acessar o material e realizar as atividades no seu pr\u00f3prio ritmo, sem a presen\u00e7a de um tutor. Carga hor\u00e1ria:\u00a030 horas Disponibilidade do [&hellip;]<\/p>\n","protected":false},"author":21,"featured_media":0,"parent":0,"menu_order":0,"comment_status":"closed","ping_status":"closed","template":"","meta":{"footnotes":""},"class_list":["post-27730","page","type-page","status-publish","hentry"],"_links":{"self":[{"href":"https:\/\/wp.ufpel.edu.br\/progep\/wp-json\/wp\/v2\/pages\/27730","targetHints":{"allow":["GET"]}}],"collection":[{"href":"https:\/\/wp.ufpel.edu.br\/progep\/wp-json\/wp\/v2\/pages"}],"about":[{"href":"https:\/\/wp.ufpel.edu.br\/progep\/wp-json\/wp\/v2\/types\/page"}],"author":[{"embeddable":true,"href":"https:\/\/wp.ufpel.edu.br\/progep\/wp-json\/wp\/v2\/users\/21"}],"replies":[{"embeddable":true,"href":"https:\/\/wp.ufpel.edu.br\/progep\/wp-json\/wp\/v2\/comments?post=27730"}],"version-history":[{"count":5,"href":"https:\/\/wp.ufpel.edu.br\/progep\/wp-json\/wp\/v2\/pages\/27730\/revisions"}],"predecessor-version":[{"id":34199,"href":"https:\/\/wp.ufpel.edu.br\/progep\/wp-json\/wp\/v2\/pages\/27730\/revisions\/34199"}],"wp:attachment":[{"href":"https:\/\/wp.ufpel.edu.br\/progep\/wp-json\/wp\/v2\/media?parent=27730"}],"curies":[{"name":"wp","href":"https:\/\/api.w.org\/{rel}","templated":true}]}}