{"id":27590,"date":"2024-12-10T10:36:31","date_gmt":"2024-12-10T13:36:31","guid":{"rendered":"https:\/\/wp.ufpel.edu.br\/progep\/?page_id=27590"},"modified":"2025-06-30T15:18:02","modified_gmt":"2025-06-30T18:18:02","slug":"cursos-verao-fluxo-continuo","status":"publish","type":"page","link":"https:\/\/wp.ufpel.edu.br\/progep\/cursos-verao-fluxo-continuo\/","title":{"rendered":"[Modelo Capacita\u00e7\u00e3o] Cursos Ver\u00e3o Fluxo cont\u00ednuo"},"content":{"rendered":"<p><strong>Ministrante:\u00a0<\/strong><\/p>\n<p><b>Modalidade:<\/b> Online, sem tutoria. O curso \u00e9 oferecido de forma ass\u00edncrona, deste modo, o participante pode acessar o material e realizar as atividades no seu pr\u00f3prio ritmo, sem a presen\u00e7a de um tutor.<\/p>\n<p><strong>Carga hor\u00e1ria:<\/strong> xx horas<\/p>\n<p class=\"v1MsoNormal\"><strong>Disponibilidade do curso: <\/strong>30 dias (a partir do envio de confirma\u00e7\u00e3o da inscri\u00e7\u00e3o)<\/p>\n<p><strong>In\u00edcio das inscri\u00e7\u00f5es<\/strong>: 10\/12\/2024<\/p>\n<p><strong>Divulga\u00e7\u00e3o das homologa\u00e7\u00f5es e per\u00edodo de realiza\u00e7\u00e3o<\/strong>: o participante receber\u00e1 um e-mail de confirma\u00e7\u00e3o da homologa\u00e7\u00e3o de sua inscri\u00e7\u00e3o e o prazo para realiza\u00e7\u00e3o do curso.<\/p>\n<p class=\"v1MsoNormal\"><strong>Realiza\u00e7\u00e3o<\/strong>: plataforma E-projeto da UFPel<\/p>\n<p><strong>S\u00famula<\/strong>:<\/p>\n<p>xxxxx<\/p>\n<p><b><strong>Avalia\u00e7\u00e3o: <\/strong><\/b>xxxxxx<\/p>\n<p class=\"v1MsoNormal\"><strong>P\u00fablico Alvo<\/strong>: Servidores(as) docentes, TAE\u2019s e trabalhadores(as) terceirizados(as) ativos(as) da UFPel*<\/p>\n<p>*Considerando a Pol\u00edtica Nacional de Desenvolvimento de Pessoas, conforme Decreto n\u00ba 9.991\/19, somente ser\u00e3o certificados os servidores p\u00fablicos pertencentes ao Quadro Efetivo da UFPel.<\/p>\n<p>**Quando homologadas as inscri\u00e7\u00f5es, os selecionados receber\u00e3o e-mail com instru\u00e7\u00f5es de acesso \u00e0 Plataforma E-projeto da UFPel.<\/p>\n<p><strong><span style=\"color: #ff6600\"><a style=\"color: #ff6600\" href=\"https:\/\/wp.ufpel.edu.br\/progep\/inscricoes-para-curso\/\">INSCRI\u00c7\u00d5ES AQUI!<\/a><\/span><\/strong><\/p>\n<p><span style=\"font-size: 10pt\">Contato SFS: cdp.capacita@ufpel.edu.br<\/span><\/p>\n","protected":false},"excerpt":{"rendered":"<p>Ministrante:\u00a0 Modalidade: Online, sem tutoria. O curso \u00e9 oferecido de forma ass\u00edncrona, deste modo, o participante pode acessar o material e realizar as atividades no seu pr\u00f3prio ritmo, sem a presen\u00e7a de um tutor. Carga hor\u00e1ria: xx horas Disponibilidade do curso: 30 dias (a partir do envio de confirma\u00e7\u00e3o da inscri\u00e7\u00e3o) In\u00edcio das inscri\u00e7\u00f5es: 10\/12\/2024 [&hellip;]<\/p>\n","protected":false},"author":21,"featured_media":0,"parent":0,"menu_order":0,"comment_status":"closed","ping_status":"closed","template":"","meta":{"footnotes":""},"class_list":["post-27590","page","type-page","status-publish","hentry"],"_links":{"self":[{"href":"https:\/\/wp.ufpel.edu.br\/progep\/wp-json\/wp\/v2\/pages\/27590","targetHints":{"allow":["GET"]}}],"collection":[{"href":"https:\/\/wp.ufpel.edu.br\/progep\/wp-json\/wp\/v2\/pages"}],"about":[{"href":"https:\/\/wp.ufpel.edu.br\/progep\/wp-json\/wp\/v2\/types\/page"}],"author":[{"embeddable":true,"href":"https:\/\/wp.ufpel.edu.br\/progep\/wp-json\/wp\/v2\/users\/21"}],"replies":[{"embeddable":true,"href":"https:\/\/wp.ufpel.edu.br\/progep\/wp-json\/wp\/v2\/comments?post=27590"}],"version-history":[{"count":2,"href":"https:\/\/wp.ufpel.edu.br\/progep\/wp-json\/wp\/v2\/pages\/27590\/revisions"}],"predecessor-version":[{"id":34197,"href":"https:\/\/wp.ufpel.edu.br\/progep\/wp-json\/wp\/v2\/pages\/27590\/revisions\/34197"}],"wp:attachment":[{"href":"https:\/\/wp.ufpel.edu.br\/progep\/wp-json\/wp\/v2\/media?parent=27590"}],"curies":[{"name":"wp","href":"https:\/\/api.w.org\/{rel}","templated":true}]}}