{"id":27582,"date":"2024-12-10T09:08:25","date_gmt":"2024-12-10T12:08:25","guid":{"rendered":"https:\/\/wp.ufpel.edu.br\/progep\/?page_id=27582"},"modified":"2025-06-30T15:17:29","modified_gmt":"2025-06-30T18:17:29","slug":"trilha-pgd-curso-de-ferramentas-do-google-2","status":"publish","type":"page","link":"https:\/\/wp.ufpel.edu.br\/progep\/trilha-pgd-curso-de-ferramentas-do-google-2\/","title":{"rendered":"Capacita\u00e7\u00e3o: Trilha PGD: Curso de Ferramentas do Google &#8211; Turma 2"},"content":{"rendered":"<p><strong>Ministrante: <\/strong>Guilherme Ribeiro Corr\u00eaa (Docente do Centro de Desenvolvimento Tecnol\u00f3gico\/UFPEL)<\/p>\n<p><b>Modalidade: <\/b>Online, sem tutoria. O curso \u00e9 oferecido de forma ass\u00edncrona, deste modo, o participante pode acessar o material e realizar as atividades no seu pr\u00f3prio ritmo, sem a presen\u00e7a de um tutor.<\/p>\n<p><strong>Carga hor\u00e1ria:<\/strong> 20 horas<\/p>\n<p class=\"v1MsoNormal\"><strong>Disponibilidade do curso: <\/strong>30 dias (a partir do recebimento de confirma\u00e7\u00e3o da inscri\u00e7\u00e3o)<\/p>\n<p><strong>In\u00edcio das inscri\u00e7\u00f5es<\/strong>: 10\/12\/2024<\/p>\n<p><strong>Divulga\u00e7\u00e3o das homologa\u00e7\u00f5es e per\u00edodo de realiza\u00e7\u00e3o<\/strong>: o participante receber\u00e1 um e-mail de confirma\u00e7\u00e3o da homologa\u00e7\u00e3o de sua inscri\u00e7\u00e3o e o prazo para realiza\u00e7\u00e3o do curso.<\/p>\n<p class=\"v1MsoNormal\"><strong>Realiza\u00e7\u00e3o<\/strong>: plataforma E-projeto da UFPel<\/p>\n<p><strong>S\u00famula<\/strong>:<\/p>\n<ul>\n<li class=\"Texto_Justificado\">Introdu\u00e7\u00e3o ao Google Workspace<\/li>\n<li class=\"Texto_Justificado\">Google Drive: Armazenamento e Compartilhamento<\/li>\n<li class=\"Texto_Justificado\">Google Docs: Processamento de Texto Online<\/li>\n<li class=\"Texto_Justificado\">Google Planilhas: Gerenciamento de Dados e An\u00e1lise<\/li>\n<li class=\"Texto_Justificado\">Google Apresenta\u00e7\u00f5es: Cria\u00e7\u00e3o de Slides<\/li>\n<li class=\"Texto_Justificado\">Google Formul\u00e1rios: Cria\u00e7\u00e3o de Question\u00e1rios e Pesquisas<\/li>\n<\/ul>\n<p><b><strong>Avalia\u00e7\u00e3o: <\/strong><\/b>A avalia\u00e7\u00e3o do curso ser\u00e1 conforme atividades\/avalia\u00e7\u00f5es propostas pelo\/a ministrante.<\/p>\n<p class=\"v1MsoNormal\"><strong>P\u00fablico Alvo<\/strong>: Servidores(as) docentes, TAE\u2019s e trabalhadores(as) terceirizados(as) ativos(as) da UFPel*<\/p>\n<p>*Considerando a Pol\u00edtica Nacional de Desenvolvimento de Pessoas, conforme Decreto n\u00ba 9.991\/19, somente ser\u00e3o certificados os servidores p\u00fablicos pertencentes ao Quadro Efetivo da UFPel.<\/p>\n<p>**Quando homologadas as inscri\u00e7\u00f5es, os selecionados receber\u00e3o e-mail com instru\u00e7\u00f5es de acesso \u00e0 Plataforma E-projeto da UFPel.<\/p>\n<p><strong><span style=\"color: #ff6600\">INSCRI\u00c7\u00d5ES ENCERRADAS<\/span><\/strong><\/p>\n<p><span style=\"font-size: 10pt\">Contato SFS: cdp.capacita@ufpel.edu.br<\/span><\/p>\n","protected":false},"excerpt":{"rendered":"<p>Ministrante: Guilherme Ribeiro Corr\u00eaa (Docente do Centro de Desenvolvimento Tecnol\u00f3gico\/UFPEL) Modalidade: Online, sem tutoria. O curso \u00e9 oferecido de forma ass\u00edncrona, deste modo, o participante pode acessar o material e realizar as atividades no seu pr\u00f3prio ritmo, sem a presen\u00e7a de um tutor. Carga hor\u00e1ria: 20 horas Disponibilidade do curso: 30 dias (a partir do [&hellip;]<\/p>\n","protected":false},"author":21,"featured_media":0,"parent":0,"menu_order":0,"comment_status":"closed","ping_status":"closed","template":"","meta":{"footnotes":""},"class_list":["post-27582","page","type-page","status-publish","hentry"],"_links":{"self":[{"href":"https:\/\/wp.ufpel.edu.br\/progep\/wp-json\/wp\/v2\/pages\/27582","targetHints":{"allow":["GET"]}}],"collection":[{"href":"https:\/\/wp.ufpel.edu.br\/progep\/wp-json\/wp\/v2\/pages"}],"about":[{"href":"https:\/\/wp.ufpel.edu.br\/progep\/wp-json\/wp\/v2\/types\/page"}],"author":[{"embeddable":true,"href":"https:\/\/wp.ufpel.edu.br\/progep\/wp-json\/wp\/v2\/users\/21"}],"replies":[{"embeddable":true,"href":"https:\/\/wp.ufpel.edu.br\/progep\/wp-json\/wp\/v2\/comments?post=27582"}],"version-history":[{"count":4,"href":"https:\/\/wp.ufpel.edu.br\/progep\/wp-json\/wp\/v2\/pages\/27582\/revisions"}],"predecessor-version":[{"id":34195,"href":"https:\/\/wp.ufpel.edu.br\/progep\/wp-json\/wp\/v2\/pages\/27582\/revisions\/34195"}],"wp:attachment":[{"href":"https:\/\/wp.ufpel.edu.br\/progep\/wp-json\/wp\/v2\/media?parent=27582"}],"curies":[{"name":"wp","href":"https:\/\/api.w.org\/{rel}","templated":true}]}}