{"id":27516,"date":"2024-12-09T11:28:45","date_gmt":"2024-12-09T14:28:45","guid":{"rendered":"https:\/\/wp.ufpel.edu.br\/progep\/?page_id=27516"},"modified":"2025-11-26T14:44:48","modified_gmt":"2025-11-26T17:44:48","slug":"editais","status":"publish","type":"page","link":"https:\/\/wp.ufpel.edu.br\/progep\/editais\/","title":{"rendered":"Editais"},"content":{"rendered":"\n<div class=\"wp-block-group\"><div class=\"wp-block-group__inner-container is-layout-constrained wp-block-group-is-layout-constrained\">\n<div class=\"logoTituloModelStyle\"><img class=\"size-medium wp-image-27184 alignleft\" src=\"https:\/\/wp.ufpel.edu.br\/progep\/files\/2025\/03\/logo-progep_atualizacao-nome_AZUL.png\" alt=\"\" \/>\n<div style=\"font-size: 30pt;padding: 2rem 0 3rem\"><strong>Editais<\/strong><\/div>\n<\/div>\n<hr class=\"hrModelStyle\" \/>\n<div class=\"descriptionModelStyle\">Consulte nesta p\u00e1gina os editais de <strong>Remo\u00e7\u00e3o<\/strong>, <strong>Redistribui\u00e7\u00e3o<\/strong>, de <strong>Sele\u00e7\u00e3o TRE (Tribunal Regional Eleitoral)<\/strong> e do <strong>Clube de Benef\u00edcios<\/strong>.<\/div>\n<\/div><\/div>\n\n\n<div class=\"botaoStyle botaoMediumStyle pagEditaisStyle\">\n<a href=\"https:\/\/wp.ufpel.edu.br\/progep\/editais-de-remocao\/\" rel=\"noopener\"> Remo\u00e7\u00e3o<\/a>\n<a href=\"https:\/\/wp.ufpel.edu.br\/progep\/editais-de-redistribuicao\/\" rel=\"noopener\"> Redistribui\u00e7\u00e3o <\/a>\n<a href=\"https:\/\/wp.ufpel.edu.br\/progep\/selecao-de-tre\/\" rel=\"noopener\"> Sele\u00e7\u00e3o de TRE (Tribunal Regional Eleitoral) <\/a>\n<a href=\"https:\/\/wp.ufpel.edu.br\/progep\/edital-clube-de-beneficios\/\" rel=\"noopener\"> Clube de Beneficios<\/a>\n<\/div>\n\n\n<p><\/p>\n","protected":false},"excerpt":{"rendered":"<p>Editais Consulte nesta p\u00e1gina os editais de Remo\u00e7\u00e3o, Redistribui\u00e7\u00e3o, de Sele\u00e7\u00e3o TRE (Tribunal Regional Eleitoral) e do Clube de Benef\u00edcios. Remo\u00e7\u00e3o Redistribui\u00e7\u00e3o Sele\u00e7\u00e3o de TRE (Tribunal Regional Eleitoral) Clube de Beneficios<\/p>\n","protected":false},"author":21,"featured_media":0,"parent":0,"menu_order":0,"comment_status":"closed","ping_status":"closed","template":"","meta":{"footnotes":""},"class_list":["post-27516","page","type-page","status-publish","hentry"],"_links":{"self":[{"href":"https:\/\/wp.ufpel.edu.br\/progep\/wp-json\/wp\/v2\/pages\/27516","targetHints":{"allow":["GET"]}}],"collection":[{"href":"https:\/\/wp.ufpel.edu.br\/progep\/wp-json\/wp\/v2\/pages"}],"about":[{"href":"https:\/\/wp.ufpel.edu.br\/progep\/wp-json\/wp\/v2\/types\/page"}],"author":[{"embeddable":true,"href":"https:\/\/wp.ufpel.edu.br\/progep\/wp-json\/wp\/v2\/users\/21"}],"replies":[{"embeddable":true,"href":"https:\/\/wp.ufpel.edu.br\/progep\/wp-json\/wp\/v2\/comments?post=27516"}],"version-history":[{"count":3,"href":"https:\/\/wp.ufpel.edu.br\/progep\/wp-json\/wp\/v2\/pages\/27516\/revisions"}],"predecessor-version":[{"id":34336,"href":"https:\/\/wp.ufpel.edu.br\/progep\/wp-json\/wp\/v2\/pages\/27516\/revisions\/34336"}],"wp:attachment":[{"href":"https:\/\/wp.ufpel.edu.br\/progep\/wp-json\/wp\/v2\/media?parent=27516"}],"curies":[{"name":"wp","href":"https:\/\/api.w.org\/{rel}","templated":true}]}}