{"id":27160,"date":"2024-11-19T14:11:07","date_gmt":"2024-11-19T17:11:07","guid":{"rendered":"https:\/\/wp.ufpel.edu.br\/progep\/?page_id=27160"},"modified":"2025-06-30T15:02:18","modified_gmt":"2025-06-30T18:02:18","slug":"e-dezembro-vamos-falar-sobre-a-sindrome-de-final-de-ano","status":"publish","type":"page","link":"https:\/\/wp.ufpel.edu.br\/progep\/e-dezembro-vamos-falar-sobre-a-sindrome-de-final-de-ano\/","title":{"rendered":"Capacita\u00e7\u00e3o: \u00c9 dezembro! Vamos falar sobre a S\u00edndrome de Final de ano?"},"content":{"rendered":"<p><strong>Facilitadoras:<br \/>\n<\/strong>Ang\u00e9lica Gon\u00e7alves Peter (Psic\u00f3loga da Pr\u00f3-Reitoria de Gest\u00e3o de Pessoas\/ UFPel)<br \/>\n<span style=\"color: var(--cor-texto);font-family: var(--fonte-corpo)\">Maria Helena Concei\u00e7\u00e3o Silveira (Psic\u00f3loga \u2013 Coordena\u00e7\u00e3o de Sa\u00fade e Qualidade de Vida;\/ PROGEP)<\/span><\/p>\n<p><strong>Datas\/ Hor\u00e1rios\/ Locais de realiza\u00e7\u00e3o:<\/strong><\/p>\n<p><strong>Turma 1: <span style=\"color: #000000\">Faculdade de Agronomia Eliseu Maciel &#8211; FAEM<br \/>\n<\/span><\/strong><span style=\"color: var(--cor-texto);font-family: var(--fonte-corpo)\">04\/12\/24 &#8211; 12h30 \u00e0s 14h &#8211; L<\/span><span style=\"color: #000000\">ocal: Sal\u00e3o Nobre<\/span><\/p>\n<p><strong>Turma 2: Centro de Artes (CA)<br \/>\n<\/strong>19\/12\/24 &#8211; 15h \u00e0s 16h30 &#8211; Local: Audit\u00f3rio<\/p>\n<p><strong>Ementa:<br \/>\n<\/strong><\/p>\n<ul>\n<li class=\"Texto_Justificado_Recuo_Primeira_Linha\">Natal: Idealiza\u00e7\u00e3o X Cultura<\/li>\n<li class=\"Texto_Justificado_Recuo_Primeira_Linha\">Transtorno Afetivo Sazonal e Dezembrite<\/li>\n<li class=\"Texto_Justificado_Recuo_Primeira_Linha\">Fatores causadores<\/li>\n<li class=\"Texto_Justificado_Recuo_Primeira_Linha\">Poss\u00edveis sintomas<\/li>\n<li class=\"Texto_Justificado_Recuo_Primeira_Linha\">Como lidar com a Dezembrite<\/li>\n<li class=\"Texto_Justificado_Recuo_Primeira_Linha\">Como ajudar<\/li>\n<\/ul>\n<p><strong>P\u00fablico Alvo<\/strong>: Servidores(as) docentes, TAE\u2019s e trabalhadores(as) terceirizados(as) ativos(as) da UFPel*<\/p>\n<p><strong>Per\u00edodo de inscri\u00e7\u00e3o<\/strong>:<\/p>\n<p><strong>Turma 1:<\/strong> 20\/11 a 01\/12\/2024<\/p>\n<p><strong>Turma 2:<\/strong> 20\/11 a 16\/12\/2024<\/p>\n<p><strong>Divulga\u00e7\u00e3o das inscri\u00e7\u00f5es homologadas<\/strong>:<\/p>\n<p><strong>Turma 1:<\/strong>\u00a0 02\/12\/2024<\/p>\n<p><strong>Turma 2:<\/strong> 17\/12\/2024<\/p>\n<p><span style=\"background-color: #ffffff\">*Considerando a Pol\u00edtica Nacional de Desenvolvimento de Pessoas, conforme Decreto n\u00ba 9.991\/19, somente ser\u00e3o certificados os servidores p\u00fablicos pertencentes ao Quadro Efetivo da UFPel;<\/span><br \/>\n<span style=\"background-color: #ffffff\">** Quando homologadas as inscri\u00e7\u00f5es, os selecionados receber\u00e3o e-mail de confirma\u00e7\u00e3o com instru\u00e7\u00f5es.<\/span><\/p>\n<p><span style=\"background-color: #ffffff\">Observa\u00e7\u00e3o: A homologa\u00e7\u00e3o das inscri\u00e7\u00f5es dos(as) trabalhadores(as) terceirizados ficar\u00e1 condiciona<\/span>da \u00e0 an\u00e1lise pr\u00e9via e manifesta\u00e7\u00e3o por parte do NUGEST\/PRA.<\/p>\n<p><strong><span style=\"color: #ff6600\"><a style=\"color: #ff6600\" href=\"https:\/\/wp.ufpel.edu.br\/progep\/files\/2024\/12\/Homologados-E-dezembro-Vamos-falar-sobre-a-Sindrome-de-Final-de-ano.pdf\">INSCRI\u00c7\u00d5ES HOMOLOGADAS &#8211; Turma 1<\/a><\/span><\/strong><\/p>\n<p><strong><span style=\"color: #ff6600\"><a style=\"color: #ff6600\" href=\"https:\/\/wp.ufpel.edu.br\/progep\/files\/2024\/12\/HOMOLOGACAO-E-Dezembro-Centro-de-ARtes.pdf\">INSCRI\u00c7\u00d5ES HOMOLOGADAS &#8211; Turma 2 (Centro de Artes)<\/a><\/span><\/strong><\/p>\n<p>&nbsp;<\/p>\n<p><strong>AVISO:<\/strong><br \/>\nContinuaremos recebendo inscri\u00e7\u00f5es no link abaixo:<br \/>\n<span style=\"color: #ff6600\"><strong><a style=\"color: #ff6600\" href=\"https:\/\/wp.ufpel.edu.br\/progep\/inscricoes-para-curso\/\">INSCRI\u00c7\u00d5ES AQUI!<\/a><\/strong><\/span><\/p>\n<p><span style=\"font-size: 10pt\"><strong>Contato:<\/strong> cdp.capacita@ufpel.edu.br<\/span><\/p>\n","protected":false},"excerpt":{"rendered":"<p>Facilitadoras: Ang\u00e9lica Gon\u00e7alves Peter (Psic\u00f3loga da Pr\u00f3-Reitoria de Gest\u00e3o de Pessoas\/ UFPel) Maria Helena Concei\u00e7\u00e3o Silveira (Psic\u00f3loga \u2013 Coordena\u00e7\u00e3o de Sa\u00fade e Qualidade de Vida;\/ PROGEP) Datas\/ Hor\u00e1rios\/ Locais de realiza\u00e7\u00e3o: Turma 1: Faculdade de Agronomia Eliseu Maciel &#8211; FAEM 04\/12\/24 &#8211; 12h30 \u00e0s 14h &#8211; Local: Sal\u00e3o Nobre Turma 2: Centro de Artes (CA) [&hellip;]<\/p>\n","protected":false},"author":21,"featured_media":0,"parent":0,"menu_order":0,"comment_status":"closed","ping_status":"closed","template":"","meta":{"footnotes":""},"class_list":["post-27160","page","type-page","status-publish","hentry"],"_links":{"self":[{"href":"https:\/\/wp.ufpel.edu.br\/progep\/wp-json\/wp\/v2\/pages\/27160","targetHints":{"allow":["GET"]}}],"collection":[{"href":"https:\/\/wp.ufpel.edu.br\/progep\/wp-json\/wp\/v2\/pages"}],"about":[{"href":"https:\/\/wp.ufpel.edu.br\/progep\/wp-json\/wp\/v2\/types\/page"}],"author":[{"embeddable":true,"href":"https:\/\/wp.ufpel.edu.br\/progep\/wp-json\/wp\/v2\/users\/21"}],"replies":[{"embeddable":true,"href":"https:\/\/wp.ufpel.edu.br\/progep\/wp-json\/wp\/v2\/comments?post=27160"}],"version-history":[{"count":11,"href":"https:\/\/wp.ufpel.edu.br\/progep\/wp-json\/wp\/v2\/pages\/27160\/revisions"}],"predecessor-version":[{"id":34187,"href":"https:\/\/wp.ufpel.edu.br\/progep\/wp-json\/wp\/v2\/pages\/27160\/revisions\/34187"}],"wp:attachment":[{"href":"https:\/\/wp.ufpel.edu.br\/progep\/wp-json\/wp\/v2\/media?parent=27160"}],"curies":[{"name":"wp","href":"https:\/\/api.w.org\/{rel}","templated":true}]}}