{"id":27148,"date":"2024-11-14T12:17:32","date_gmt":"2024-11-14T15:17:32","guid":{"rendered":"https:\/\/wp.ufpel.edu.br\/progep\/?page_id=27148"},"modified":"2024-12-27T14:01:27","modified_gmt":"2024-12-27T17:01:27","slug":"chamada-publica-08-2024","status":"publish","type":"page","link":"https:\/\/wp.ufpel.edu.br\/progep\/chamada-publica-08-2024\/","title":{"rendered":"CHAMADA P\u00daBLICA 08\/2024"},"content":{"rendered":"<p><a href=\"https:\/\/wp.ufpel.edu.br\/progep\/files\/2024\/11\/SEI_2850461_Edital_PROGEP_34.pdf\">Chamada P\u00fablica de Remo\u00e7\u00e3o 08\/2024<\/a><\/p>\n<p><a href=\"https:\/\/wp.ufpel.edu.br\/progep\/files\/2024\/12\/SEI_2884723_Edital_PROGEP_36-1.pdf\">Resultado Parcial<\/a><\/p>\n<p><a href=\"https:\/\/wp.ufpel.edu.br\/progep\/files\/2024\/12\/SEI_2895018_Edital_PROGEP_37.pdf\">Resultado Final<\/a><\/p>\n<p><a href=\"https:\/\/wp.ufpel.edu.br\/progep\/files\/2024\/12\/SEI_2908940_Edital_PROGEP_38.pdf\">Resultado Final &#8211; RETIFICADO<\/a><\/p>\n","protected":false},"excerpt":{"rendered":"<p>Chamada P\u00fablica de Remo\u00e7\u00e3o 08\/2024 Resultado Parcial Resultado Final Resultado Final &#8211; RETIFICADO<\/p>\n","protected":false},"author":52,"featured_media":0,"parent":0,"menu_order":0,"comment_status":"closed","ping_status":"closed","template":"","meta":{"footnotes":""},"class_list":["post-27148","page","type-page","status-publish","hentry"],"_links":{"self":[{"href":"https:\/\/wp.ufpel.edu.br\/progep\/wp-json\/wp\/v2\/pages\/27148","targetHints":{"allow":["GET"]}}],"collection":[{"href":"https:\/\/wp.ufpel.edu.br\/progep\/wp-json\/wp\/v2\/pages"}],"about":[{"href":"https:\/\/wp.ufpel.edu.br\/progep\/wp-json\/wp\/v2\/types\/page"}],"author":[{"embeddable":true,"href":"https:\/\/wp.ufpel.edu.br\/progep\/wp-json\/wp\/v2\/users\/52"}],"replies":[{"embeddable":true,"href":"https:\/\/wp.ufpel.edu.br\/progep\/wp-json\/wp\/v2\/comments?post=27148"}],"version-history":[{"count":5,"href":"https:\/\/wp.ufpel.edu.br\/progep\/wp-json\/wp\/v2\/pages\/27148\/revisions"}],"predecessor-version":[{"id":27850,"href":"https:\/\/wp.ufpel.edu.br\/progep\/wp-json\/wp\/v2\/pages\/27148\/revisions\/27850"}],"wp:attachment":[{"href":"https:\/\/wp.ufpel.edu.br\/progep\/wp-json\/wp\/v2\/media?parent=27148"}],"curies":[{"name":"wp","href":"https:\/\/api.w.org\/{rel}","templated":true}]}}