{"id":27120,"date":"2024-11-06T14:46:47","date_gmt":"2024-11-06T17:46:47","guid":{"rendered":"https:\/\/wp.ufpel.edu.br\/progep\/?page_id=27120"},"modified":"2025-06-30T15:02:12","modified_gmt":"2025-06-30T18:02:12","slug":"trilha-pgd-curso-de-ferramentas-para-organizacao-do-trabalho","status":"publish","type":"page","link":"https:\/\/wp.ufpel.edu.br\/progep\/trilha-pgd-curso-de-ferramentas-para-organizacao-do-trabalho\/","title":{"rendered":"Capacita\u00e7\u00e3o: Trilha PGD: Curso de Ferramentas para Organiza\u00e7\u00e3o do Trabalho"},"content":{"rendered":"<p style=\"text-align: justify\"><strong>Ministrante: <\/strong>Andressa Andrade Duquia (Servidora T\u00e9cnica-Administrativa em Educa\u00e7\u00e3o da Pr\u00f3-Reitoria de Gest\u00e3o de Pessoas)<\/p>\n<p style=\"text-align: justify\"><b>Modalidade:\u00a0<\/b>Online, sem tutoria. O curso \u00e9 oferecido de forma ass\u00edncrona, deste modo, o participante pode acessar o material e realizar as atividades no seu pr\u00f3prio ritmo, sem a presen\u00e7a de um tutor.<\/p>\n<p style=\"text-align: justify\"><strong>Carga hor\u00e1ria:<\/strong>\u00a020 horas<\/p>\n<p class=\"v1MsoNormal\" style=\"text-align: justify\"><strong>Per\u00edodo<\/strong>: 18 de novembro a 06 de dezembro de 2024<\/p>\n<p class=\"v1MsoNormal\" style=\"text-align: justify\"><strong>Realiza\u00e7\u00e3o<\/strong>: plataforma E-projeto da UFPel<\/p>\n<p style=\"text-align: justify\"><strong>Ementa:<br \/>\n<\/strong><\/p>\n<p class=\"Texto_Justificado\">Gest\u00e3o do Tempo<\/p>\n<p class=\"Texto_Justificado\">Ferramentas para compartilhamento<\/p>\n<p class=\"Texto_Justificado\">Ferramentas para edi\u00e7\u00e3o<\/p>\n<p class=\"Texto_Justificado\">Ferramentas para reuni\u00f5es<\/p>\n<p class=\"Texto_Justificado\">Ferramentas para trabalho remoto em equipe \/ produtividade<\/p>\n<p><b><strong>Avalia\u00e7\u00e3o:\u00a0<\/strong><\/b>A avalia\u00e7\u00e3o do curso ser\u00e1 conforme atividades\/avalia\u00e7\u00f5es propostas pelo\/a ministrante.<\/p>\n<p class=\"v1MsoNormal\"><strong>P\u00fablico Alvo<\/strong>: Servidores\/as docentes, TAE\u2019s e trabalhadores\/as terceirizados\/as ativos\/asda UF Pel*<\/p>\n<p><strong>N\u00famero de vagas:<\/strong>\u00a050 (limitadas por ordem de inscri\u00e7\u00e3o)<\/p>\n<p><strong>Per\u00edodo de inscri\u00e7\u00e3o<\/strong>: 06\/11 a 13\/11\/2024<\/p>\n<p><strong>Divulga\u00e7\u00e3o das inscri\u00e7\u00f5es homologadas<\/strong>: 14\/11**, nesta p\u00e1gina.<\/p>\n<p>*Considerando a Pol\u00edtica Nacional de Desenvolvimento de Pessoas, conforme Decreto n\u00ba 9.991\/19, somente ser\u00e3o certificados os\/as servidores\/as p\u00fablicos\/as pertencentes ao Quadro Efetivo da UFPel.<\/p>\n<p>**Quando homologadas as inscri\u00e7\u00f5es, os\/as selecionados\/as receber\u00e3o e-mail com instru\u00e7\u00f5es de acesso \u00e0 Plataforma E-projeto da UFPel.<\/p>\n<p><strong><span style=\"color: #ff6600\"><a style=\"color: #ff6600\" href=\"https:\/\/wp.ufpel.edu.br\/progep\/files\/2024\/11\/Homologacao-Trilha-PGD-Ferramentas-para-Organizacao-do-Trabalho.pdf\">INSCRI\u00c7\u00d5ES HOMOLOGADAS<\/a><\/span><\/strong><\/p>\n<p><strong>\u00a0<\/strong><\/p>\n<p><strong>Contato SFS:<\/strong>\u00a0cdp.capacita@ufpel.edu.br<\/p>\n","protected":false},"excerpt":{"rendered":"<p>Ministrante: Andressa Andrade Duquia (Servidora T\u00e9cnica-Administrativa em Educa\u00e7\u00e3o da Pr\u00f3-Reitoria de Gest\u00e3o de Pessoas) Modalidade:\u00a0Online, sem tutoria. O curso \u00e9 oferecido de forma ass\u00edncrona, deste modo, o participante pode acessar o material e realizar as atividades no seu pr\u00f3prio ritmo, sem a presen\u00e7a de um tutor. Carga hor\u00e1ria:\u00a020 horas Per\u00edodo: 18 de novembro a 06 [&hellip;]<\/p>\n","protected":false},"author":21,"featured_media":0,"parent":0,"menu_order":0,"comment_status":"closed","ping_status":"closed","template":"","meta":{"footnotes":""},"class_list":["post-27120","page","type-page","status-publish","hentry"],"_links":{"self":[{"href":"https:\/\/wp.ufpel.edu.br\/progep\/wp-json\/wp\/v2\/pages\/27120","targetHints":{"allow":["GET"]}}],"collection":[{"href":"https:\/\/wp.ufpel.edu.br\/progep\/wp-json\/wp\/v2\/pages"}],"about":[{"href":"https:\/\/wp.ufpel.edu.br\/progep\/wp-json\/wp\/v2\/types\/page"}],"author":[{"embeddable":true,"href":"https:\/\/wp.ufpel.edu.br\/progep\/wp-json\/wp\/v2\/users\/21"}],"replies":[{"embeddable":true,"href":"https:\/\/wp.ufpel.edu.br\/progep\/wp-json\/wp\/v2\/comments?post=27120"}],"version-history":[{"count":6,"href":"https:\/\/wp.ufpel.edu.br\/progep\/wp-json\/wp\/v2\/pages\/27120\/revisions"}],"predecessor-version":[{"id":34186,"href":"https:\/\/wp.ufpel.edu.br\/progep\/wp-json\/wp\/v2\/pages\/27120\/revisions\/34186"}],"wp:attachment":[{"href":"https:\/\/wp.ufpel.edu.br\/progep\/wp-json\/wp\/v2\/media?parent=27120"}],"curies":[{"name":"wp","href":"https:\/\/api.w.org\/{rel}","templated":true}]}}