{"id":26977,"date":"2024-10-17T15:35:42","date_gmt":"2024-10-17T18:35:42","guid":{"rendered":"https:\/\/wp.ufpel.edu.br\/progep\/?page_id=26977"},"modified":"2024-10-17T15:35:42","modified_gmt":"2024-10-17T18:35:42","slug":"licenca-gestante-prorrogacao-de-licenca-gestante","status":"publish","type":"page","link":"https:\/\/wp.ufpel.edu.br\/progep\/licenca-gestante-prorrogacao-de-licenca-gestante\/","title":{"rendered":"Licen\u00e7a Gestante\/Prorroga\u00e7\u00e3o de Licen\u00e7a Gestante"},"content":{"rendered":"<p><a href=\"https:\/\/wp.ufpel.edu.br\/sei\/files\/2023\/01\/Licenca-Gestante-e-Prorrogacao.pdf\">\u00c9 o afastamento concedido \u00e0 servidora efetiva gestante na ocasi\u00e3o do nascimento de filho(a), sem preju\u00edzo da remunera\u00e7\u00e3o. A licen\u00e7a ser\u00e1 concedida pelo prazo de 120 (cento e vinte) dias consecutivos a partir do nascimento do(a) filho(a) ou ter in\u00edcio no primeiro dia do nono m\u00eas de gesta\u00e7\u00e3o, sendo prorrog\u00e1vel por mais 60 (sessenta) dias, desde que a servidora p\u00fablica requeira em at\u00e9 30 dias ap\u00f3s o nascimento.<\/a><\/p>\n","protected":false},"excerpt":{"rendered":"<p>\u00c9 o afastamento concedido \u00e0 servidora efetiva gestante na ocasi\u00e3o do nascimento de filho(a), sem preju\u00edzo da remunera\u00e7\u00e3o. A licen\u00e7a ser\u00e1 concedida pelo prazo de 120 (cento e vinte) dias consecutivos a partir do nascimento do(a) filho(a) ou ter in\u00edcio no primeiro dia do nono m\u00eas de gesta\u00e7\u00e3o, sendo prorrog\u00e1vel por mais 60 (sessenta) dias, [&hellip;]<\/p>\n","protected":false},"author":52,"featured_media":0,"parent":0,"menu_order":0,"comment_status":"closed","ping_status":"closed","template":"","meta":{"footnotes":""},"class_list":["post-26977","page","type-page","status-publish","hentry"],"_links":{"self":[{"href":"https:\/\/wp.ufpel.edu.br\/progep\/wp-json\/wp\/v2\/pages\/26977","targetHints":{"allow":["GET"]}}],"collection":[{"href":"https:\/\/wp.ufpel.edu.br\/progep\/wp-json\/wp\/v2\/pages"}],"about":[{"href":"https:\/\/wp.ufpel.edu.br\/progep\/wp-json\/wp\/v2\/types\/page"}],"author":[{"embeddable":true,"href":"https:\/\/wp.ufpel.edu.br\/progep\/wp-json\/wp\/v2\/users\/52"}],"replies":[{"embeddable":true,"href":"https:\/\/wp.ufpel.edu.br\/progep\/wp-json\/wp\/v2\/comments?post=26977"}],"version-history":[{"count":1,"href":"https:\/\/wp.ufpel.edu.br\/progep\/wp-json\/wp\/v2\/pages\/26977\/revisions"}],"predecessor-version":[{"id":26979,"href":"https:\/\/wp.ufpel.edu.br\/progep\/wp-json\/wp\/v2\/pages\/26977\/revisions\/26979"}],"wp:attachment":[{"href":"https:\/\/wp.ufpel.edu.br\/progep\/wp-json\/wp\/v2\/media?parent=26977"}],"curies":[{"name":"wp","href":"https:\/\/api.w.org\/{rel}","templated":true}]}}