{"id":26899,"date":"2024-10-15T11:34:16","date_gmt":"2024-10-15T14:34:16","guid":{"rendered":"https:\/\/wp.ufpel.edu.br\/progep\/?page_id=26899"},"modified":"2025-06-30T15:01:38","modified_gmt":"2025-06-30T18:01:38","slug":"gestao-de-riscos","status":"publish","type":"page","link":"https:\/\/wp.ufpel.edu.br\/progep\/gestao-de-riscos\/","title":{"rendered":"Capacita\u00e7\u00e3o: Gest\u00e3o de Riscos"},"content":{"rendered":"<p><strong>Ministrante: <\/strong>Priscila Nesello (Docente do Centro de Ci\u00eancias Socio-Organizacionais\/UFPEL)<\/p>\n<p><b>Modalidade: <\/b>Online, sem tutoria. O curso \u00e9 oferecido de forma ass\u00edncrona, deste modo, o participante pode acessar o material e realizar as atividades no seu pr\u00f3prio ritmo, sem a presen\u00e7a de um tutor.<\/p>\n<p><strong>Carga hor\u00e1ria:<\/strong> 20 horas<\/p>\n<p class=\"v1MsoNormal\"><strong>Per\u00edodo<\/strong>: 04 de novembro a 23 <span style=\"background-color: #ffffff\">de novembro de 2024<\/span><\/p>\n<p class=\"v1MsoNormal\"><strong>Realiza\u00e7\u00e3o<\/strong>: plataforma E-projeto da UFPel<\/p>\n<p><strong>S\u00famula<\/strong>:<\/p>\n<ul>\n<li>Introdu\u00e7\u00e3o \u00e0 Gest\u00e3o de Riscos<\/li>\n<li>An\u00e1lise Qualitativa de Riscos<\/li>\n<li>An\u00e1lise Quantitativa de Riscos<\/li>\n<li>Estrat\u00e9gias de Respostas a Riscos<\/li>\n<\/ul>\n<p><b><strong>Avalia\u00e7\u00e3o: <\/strong><\/b>A avalia\u00e7\u00e3o do curso ser\u00e1 conforme atividades\/avalia\u00e7\u00f5es propostas pelo\/a ministrante.<\/p>\n<p class=\"v1MsoNormal\"><strong>P\u00fablico Alvo<\/strong>: Servidores(as) docentes, TAE\u2019s e trabalhadores(as) terceirizados(as) ativos(as) da UFPel*<\/p>\n<p><strong>N\u00famero de vagas:<\/strong> 30 (limitadas por ordem de inscri\u00e7\u00e3o)<\/p>\n<p><strong>Per\u00edodo de inscri\u00e7\u00e3o<\/strong>: 15\/10 a 30\/10\/2024<\/p>\n<p><strong>Divulga\u00e7\u00e3o das inscri\u00e7\u00f5es homologadas<\/strong>: 31\/10**, nesta p\u00e1gina.<\/p>\n<p>*Considerando a Pol\u00edtica Nacional de Desenvolvimento de Pessoas, conforme Decreto n\u00ba 9.991\/19, somente ser\u00e3o certificados os servidores p\u00fablicos pertencentes ao Quadro Efetivo da UFPel.<\/p>\n<p>**Quando homologadas as inscri\u00e7\u00f5es, os selecionados receber\u00e3o e-mail com instru\u00e7\u00f5es de acesso \u00e0 Plataforma E-projeto da UFPel.<\/p>\n<p><strong><span style=\"color: #ff6600\"><a style=\"color: #ff6600\" href=\"https:\/\/wp.ufpel.edu.br\/progep\/files\/2024\/10\/Homologacao-Gestao-de-riscos.pdf\">INSCRI\u00c7\u00d5ES HOMOLOGADAS<\/a><\/span><\/strong><\/p>\n<p>&nbsp;<\/p>\n","protected":false},"excerpt":{"rendered":"<p>Ministrante: Priscila Nesello (Docente do Centro de Ci\u00eancias Socio-Organizacionais\/UFPEL) Modalidade: Online, sem tutoria. O curso \u00e9 oferecido de forma ass\u00edncrona, deste modo, o participante pode acessar o material e realizar as atividades no seu pr\u00f3prio ritmo, sem a presen\u00e7a de um tutor. Carga hor\u00e1ria: 20 horas Per\u00edodo: 04 de novembro a 23 de novembro de [&hellip;]<\/p>\n","protected":false},"author":21,"featured_media":0,"parent":0,"menu_order":0,"comment_status":"closed","ping_status":"closed","template":"","meta":{"footnotes":""},"class_list":["post-26899","page","type-page","status-publish","hentry"],"_links":{"self":[{"href":"https:\/\/wp.ufpel.edu.br\/progep\/wp-json\/wp\/v2\/pages\/26899","targetHints":{"allow":["GET"]}}],"collection":[{"href":"https:\/\/wp.ufpel.edu.br\/progep\/wp-json\/wp\/v2\/pages"}],"about":[{"href":"https:\/\/wp.ufpel.edu.br\/progep\/wp-json\/wp\/v2\/types\/page"}],"author":[{"embeddable":true,"href":"https:\/\/wp.ufpel.edu.br\/progep\/wp-json\/wp\/v2\/users\/21"}],"replies":[{"embeddable":true,"href":"https:\/\/wp.ufpel.edu.br\/progep\/wp-json\/wp\/v2\/comments?post=26899"}],"version-history":[{"count":7,"href":"https:\/\/wp.ufpel.edu.br\/progep\/wp-json\/wp\/v2\/pages\/26899\/revisions"}],"predecessor-version":[{"id":34180,"href":"https:\/\/wp.ufpel.edu.br\/progep\/wp-json\/wp\/v2\/pages\/26899\/revisions\/34180"}],"wp:attachment":[{"href":"https:\/\/wp.ufpel.edu.br\/progep\/wp-json\/wp\/v2\/media?parent=26899"}],"curies":[{"name":"wp","href":"https:\/\/api.w.org\/{rel}","templated":true}]}}