{"id":26869,"date":"2024-10-09T17:50:30","date_gmt":"2024-10-09T20:50:30","guid":{"rendered":"https:\/\/wp.ufpel.edu.br\/progep\/?page_id=26869"},"modified":"2025-06-30T15:00:38","modified_gmt":"2025-06-30T18:00:38","slug":"estrategias-para-melhoria-da-comunicacao-no-teletrabalho","status":"publish","type":"page","link":"https:\/\/wp.ufpel.edu.br\/progep\/estrategias-para-melhoria-da-comunicacao-no-teletrabalho\/","title":{"rendered":"Capacita\u00e7\u00e3o: Estrat\u00e9gias para Melhoria da Comunica\u00e7\u00e3o no Teletrabalho"},"content":{"rendered":"<p><strong>Ministrante: <\/strong>Caroline Casali (Docente do Centro de Ci\u00eancias Socio-organizacionais da UFPEL)<\/p>\n<p><b>Modalidade:<\/b> Online, sem tutoria. O curso \u00e9 oferecido de forma ass\u00edncrona, deste modo, o participante pode acessar o material e realizar as atividades no seu pr\u00f3prio ritmo, sem a presen\u00e7a de um tutor.<\/p>\n<p><strong>Carga hor\u00e1ria:<\/strong> 20 horas<\/p>\n<p class=\"v1MsoNormal\"><strong>Per\u00edodo de realiza\u00e7\u00e3o<\/strong>: 29 de outubro a 17 <span style=\"background-color: #ffffff\">de novembro de 2024\u00a0<\/span><\/p>\n<p class=\"v1MsoNormal\"><strong>Local de realiza\u00e7\u00e3o<\/strong>: Plataforma E-projeto da UFPel<\/p>\n<p><strong>S\u00famula<\/strong>:<\/p>\n<ul>\n<li>M\u00f3dulo 1: Desafios da comunica\u00e7\u00e3o no teletrabalho<\/li>\n<li>M\u00f3dulo 2: Estrat\u00e9gias de comunica\u00e7\u00e3o para o trabalho remoto em equipes<\/li>\n<li>M\u00f3dulo 3: Estrat\u00e9gias de comunica\u00e7\u00e3o para acordos e resultados<\/li>\n<li>M\u00f3dulo 4: Estrat\u00e9gias e ferramentas para reuni\u00f5es online<\/li>\n<li>M\u00f3dulo 5: Ferramentas de comunica\u00e7\u00e3o para o teletrabalho<\/li>\n<\/ul>\n<p><b><strong>Avalia\u00e7\u00e3o: <\/strong><\/b>A avalia\u00e7\u00e3o do curso ser\u00e1 realizada mediante resposta a cinco question\u00e1rios disponibilizados ao final de cada m\u00f3dulo. O participante deve alcan\u00e7ar ao menos 60% de aproveitamento nos question\u00e1rios..<\/p>\n<p class=\"v1MsoNormal\"><strong>P\u00fablico Alvo<\/strong>: Servidores(as) docentes, TAE\u2019s e trabalhadores(as) terceirizados(as) ativos(as) da UFPel*<\/p>\n<p><strong>N\u00famero de vagas:<\/strong> 30 (limitadas por ordem de inscri\u00e7\u00e3o)<\/p>\n<p><strong>Per\u00edodo de inscri\u00e7\u00e3o<\/strong>: 10\/10 a 24\/10\/2024<\/p>\n<p><strong>Divulga\u00e7\u00e3o das inscri\u00e7\u00f5es homologadas<\/strong>: 25\/10**, nesta p\u00e1gina.<\/p>\n<p>*Considerando a Pol\u00edtica Nacional de Desenvolvimento de Pessoas, conforme Decreto n\u00ba 9.991\/19, somente ser\u00e3o certificados os servidores p\u00fablicos pertencentes ao Quadro Efetivo da UFPel.<\/p>\n<p>**Quando homologadas as inscri\u00e7\u00f5es, os selecionados receber\u00e3o e-mail com instru\u00e7\u00f5es de acesso \u00e0 Plataforma E-projeto da UFPel.<\/p>\n<p><strong><span style=\"color: #ff6600\"><a style=\"color: #ff6600\" href=\"https:\/\/wp.ufpel.edu.br\/progep\/files\/2024\/10\/HOMOLOGACAO-Estrategias-para-Melhoria-da-Comunicacao-no-Teletrabalho.pdf\">INSCRI\u00c7\u00d5ES HOMOLOGADAS<\/a><\/span><\/strong><\/p>\n<p>&nbsp;<\/p>\n<p><span style=\"font-size: 10pt\">Contato SFS: cdp.capacita@ufpel.edu.br<\/span><\/p>\n","protected":false},"excerpt":{"rendered":"<p>Ministrante: Caroline Casali (Docente do Centro de Ci\u00eancias Socio-organizacionais da UFPEL) Modalidade: Online, sem tutoria. O curso \u00e9 oferecido de forma ass\u00edncrona, deste modo, o participante pode acessar o material e realizar as atividades no seu pr\u00f3prio ritmo, sem a presen\u00e7a de um tutor. Carga hor\u00e1ria: 20 horas Per\u00edodo de realiza\u00e7\u00e3o: 29 de outubro a [&hellip;]<\/p>\n","protected":false},"author":21,"featured_media":0,"parent":0,"menu_order":0,"comment_status":"closed","ping_status":"closed","template":"","meta":{"footnotes":""},"class_list":["post-26869","page","type-page","status-publish","hentry"],"_links":{"self":[{"href":"https:\/\/wp.ufpel.edu.br\/progep\/wp-json\/wp\/v2\/pages\/26869","targetHints":{"allow":["GET"]}}],"collection":[{"href":"https:\/\/wp.ufpel.edu.br\/progep\/wp-json\/wp\/v2\/pages"}],"about":[{"href":"https:\/\/wp.ufpel.edu.br\/progep\/wp-json\/wp\/v2\/types\/page"}],"author":[{"embeddable":true,"href":"https:\/\/wp.ufpel.edu.br\/progep\/wp-json\/wp\/v2\/users\/21"}],"replies":[{"embeddable":true,"href":"https:\/\/wp.ufpel.edu.br\/progep\/wp-json\/wp\/v2\/comments?post=26869"}],"version-history":[{"count":9,"href":"https:\/\/wp.ufpel.edu.br\/progep\/wp-json\/wp\/v2\/pages\/26869\/revisions"}],"predecessor-version":[{"id":34177,"href":"https:\/\/wp.ufpel.edu.br\/progep\/wp-json\/wp\/v2\/pages\/26869\/revisions\/34177"}],"wp:attachment":[{"href":"https:\/\/wp.ufpel.edu.br\/progep\/wp-json\/wp\/v2\/media?parent=26869"}],"curies":[{"name":"wp","href":"https:\/\/api.w.org\/{rel}","templated":true}]}}