{"id":26818,"date":"2024-10-01T17:48:33","date_gmt":"2024-10-01T20:48:33","guid":{"rendered":"https:\/\/wp.ufpel.edu.br\/progep\/?page_id=26818"},"modified":"2024-10-09T19:22:03","modified_gmt":"2024-10-09T22:22:03","slug":"chamada-publica-07-2024","status":"publish","type":"page","link":"https:\/\/wp.ufpel.edu.br\/progep\/chamada-publica-07-2024\/","title":{"rendered":"CHAMADA P\u00daBLICA 07\/2024"},"content":{"rendered":"<p><a href=\"https:\/\/wp.ufpel.edu.br\/progep\/files\/2024\/10\/Chamada-Publica-07-2024.pdf\">Chamada P\u00fablica de Remo\u00e7\u00e3o 07\/2024<\/a><\/p>\n<p><a href=\"https:\/\/wp.ufpel.edu.br\/progep\/files\/2024\/10\/Chamada-Publica-07-2024-RETIFICACAO.pdf\">Chamada P\u00fablica de Remo\u00e7\u00e3o 07\/2024 &#8211; RETIFICA\u00c7\u00c3O<\/a><\/p>\n<p><a href=\"https:\/\/wp.ufpel.edu.br\/progep\/files\/2024\/10\/SEI_UFPel-2782682-Edital-PROGEP.pdf\">Resultado Final<\/a><\/p>\n","protected":false},"excerpt":{"rendered":"<p>Chamada P\u00fablica de Remo\u00e7\u00e3o 07\/2024 Chamada P\u00fablica de Remo\u00e7\u00e3o 07\/2024 &#8211; RETIFICA\u00c7\u00c3O Resultado Final<\/p>\n","protected":false},"author":52,"featured_media":0,"parent":0,"menu_order":0,"comment_status":"closed","ping_status":"closed","template":"","meta":{"footnotes":""},"class_list":["post-26818","page","type-page","status-publish","hentry"],"_links":{"self":[{"href":"https:\/\/wp.ufpel.edu.br\/progep\/wp-json\/wp\/v2\/pages\/26818","targetHints":{"allow":["GET"]}}],"collection":[{"href":"https:\/\/wp.ufpel.edu.br\/progep\/wp-json\/wp\/v2\/pages"}],"about":[{"href":"https:\/\/wp.ufpel.edu.br\/progep\/wp-json\/wp\/v2\/types\/page"}],"author":[{"embeddable":true,"href":"https:\/\/wp.ufpel.edu.br\/progep\/wp-json\/wp\/v2\/users\/52"}],"replies":[{"embeddable":true,"href":"https:\/\/wp.ufpel.edu.br\/progep\/wp-json\/wp\/v2\/comments?post=26818"}],"version-history":[{"count":4,"href":"https:\/\/wp.ufpel.edu.br\/progep\/wp-json\/wp\/v2\/pages\/26818\/revisions"}],"predecessor-version":[{"id":26874,"href":"https:\/\/wp.ufpel.edu.br\/progep\/wp-json\/wp\/v2\/pages\/26818\/revisions\/26874"}],"wp:attachment":[{"href":"https:\/\/wp.ufpel.edu.br\/progep\/wp-json\/wp\/v2\/media?parent=26818"}],"curies":[{"name":"wp","href":"https:\/\/api.w.org\/{rel}","templated":true}]}}