{"id":26769,"date":"2024-09-23T10:01:54","date_gmt":"2024-09-23T13:01:54","guid":{"rendered":"https:\/\/wp.ufpel.edu.br\/progep\/?page_id=26769"},"modified":"2025-06-30T15:00:33","modified_gmt":"2025-06-30T18:00:33","slug":"roda-de-conversa-setembro-amarelo-falando-sobre-o-suicidio-o-cuidado-e-a-vida","status":"publish","type":"page","link":"https:\/\/wp.ufpel.edu.br\/progep\/roda-de-conversa-setembro-amarelo-falando-sobre-o-suicidio-o-cuidado-e-a-vida\/","title":{"rendered":"Capacita\u00e7\u00e3o: Roda de Conversa &#8220;Setembro Amarelo: Falando sobre o suic\u00eddio, o cuidado e a vida&#8221;"},"content":{"rendered":"<p><strong>Facilitador(a): <\/strong>Maria Helena Concei\u00e7\u00e3o Silveira (Psic\u00f3loga \u2013 Coordena\u00e7\u00e3o de Sa\u00fade e Qualidade de Vida;\/ PROGEP)<\/p>\n<p><strong>Datas\/hor\u00e1rios\/Locais de realiza\u00e7\u00e3o:<\/strong><\/p>\n<p>Dia 30\/09\/24 (segunda-feira), das 14h30min-16h &#8211; Faculdade de Direito &#8211; Sala 05<\/p>\n<p>Dia 02\/10\/2024 (quarta-feira), das 15h &#8211; 16:30 &#8211; Faculdade de Odontologia, sala 601<\/p>\n<p><strong>Ementa:<br \/>\n<\/strong><\/p>\n<ul>\n<li class=\"Texto_Justificado\">Origem da Tem\u00e1tica<\/li>\n<li class=\"Texto_Justificado\">Dados Epidemiol\u00f3gicos<\/li>\n<li class=\"Texto_Justificado\">Sinais de Alerta<\/li>\n<li class=\"Texto_Justificado\">Mitos e Fatos<\/li>\n<li class=\"Texto_Justificado\">O que fazer\/O que n\u00e3o fazer<\/li>\n<li class=\"Texto_Justificado\">Cuidando da sa\u00fade metal<\/li>\n<li class=\"Texto_Justificado\">A vida \u00e9 \u00fanica<\/li>\n<\/ul>\n<p><strong>P\u00fablico Alvo<\/strong>: Servidores(as) docentes, TAE\u2019s e trabalhadores(as) terceirizados(as) ativos(as) da UFPel*<\/p>\n<p><strong>Per\u00edodo de inscri\u00e7\u00e3o<\/strong>:<br \/>\nTurma FD: 23\/09 a 26\/09\/2024<br \/>\nTurma FO: 23\/09 a 29\/09\/2024<\/p>\n<p><strong>Divulga\u00e7\u00e3o das inscri\u00e7\u00f5es homologadas<\/strong>: As inscri\u00e7\u00f5es homologadas ser\u00e3o divulgadas nesta p\u00e1gina conforme o seguinte cronograma:<br \/>\nTurma FD: 27\/09<br \/>\nTurma FO: 30\/09<\/p>\n<p><span style=\"background-color: #ffffff\">*Vagas destinadas \u00e0 servidores pertencentes ao Quadro Efetivo da UFPel, preferencialmente. Considerando a Pol\u00edtica Nacional de Desenvolvimento de Pessoas, conforme Decreto n\u00ba 9.991\/19, somente ser\u00e3o certificados os servidores p\u00fablicos pertencentes ao Quadro Efetivo da UFPel;<\/span><br \/>\n<span style=\"background-color: #ffffff\">** Quando homologadas as inscri\u00e7\u00f5es, os selecionados receber\u00e3o e-mail de confirma\u00e7\u00e3o com instru\u00e7\u00f5es.<\/span><\/p>\n<p>Observa\u00e7\u00e3o: A homologa\u00e7\u00e3o das inscri\u00e7\u00f5es dos(as) trabalhadores(as) terceirizados ficar\u00e1 condicionada \u00e0 an\u00e1lise pr\u00e9via e manifesta\u00e7\u00e3o por parte do NUGEST\/PRA.<\/p>\n<p>&nbsp;<\/p>\n<p><span style=\"font-size: 10pt\"><strong>Contato:<\/strong> cdp.capacita@ufpel.edu.br<\/span><\/p>\n","protected":false},"excerpt":{"rendered":"<p>Facilitador(a): Maria Helena Concei\u00e7\u00e3o Silveira (Psic\u00f3loga \u2013 Coordena\u00e7\u00e3o de Sa\u00fade e Qualidade de Vida;\/ PROGEP) Datas\/hor\u00e1rios\/Locais de realiza\u00e7\u00e3o: Dia 30\/09\/24 (segunda-feira), das 14h30min-16h &#8211; Faculdade de Direito &#8211; Sala 05 Dia 02\/10\/2024 (quarta-feira), das 15h &#8211; 16:30 &#8211; Faculdade de Odontologia, sala 601 Ementa: Origem da Tem\u00e1tica Dados Epidemiol\u00f3gicos Sinais de Alerta Mitos e Fatos [&hellip;]<\/p>\n","protected":false},"author":21,"featured_media":0,"parent":0,"menu_order":0,"comment_status":"closed","ping_status":"closed","template":"","meta":{"footnotes":""},"class_list":["post-26769","page","type-page","status-publish","hentry"],"_links":{"self":[{"href":"https:\/\/wp.ufpel.edu.br\/progep\/wp-json\/wp\/v2\/pages\/26769","targetHints":{"allow":["GET"]}}],"collection":[{"href":"https:\/\/wp.ufpel.edu.br\/progep\/wp-json\/wp\/v2\/pages"}],"about":[{"href":"https:\/\/wp.ufpel.edu.br\/progep\/wp-json\/wp\/v2\/types\/page"}],"author":[{"embeddable":true,"href":"https:\/\/wp.ufpel.edu.br\/progep\/wp-json\/wp\/v2\/users\/21"}],"replies":[{"embeddable":true,"href":"https:\/\/wp.ufpel.edu.br\/progep\/wp-json\/wp\/v2\/comments?post=26769"}],"version-history":[{"count":7,"href":"https:\/\/wp.ufpel.edu.br\/progep\/wp-json\/wp\/v2\/pages\/26769\/revisions"}],"predecessor-version":[{"id":34176,"href":"https:\/\/wp.ufpel.edu.br\/progep\/wp-json\/wp\/v2\/pages\/26769\/revisions\/34176"}],"wp:attachment":[{"href":"https:\/\/wp.ufpel.edu.br\/progep\/wp-json\/wp\/v2\/media?parent=26769"}],"curies":[{"name":"wp","href":"https:\/\/api.w.org\/{rel}","templated":true}]}}