{"id":26638,"date":"2024-09-12T18:41:04","date_gmt":"2024-09-12T21:41:04","guid":{"rendered":"https:\/\/wp.ufpel.edu.br\/progep\/?page_id=26638"},"modified":"2025-05-16T09:08:55","modified_gmt":"2025-05-16T12:08:55","slug":"2a-edicao-do-cine-debate-dialogando-sobre-saude-emocoes-e-bem-estar","status":"publish","type":"page","link":"https:\/\/wp.ufpel.edu.br\/progep\/2a-edicao-do-cine-debate-dialogando-sobre-saude-emocoes-e-bem-estar\/","title":{"rendered":"Capacita\u00e7\u00e3o: 2\u00aa Edi\u00e7\u00e3o do Cine Debate: Dialogando sobre sa\u00fade, emo\u00e7\u00f5es e bem estar"},"content":{"rendered":"<p><strong>Facilitadoras:<br \/>\n<\/strong>Deciane Pintanela de Carvalho (Enfermeira da Pr\u00f3-Reitoria de Gest\u00e3o de Pessoas\/ UFPel)<br \/>\nAline da Rosa Pizarro (Enfermeira da Pr\u00f3-Reitoria de Gest\u00e3o de Pessoas\/ UFPel)<br \/>\nT\u00e2nia Luiza Stigger Vieira (T\u00e9cnica em Enfermagem da Pr\u00f3-Reitoria de Gest\u00e3o de Pessoas\/ UFPel)<br \/>\nAng\u00e9lica Gon\u00e7alves Peter (Psic\u00f3loga da Pr\u00f3-Reitoria de Gest\u00e3o de Pessoas\/ UFPel)<br \/>\nCarolina Andersson Bunde (Assistente Social da Pr\u00f3-Reitoria de Gest\u00e3o de Pessoas\/ UFPel)<br \/>\nMaria Helena Concei\u00e7\u00e3o Silveira (Psic\u00f3loga da Pr\u00f3-Reitoria de Gest\u00e3o de Pessoas\/ UFPel)<strong><br \/>\n<\/strong><\/p>\n<p><strong>Data:<\/strong> 30\/10\/2024 (quarta-feira)<\/p>\n<p><strong>Hor\u00e1rio: <\/strong>das 14h \u00e0s 17h<\/p>\n<p><strong>Modalidade: <\/strong>Presencial<\/p>\n<p><strong>Local: <\/strong>Audit\u00f3rio da Reitoria &#8211; Campus Anglo 4\u00ba andar<\/p>\n<p><strong>Ementa:<br \/>\n<\/strong>Debate sobre intelig\u00eancia emocional;<br \/>\nDi\u00e1logos sobre sa\u00fade, emo\u00e7\u00f5es e bem estar.<\/p>\n<p><strong>P\u00fablico Alvo<\/strong>: Servidores(as) docentes, TAE\u2019s e trabalhadores(as) terceirizados(as) ativos(as) da UFPel*<\/p>\n<p><strong>N\u00famero de vagas:<\/strong> 40 (por ordem de inscri\u00e7\u00e3o)<\/p>\n<p><strong>Per\u00edodo de inscri\u00e7\u00e3o<\/strong>: 17\/09 a 28\/10\/2024<\/p>\n<p><strong>Divulga\u00e7\u00e3o das inscri\u00e7\u00f5es homologadas<\/strong>: 29\/10, nesta p\u00e1gina**<\/p>\n<p><span style=\"background-color: #ffffff\">*Considerando a Pol\u00edtica Nacional de Desenvolvimento de Pessoas, conforme Decreto n\u00ba 9.991\/19, somente ser\u00e3o certificados os servidores p\u00fablicos pertencentes ao Quadro Efetivo da UFPel.<\/span><\/p>\n<p><span style=\"background-color: #ffffff\">**Quando homologadas as inscri\u00e7\u00f5es, os selecionados receber\u00e3o e-mail com instru\u00e7\u00f5es de acesso \u00e0 sala de Webconf da UFPel.<\/span><\/p>\n<p><span style=\"background-color: #ffffff\">Observa\u00e7\u00e3o: A homologa\u00e7\u00e3o das inscri\u00e7\u00f5es dos(as) trabalhadores(as) terceirizados ficar\u00e1 condicionada \u00e0 an\u00e1lise pr\u00e9via e manifesta\u00e7\u00e3o por parte do NUGEST\/PRA.<\/span><\/p>\n<p><strong><span style=\"color: #ff6600\"><a style=\"color: #ff6600\" href=\"https:\/\/wp.ufpel.edu.br\/progep\/files\/2024\/10\/Homologacao-2a-Edicao-do-Cine-Debate.pdf\">INSCRI\u00c7\u00d5ES HOMOLOGADAS<\/a><\/span><\/strong><\/p>\n<p><span style=\"font-size: 10pt\"><strong>Contato:<\/strong> cdp.capacita@ufpel.edu.br<\/span><\/p>\n","protected":false},"excerpt":{"rendered":"<p>Facilitadoras: Deciane Pintanela de Carvalho (Enfermeira da Pr\u00f3-Reitoria de Gest\u00e3o de Pessoas\/ UFPel) Aline da Rosa Pizarro (Enfermeira da Pr\u00f3-Reitoria de Gest\u00e3o de Pessoas\/ UFPel) T\u00e2nia Luiza Stigger Vieira (T\u00e9cnica em Enfermagem da Pr\u00f3-Reitoria de Gest\u00e3o de Pessoas\/ UFPel) Ang\u00e9lica Gon\u00e7alves Peter (Psic\u00f3loga da Pr\u00f3-Reitoria de Gest\u00e3o de Pessoas\/ UFPel) Carolina Andersson Bunde (Assistente Social [&hellip;]<\/p>\n","protected":false},"author":21,"featured_media":0,"parent":0,"menu_order":0,"comment_status":"closed","ping_status":"closed","template":"","meta":{"footnotes":""},"class_list":["post-26638","page","type-page","status-publish","hentry"],"_links":{"self":[{"href":"https:\/\/wp.ufpel.edu.br\/progep\/wp-json\/wp\/v2\/pages\/26638","targetHints":{"allow":["GET"]}}],"collection":[{"href":"https:\/\/wp.ufpel.edu.br\/progep\/wp-json\/wp\/v2\/pages"}],"about":[{"href":"https:\/\/wp.ufpel.edu.br\/progep\/wp-json\/wp\/v2\/types\/page"}],"author":[{"embeddable":true,"href":"https:\/\/wp.ufpel.edu.br\/progep\/wp-json\/wp\/v2\/users\/21"}],"replies":[{"embeddable":true,"href":"https:\/\/wp.ufpel.edu.br\/progep\/wp-json\/wp\/v2\/comments?post=26638"}],"version-history":[{"count":9,"href":"https:\/\/wp.ufpel.edu.br\/progep\/wp-json\/wp\/v2\/pages\/26638\/revisions"}],"predecessor-version":[{"id":32538,"href":"https:\/\/wp.ufpel.edu.br\/progep\/wp-json\/wp\/v2\/pages\/26638\/revisions\/32538"}],"wp:attachment":[{"href":"https:\/\/wp.ufpel.edu.br\/progep\/wp-json\/wp\/v2\/media?parent=26638"}],"curies":[{"name":"wp","href":"https:\/\/api.w.org\/{rel}","templated":true}]}}