{"id":26632,"date":"2024-09-12T18:24:29","date_gmt":"2024-09-12T21:24:29","guid":{"rendered":"https:\/\/wp.ufpel.edu.br\/progep\/?page_id=26632"},"modified":"2025-06-30T15:00:16","modified_gmt":"2025-06-30T18:00:16","slug":"trilha-na-fazenda-do-centro-agropecuario-da-palma","status":"publish","type":"page","link":"https:\/\/wp.ufpel.edu.br\/progep\/trilha-na-fazenda-do-centro-agropecuario-da-palma\/","title":{"rendered":"Capacita\u00e7\u00e3o: Trilha na Fazenda do Centro Agropecu\u00e1rio da Palma"},"content":{"rendered":"<p><strong>Facilitador<\/strong>:\u00a0Clovis Nei Silva da Costa (Gerente do Centro Agropecu\u00e1rio da Palma\/UFPEL)<\/p>\n<p><strong>Data<\/strong>: 31\/10\/2023 (quinta-feira)<\/p>\n<p><strong>Hor\u00e1rio de sa\u00edda do transporte<\/strong>: 08 h ( Campus Anglo, em frente ao Restaurante Universit\u00e1rio)<\/p>\n<p><strong>Hor\u00e1rio de retorno do transporte<\/strong>: 14h30<\/p>\n<p><strong>Local<\/strong>: Centro Agropecu\u00e1rio da Palma (CAP)<br \/>\n\u21d2 Ser\u00e1 disponibilizado \u00f4nibus, com sa\u00edda do Campus Anglo, passando pela FAMED, com destino ao Centro Agropecu\u00e1rio da Palma (CAP).<\/p>\n<p><strong>Ementa<\/strong>:<br \/>\n&#8211; Trilha pelo Centro Agropecu\u00e1rio da Palma (CAP\/UFPel) com aprecia\u00e7\u00e3o de grutas, pedreiras desativadas, a\u00e7udes e uma infinidade de outras coisas.<\/p>\n<p>&#8211; Percurso em meio \u00e0 mata nativa conduzido por um guia servidor do Centro Agropecu\u00e1rio da Palma.<\/p>\n<p><strong>P\u00fablico Alvo<\/strong>: Servidores Docentes e T\u00e9cnicos-Administrativos em Educa\u00e7\u00e3o trabalhadores(as) terceirizados(as) ativos(as) da UFPel*<\/p>\n<p><strong>Vagas<\/strong>:\u00a0<strong>30 vagas<\/strong>, por ordem de inscri\u00e7\u00e3o*<\/p>\n<table border=\"1\">\n<tbody>\n<tr>\n<td><strong>Informa\u00e7\u00f5es importantes<\/strong>:<br \/>\n\u2022 O participante deve dar prefer\u00eancia a\u00a0roupas e cal\u00e7ados confort\u00e1veis\u00a0para a atividade e\u00a0levar garrafa com \u00e1gua\u00a0para consumo pr\u00f3prio;<br \/>\n\u2022 Ao t\u00e9rmino da trilha, prop\u00f5e-se um lanche comunit\u00e1rio, para o qual cada participante poder\u00e1 levar uma caneca (a bebida \u00e9 individual) e sua contribui\u00e7\u00e3o de lanche (compartilhado);<br \/>\n\u2022 Em caso de chuva, a atividade ser\u00e1 remarcada;<br \/>\n\u2022 Caso a trilha esteja escorregadia ou molhada em raz\u00e3o de chuva nas v\u00e9speras, ocorrer\u00e1 um passeio para os participantes conhecerem a estrutura do CAP.<\/td>\n<\/tr>\n<\/tbody>\n<\/table>\n<p><strong>Inscri\u00e7\u00f5es<\/strong>: at\u00e9 23\/10\/2023<\/p>\n<p><strong>Divulga\u00e7\u00e3o das inscri\u00e7\u00f5es homologadas<\/strong>: 25\/10\/2024 nesta p\u00e1gina**<\/p>\n<p><span style=\"background-color: #ffffff\">*Considerando a Pol\u00edtica Nacional de Desenvolvimento de Pessoas, conforme Decreto n\u00ba 9.991\/19, somente ser\u00e3o certificados os servidores p\u00fablicos pertencentes ao Quadro Efetivo da UFPel.<\/span><\/p>\n<p><span style=\"background-color: #ffffff\">**Quando homologadas as inscri\u00e7\u00f5es, os selecionados receber\u00e3o e-mail com instru\u00e7\u00f5es de acesso \u00e0 sala de Webconf da UFPel.<\/span><\/p>\n<p><span style=\"background-color: #ffffff\">Observa\u00e7\u00e3o: A homologa\u00e7\u00e3o das inscri\u00e7\u00f5es dos(as) trabalhadores(as) terceirizados ficar\u00e1 condicionada \u00e0 an\u00e1lise pr\u00e9via e manifesta\u00e7\u00e3o por parte do NUGEST\/PRA.<\/span><\/p>\n<p><strong><span style=\"color: #ff6600\"><a style=\"color: #ff6600\" href=\"https:\/\/wp.ufpel.edu.br\/progep\/files\/2024\/10\/HOMOLOGACAO-Trilha-da-Palma-1.pdf\">INSCRI\u00c7\u00d5ES HOMOLOGADAS<\/a><\/span><\/strong><\/p>\n<p><span style=\"font-size: 10pt\"><strong>Contato:<\/strong> cdp.capacita@ufpel.edu.br<\/span><\/p>\n<p>&nbsp;<\/p>\n","protected":false},"excerpt":{"rendered":"<p>Facilitador:\u00a0Clovis Nei Silva da Costa (Gerente do Centro Agropecu\u00e1rio da Palma\/UFPEL) Data: 31\/10\/2023 (quinta-feira) Hor\u00e1rio de sa\u00edda do transporte: 08 h ( Campus Anglo, em frente ao Restaurante Universit\u00e1rio) Hor\u00e1rio de retorno do transporte: 14h30 Local: Centro Agropecu\u00e1rio da Palma (CAP) \u21d2 Ser\u00e1 disponibilizado \u00f4nibus, com sa\u00edda do Campus Anglo, passando pela FAMED, com destino [&hellip;]<\/p>\n","protected":false},"author":21,"featured_media":0,"parent":0,"menu_order":0,"comment_status":"closed","ping_status":"closed","template":"","meta":{"footnotes":""},"class_list":["post-26632","page","type-page","status-publish","hentry"],"_links":{"self":[{"href":"https:\/\/wp.ufpel.edu.br\/progep\/wp-json\/wp\/v2\/pages\/26632","targetHints":{"allow":["GET"]}}],"collection":[{"href":"https:\/\/wp.ufpel.edu.br\/progep\/wp-json\/wp\/v2\/pages"}],"about":[{"href":"https:\/\/wp.ufpel.edu.br\/progep\/wp-json\/wp\/v2\/types\/page"}],"author":[{"embeddable":true,"href":"https:\/\/wp.ufpel.edu.br\/progep\/wp-json\/wp\/v2\/users\/21"}],"replies":[{"embeddable":true,"href":"https:\/\/wp.ufpel.edu.br\/progep\/wp-json\/wp\/v2\/comments?post=26632"}],"version-history":[{"count":11,"href":"https:\/\/wp.ufpel.edu.br\/progep\/wp-json\/wp\/v2\/pages\/26632\/revisions"}],"predecessor-version":[{"id":34173,"href":"https:\/\/wp.ufpel.edu.br\/progep\/wp-json\/wp\/v2\/pages\/26632\/revisions\/34173"}],"wp:attachment":[{"href":"https:\/\/wp.ufpel.edu.br\/progep\/wp-json\/wp\/v2\/media?parent=26632"}],"curies":[{"name":"wp","href":"https:\/\/api.w.org\/{rel}","templated":true}]}}