{"id":26630,"date":"2024-09-12T18:20:44","date_gmt":"2024-09-12T21:20:44","guid":{"rendered":"https:\/\/wp.ufpel.edu.br\/progep\/?page_id=26630"},"modified":"2025-06-30T15:00:08","modified_gmt":"2025-06-30T18:00:08","slug":"sintonia-yoga-chines-praticas-integrativas-e-complementares","status":"publish","type":"page","link":"https:\/\/wp.ufpel.edu.br\/progep\/sintonia-yoga-chines-praticas-integrativas-e-complementares\/","title":{"rendered":"Capacita\u00e7\u00e3o: Sintonia &#8211; Yoga Chin\u00eas (Campus Cap\u00e3o do Le\u00e3o)"},"content":{"rendered":"<p>A pr\u00e1tica de Yoga Chin\u00eas est\u00e1 inserida no \u00e2mbito do <strong>Projeto de Pr\u00e1ticas Integrativas e Complementares<\/strong> <strong>em Sa\u00fade<\/strong> (PICS) da Faculdade de Enfermagem da Universidade Federal de Pelotas (UFPel), no contexto da Rede de Aten\u00e7\u00e3o em Sa\u00fade.<\/p>\n<p><span style=\"color: #0000ff\"><strong>Voc\u00ea sabe o que s\u00e3o as PICS?<\/strong><\/span><br \/>\nAs Pr\u00e1ticas Integrativas e Complementares em Sa\u00fade (PICS)\u00a0s\u00e3o abordagens terap\u00eauticas que t\u00eam como objetivo prevenir agravos \u00e0 sa\u00fade, a promo\u00e7\u00e3o e recupera\u00e7\u00e3o da sa\u00fade, enfatizando a escuta acolhedora, a constru\u00e7\u00e3o de la\u00e7os terap\u00eauticos e a conex\u00e3o entre ser humano, meio ambiente e sociedade. Estas pr\u00e1ticas foram institucionalizadas pela\u00a0<strong><a class=\"external-link\" title=\"\" href=\"https:\/\/bvsms.saude.gov.br\/bvs\/publicacoes\/politica_nacional_praticas_integrativas_complementares_2ed.pdf\" target=\"_blank\" rel=\"noopener\" data-tippreview-enabled=\"false\" data-tippreview-image=\"\" data-tippreview-title=\"\">Pol\u00edtica Nacional de Pr\u00e1ticas Integrativas e Complementares no Sistema \u00danico de Sa\u00fade (PNPIC)<\/a><\/strong>\u00a0e, atualmente, o\u00a0<strong>Sistema \u00danico de Sa\u00fade (SUS)<\/strong>\u00a0oferece, de forma integral e gratuita, 29 procedimentos de\u00a0Pr\u00e1ticas Integrativas e Complementares (PICS)\u00a0\u00e0 popula\u00e7\u00e3o.<\/p>\n<p><strong>Facilitador(a): <\/strong>\u00c9len Nunes Garcia (Docente do Instituto de Biologia\/ UFPel)<\/p>\n<p><strong>Data:<\/strong> 24\/10\/2024 (quinta-feira)<\/p>\n<p><strong>Hor\u00e1rio: <\/strong>das 08h30min \u00e0s 10h30min<\/p>\n<p><strong>Modalidade: <\/strong>Presencial<\/p>\n<p><strong>Local:\u00a0<\/strong>\u00a0Espa\u00e7o Viva Bem, Campus Cap\u00e3o do Le\u00e3o<\/p>\n<p><strong>Ementa:<br \/>\n<\/strong>Pr\u00e1ticas de yoga: posturas, exerc\u00edcios\u00a0respirat\u00f3rios, pr\u00e1ticas meditativas.<strong><br \/>\n<\/strong><\/p>\n<p><strong>P\u00fablico Alvo<\/strong>: Servidores(as) docentes, TAE\u2019s e trabalhadores(as) terceirizados(as) ativos(as) da UFPel*<\/p>\n<p><strong>Per\u00edodo de inscri\u00e7\u00e3o<\/strong>: 16\/09 a 21\/10\/2024<\/p>\n<p><strong>Divulga\u00e7\u00e3o das inscri\u00e7\u00f5es homologadas<\/strong>: 22\/10**, nesta p\u00e1gina.<\/p>\n<p><span style=\"background-color: #ffffff\">*Vagas destinadas \u00e0 servidores pertencentes ao Quadro Efetivo da UFPel, preferencialmente. Considerando a Pol\u00edtica Nacional de Desenvolvimento de Pessoas, conforme Decreto n\u00ba 9.991\/19, somente ser\u00e3o certificados os servidores p\u00fablicos pertencentes ao Quadro Efetivo da UFPel;<\/span><br \/>\n<span style=\"background-color: #ffffff\">** Quando homologadas as inscri\u00e7\u00f5es, os selecionados receber\u00e3o e-mail de confirma\u00e7\u00e3o com instru\u00e7\u00f5es.<\/span><\/p>\n<p><span style=\"background-color: #ffffff\">Observa\u00e7\u00e3o: A homologa\u00e7\u00e3o das inscri\u00e7\u00f5es dos(as) trabalhadores(as) terceirizados ficar\u00e1 condicionad<\/span>a \u00e0 an\u00e1lise pr\u00e9via e manifesta\u00e7\u00e3o por parte do NUGEST\/PRA.<\/p>\n<p><span style=\"color: #ff6600\"><strong><a style=\"color: #ff6600\" href=\"https:\/\/wp.ufpel.edu.br\/progep\/files\/2024\/10\/Homologacao-Sintonia-\u2013-Yoga-Chines.pdf\">INSCRI\u00c7\u00d5ES HOMOLOGADAS<\/a><\/strong><\/span><\/p>\n<p><span style=\"font-size: 10pt\"><strong>Contato:<\/strong> cdp.capacita@ufpel.edu.br<\/span><\/p>\n<p><strong>Refer\u00eancias<br \/>\n<\/strong>PORTAL SA\u00daDE. <strong>Auriculoterapia: o que \u00e9, para que serve, quem pode fazer. <\/strong>2022. Dispon\u00edvel em:\u00a0<a href=\"https:\/\/www.postalsaude.com.br\/auriculoterapia-o-que-e-para-que-serve-quem-pode-fazer\/\">https:\/\/www.postalsaude.com.br\/auriculoterapia-o-que-e-para-que-serve-quem-pode-fazer\/<\/a><br \/>\nBRASIL. MINIST\u00c9RIO DA SA\u00daDE. <strong>Pr\u00e1ticas Integrativas e Complementares em Sa\u00fade (PICS)<\/strong>. 2022. Dispon\u00edvel em:\u00a0<a href=\"https:\/\/www.gov.br\/saude\/pt-br\/assuntos\/saude-de-a-a-z\/p\/pics\">https:\/\/www.gov.br\/saude\/pt-br\/assuntos\/saude-de-a-a-z\/p\/pics<\/a><\/p>\n","protected":false},"excerpt":{"rendered":"<p>A pr\u00e1tica de Yoga Chin\u00eas est\u00e1 inserida no \u00e2mbito do Projeto de Pr\u00e1ticas Integrativas e Complementares em Sa\u00fade (PICS) da Faculdade de Enfermagem da Universidade Federal de Pelotas (UFPel), no contexto da Rede de Aten\u00e7\u00e3o em Sa\u00fade. Voc\u00ea sabe o que s\u00e3o as PICS? As Pr\u00e1ticas Integrativas e Complementares em Sa\u00fade (PICS)\u00a0s\u00e3o abordagens terap\u00eauticas que [&hellip;]<\/p>\n","protected":false},"author":21,"featured_media":0,"parent":0,"menu_order":0,"comment_status":"closed","ping_status":"closed","template":"","meta":{"footnotes":""},"class_list":["post-26630","page","type-page","status-publish","hentry"],"_links":{"self":[{"href":"https:\/\/wp.ufpel.edu.br\/progep\/wp-json\/wp\/v2\/pages\/26630","targetHints":{"allow":["GET"]}}],"collection":[{"href":"https:\/\/wp.ufpel.edu.br\/progep\/wp-json\/wp\/v2\/pages"}],"about":[{"href":"https:\/\/wp.ufpel.edu.br\/progep\/wp-json\/wp\/v2\/types\/page"}],"author":[{"embeddable":true,"href":"https:\/\/wp.ufpel.edu.br\/progep\/wp-json\/wp\/v2\/users\/21"}],"replies":[{"embeddable":true,"href":"https:\/\/wp.ufpel.edu.br\/progep\/wp-json\/wp\/v2\/comments?post=26630"}],"version-history":[{"count":13,"href":"https:\/\/wp.ufpel.edu.br\/progep\/wp-json\/wp\/v2\/pages\/26630\/revisions"}],"predecessor-version":[{"id":34172,"href":"https:\/\/wp.ufpel.edu.br\/progep\/wp-json\/wp\/v2\/pages\/26630\/revisions\/34172"}],"wp:attachment":[{"href":"https:\/\/wp.ufpel.edu.br\/progep\/wp-json\/wp\/v2\/media?parent=26630"}],"curies":[{"name":"wp","href":"https:\/\/api.w.org\/{rel}","templated":true}]}}