{"id":26626,"date":"2024-09-12T17:58:09","date_gmt":"2024-09-12T20:58:09","guid":{"rendered":"https:\/\/wp.ufpel.edu.br\/progep\/?page_id=26626"},"modified":"2025-05-16T11:05:07","modified_gmt":"2025-05-16T14:05:07","slug":"conheca-o-yoga-chines-corpo-e-mente-em-sintonia-para-uma-vida-mais-equilibrada-turma-2","status":"publish","type":"page","link":"https:\/\/wp.ufpel.edu.br\/progep\/conheca-o-yoga-chines-corpo-e-mente-em-sintonia-para-uma-vida-mais-equilibrada-turma-2\/","title":{"rendered":"Capacita\u00e7\u00e3o: Conhe\u00e7a o Yoga Chin\u00eas: corpo e mente em sintonia para uma vida mais equilibrada &#8211; Turma 2"},"content":{"rendered":"<p>A pr\u00e1tica de Yoga Chin\u00eas est\u00e1 inserida no \u00e2mbito do <strong>Projeto de Pr\u00e1ticas Integrativas e Complementares<\/strong> <strong>em Sa\u00fade<\/strong> (PICS) da Faculdade de Enfermagem da Universidade Federal de Pelotas (UFPel), no contexto da Rede de Aten\u00e7\u00e3o em Sa\u00fade.<\/p>\n<p><span style=\"color: #0000ff\"><strong>Voc\u00ea sabe o que s\u00e3o as PICS?<\/strong><\/span><br \/>\nAs Pr\u00e1ticas Integrativas e Complementares em Sa\u00fade (PICS)\u00a0s\u00e3o abordagens terap\u00eauticas que t\u00eam como objetivo prevenir agravos \u00e0 sa\u00fade, a promo\u00e7\u00e3o e recupera\u00e7\u00e3o da sa\u00fade, enfatizando a escuta acolhedora, a constru\u00e7\u00e3o de la\u00e7os terap\u00eauticos e a conex\u00e3o entre ser humano, meio ambiente e sociedade. Estas pr\u00e1ticas foram institucionalizadas pela\u00a0<strong><a class=\"external-link\" title=\"\" href=\"https:\/\/bvsms.saude.gov.br\/bvs\/publicacoes\/politica_nacional_praticas_integrativas_complementares_2ed.pdf\" target=\"_blank\" rel=\"noopener\" data-tippreview-enabled=\"false\" data-tippreview-image=\"\" data-tippreview-title=\"\">Pol\u00edtica Nacional de Pr\u00e1ticas Integrativas e Complementares no Sistema \u00danico de Sa\u00fade (PNPIC)<\/a><\/strong>\u00a0e, atualmente, o\u00a0<strong>Sistema \u00danico de Sa\u00fade (SUS)<\/strong>\u00a0oferece, de forma integral e gratuita, 29 procedimentos de\u00a0Pr\u00e1ticas Integrativas e Complementares (PICS)\u00a0\u00e0 popula\u00e7\u00e3o.<\/p>\n<p><strong>Facilitador(a): <\/strong>Daniela Correa Pereira (Docente da Faculdade de Enfermagem\/ UFPel)<\/p>\n<p><strong>Data:<\/strong> 21\/10\/2024 (segunda-feira)<\/p>\n<p><strong>Hor\u00e1rio: <\/strong>das 15h \u00e0s 16h30min<\/p>\n<p><strong>Modalidade:\u00a0<\/strong>Presencial<\/p>\n<p><strong>Local:\u00a0<\/strong>Campus Anglo, no deck \u00e0s margens do Canal S\u00e3o Gon\u00e7alo.<br \/>\n<span style=\"font-size: 12pt\">Obs.: Caso ocorra condi\u00e7\u00f5es clim\u00e1ticas adversas o encontro ser\u00e1 realizado na sala 251, do Campus Anglo.<\/span><\/p>\n<p><strong>Ementa:<br \/>\n<\/strong>Conceitos b\u00e1sicos e diretrizes de Pa-Kua e Yoga Chin\u00eas;<br \/>\nBenef\u00edcios da pr\u00e1ticas de yoga;<br \/>\nAula pr\u00e1tica de posturas;<br \/>\nExerc\u00edcios respirat\u00f3rios; e medita\u00e7\u00e3o.<strong><br \/>\n<\/strong><\/p>\n<p><strong>P\u00fablico Alvo<\/strong>: Servidores(as) docentes, TAE\u2019s e trabalhadores(as) terceirizados(as) ativos(as) da UFPel*<\/p>\n<p><strong>N\u00famero de vagas:<\/strong> 12 (por ordem de inscri\u00e7\u00e3o)<\/p>\n<p><strong>Per\u00edodo de inscri\u00e7\u00e3o<\/strong>: 16\/09 a 17\/10\/2024<\/p>\n<p><strong>Divulga\u00e7\u00e3o das inscri\u00e7\u00f5es homologadas<\/strong>: 18\/10**, nesta p\u00e1gina.<\/p>\n<p><span style=\"background-color: #ffffff\">*Considerando a Pol\u00edtica Nacional de Desenvolvimento de Pessoas, conforme Decreto n\u00ba 9.991\/19, somente ser\u00e3o certificados os servidores p\u00fablicos pertencentes ao Quadro Efetivo da UFPel;<\/span><br \/>\n<span style=\"background-color: #ffffff\">** Quando homologadas as inscri\u00e7\u00f5es, os selecionados receber\u00e3o e-mail de confirma\u00e7\u00e3o com instru\u00e7\u00f5es.<\/span><\/p>\n<p>Observa\u00e7\u00e3o: A homologa\u00e7\u00e3o das inscri\u00e7\u00f5es dos(as) trabalhadores(as) terceirizados ficar\u00e1 condicionada \u00e0 an\u00e1lise pr\u00e9via e manifesta\u00e7\u00e3o por parte do NUGEST\/PRA.<\/p>\n<p><strong><span style=\"color: #ff6600\"><a style=\"color: #ff6600\" href=\"https:\/\/wp.ufpel.edu.br\/progep\/files\/2024\/10\/HOMOLOGACAO-Conheca-o-Yoga-Chines-T2.pdf\">INSCRI\u00c7\u00d5ES HOMOLOGADAS<\/a><\/span><\/strong><\/p>\n<p><span style=\"font-size: 10pt\"><strong>Contato:<\/strong> cdp.capacita@ufpel.edu.br<\/span><\/p>\n<p><strong>Refer\u00eancias<br \/>\n<\/strong>PORTAL SA\u00daDE. <strong>Auriculoterapia: o que \u00e9, para que serve, quem pode fazer. <\/strong>2022. Dispon\u00edvel em:\u00a0<a href=\"https:\/\/www.postalsaude.com.br\/auriculoterapia-o-que-e-para-que-serve-quem-pode-fazer\/\">https:\/\/www.postalsaude.com.br\/auriculoterapia-o-que-e-para-que-serve-quem-pode-fazer\/<\/a><br \/>\nBRASIL. MINIST\u00c9RIO DA SA\u00daDE. <strong>Pr\u00e1ticas Integrativas e Complementares em Sa\u00fade (PICS)<\/strong>. 2022. Dispon\u00edvel em:\u00a0<a href=\"https:\/\/www.gov.br\/saude\/pt-br\/assuntos\/saude-de-a-a-z\/p\/pics\">https:\/\/www.gov.br\/saude\/pt-br\/assuntos\/saude-de-a-a-z\/p\/pics<\/a><\/p>\n","protected":false},"excerpt":{"rendered":"<p>A pr\u00e1tica de Yoga Chin\u00eas est\u00e1 inserida no \u00e2mbito do Projeto de Pr\u00e1ticas Integrativas e Complementares em Sa\u00fade (PICS) da Faculdade de Enfermagem da Universidade Federal de Pelotas (UFPel), no contexto da Rede de Aten\u00e7\u00e3o em Sa\u00fade. Voc\u00ea sabe o que s\u00e3o as PICS? As Pr\u00e1ticas Integrativas e Complementares em Sa\u00fade (PICS)\u00a0s\u00e3o abordagens terap\u00eauticas que [&hellip;]<\/p>\n","protected":false},"author":21,"featured_media":0,"parent":0,"menu_order":0,"comment_status":"closed","ping_status":"closed","template":"","meta":{"footnotes":""},"class_list":["post-26626","page","type-page","status-publish","hentry"],"_links":{"self":[{"href":"https:\/\/wp.ufpel.edu.br\/progep\/wp-json\/wp\/v2\/pages\/26626","targetHints":{"allow":["GET"]}}],"collection":[{"href":"https:\/\/wp.ufpel.edu.br\/progep\/wp-json\/wp\/v2\/pages"}],"about":[{"href":"https:\/\/wp.ufpel.edu.br\/progep\/wp-json\/wp\/v2\/types\/page"}],"author":[{"embeddable":true,"href":"https:\/\/wp.ufpel.edu.br\/progep\/wp-json\/wp\/v2\/users\/21"}],"replies":[{"embeddable":true,"href":"https:\/\/wp.ufpel.edu.br\/progep\/wp-json\/wp\/v2\/comments?post=26626"}],"version-history":[{"count":10,"href":"https:\/\/wp.ufpel.edu.br\/progep\/wp-json\/wp\/v2\/pages\/26626\/revisions"}],"predecessor-version":[{"id":32616,"href":"https:\/\/wp.ufpel.edu.br\/progep\/wp-json\/wp\/v2\/pages\/26626\/revisions\/32616"}],"wp:attachment":[{"href":"https:\/\/wp.ufpel.edu.br\/progep\/wp-json\/wp\/v2\/media?parent=26626"}],"curies":[{"name":"wp","href":"https:\/\/api.w.org\/{rel}","templated":true}]}}