{"id":26617,"date":"2024-09-13T14:21:42","date_gmt":"2024-09-13T17:21:42","guid":{"rendered":"https:\/\/wp.ufpel.edu.br\/progep\/?page_id=26617"},"modified":"2025-06-30T15:00:28","modified_gmt":"2025-06-30T18:00:28","slug":"torneio-amistoso-de-volei-outubro-rosa-e-novembro-azul","status":"publish","type":"page","link":"https:\/\/wp.ufpel.edu.br\/progep\/torneio-amistoso-de-volei-outubro-rosa-e-novembro-azul\/","title":{"rendered":"Capacita\u00e7\u00e3o: Torneio Amistoso de V\u00f4lei &#8211; Outubro Rosa e Novembro Azul"},"content":{"rendered":"<p>A Pr\u00f3-Reitoria de Gest\u00e3o de Pessoas, atrav\u00e9s da Coordena\u00e7\u00e3o Sa\u00fade e Qualidade de Vida (CSQV) promover\u00e1 a 2\u00aa edi\u00e7\u00e3o do torneio amistoso de v\u00f4lei \u201cMova-se pela sua sa\u00fade\u201d, em alus\u00e3o ao Outubro Rosa e Novembro Azul, que caracterizam duas campanhas do Minist\u00e9rio da Sa\u00fade, de promo\u00e7\u00e3o de sa\u00fade que incentivam atividades de preven\u00e7\u00e3o e diagn\u00f3stico precoce do c\u00e2ncer de mama e colo do \u00fatero e estimulam as a\u00e7\u00f5es relacionadas \u00e0 preven\u00e7\u00e3o e diagn\u00f3stico precoce do c\u00e2ncer de pr\u00f3stata. Al\u00e9m disso, o torneio tamb\u00e9m estar\u00e1 integrando as atividades referentes ao M\u00eas do(a) Servidor(a) na UFPEL. O regramento do torneio pode ser acessado atrav\u00e9s do link\u00a0<span style=\"color: #3366ff\"><a style=\"color: #3366ff\" href=\"https:\/\/docs.google.com\/document\/d\/1v_E4AInINTSTIxSWH5R9REEnlptcHmS4w-jG12U5hmk\/edit?usp=sharing\">https:\/\/docs.google.com\/document\/d\/1v_E4AInINTSTIxSWH5R9REEnlptcHmS4w-jG12U5hmk\/edit?usp=sharing<\/a><\/span><\/p>\n<p><strong>Data:<\/strong> 05\/10\/2024 (s\u00e1bado)<br \/>\n<strong>Hor\u00e1rio:<\/strong> 14h<br \/>\n<strong>Local:<\/strong> Escola Superior de Educa\u00e7\u00e3o F\u00edsica e Fisioterapia (ESEF), localizado na Rua Lu\u00eds de Cam\u00f5es, 625.<br \/>\n<strong>Per\u00edodo de Inscri\u00e7\u00f5es:<\/strong> 23\/09\/2024 a 27\/09\/2024<br \/>\n<strong>Divulga\u00e7\u00e3o das inscri\u00e7\u00f5es homologadas<\/strong>: 30\/09\/2024*<\/p>\n<p><strong>Requisitos para inscri\u00e7\u00e3o das equipes:<\/strong><br \/>\n&#8211; E-mail para contato: movasepelasaude@ufpel.edu.br<br \/>\n&#8211; A inscri\u00e7\u00e3o deve ocorrer com a equipe j\u00e1 organizada, informando o NOME COMPLETO de cada um(a) dos(as) participantes, podendo ser alterada, conforme necessidade, at\u00e9 o hor\u00e1rio do torneio, informando a equipe organizadora por e-mail.<br \/>\n&#8211; As equipes devem ser mistas, com a propor\u00e7\u00e3o m\u00ednima de 8 (oito) homens para 2 (duas) mulheres ou vice-versa.<br \/>\n&#8211; Cada equipe deve possuir no m\u00ednimo 6 (seis) jogadores(as) e m\u00e1ximo 10 (dez).<br \/>\n&#8211; A inscri\u00e7\u00e3o ser\u00e1 realizada por um(a) \u00fanico(a) representante da equipe, que dever\u00e1 informar e-mail e whatsapp para contato com a equipe organizadora.<br \/>\n&#8211; Ser\u00e3o aceitas inscri\u00e7\u00f5es APENAS de servidores(as) docentes, t\u00e9cnicos(as) administrativos(as) em educa\u00e7\u00e3o e trabalhadores(as) terceirizados(as) da UFPEL, incluindo empregados(as) p\u00fablicos(as) da EBSERH.<br \/>\n&#8211; As inscri\u00e7\u00f5es ser\u00e3o limitadas a 6 (seis) equipes, sendo homologadas por ordem de inscri\u00e7\u00e3o e que cumpram os requisitos listados acima, podendo ser ajustado pela equipe organizadora, se necess\u00e1rio.<br \/>\n&#8211; Cada integrante \u00e9 respons\u00e1vel por estar com roupas e cal\u00e7ados adequados \u00e0 atividade.<br \/>\n&#8211; A equipe dever\u00e1 usar uma das cores da campanha (azul ou rosa), conforme prefer\u00eancia\/escolha, e se poss\u00edvel, camisetas numeradas.<br \/>\n&#8211; Todos(as) devem estar presentes no hor\u00e1rio e local de seu jogo, havendo uma toler\u00e2ncia m\u00e1xima de 10 minutos para o in\u00edcio.<br \/>\n&#8211; Divulga\u00e7\u00e3o da tabela de jogos ser\u00e1 no dia 03\/10\/2024.<\/p>\n<p><span style=\"background-color: #ffffff\">* Quando homologadas as inscri\u00e7\u00f5es, os selecionados receber\u00e3o e-mail de confirma\u00e7\u00e3o com instru\u00e7\u00f5es.<\/span><\/p>\n<p><strong><span style=\"color: #ff6600\"><a style=\"color: #ff6600\" href=\"https:\/\/forms.gle\/b5YdnYPsbWvJYtL59\">INSCRI\u00c7\u00d5ES AQUI!<\/a><\/span><\/strong><\/p>\n<p>Contato: movasepelasaude@ufpel.edu.br<\/p>\n","protected":false},"excerpt":{"rendered":"<p>A Pr\u00f3-Reitoria de Gest\u00e3o de Pessoas, atrav\u00e9s da Coordena\u00e7\u00e3o Sa\u00fade e Qualidade de Vida (CSQV) promover\u00e1 a 2\u00aa edi\u00e7\u00e3o do torneio amistoso de v\u00f4lei \u201cMova-se pela sua sa\u00fade\u201d, em alus\u00e3o ao Outubro Rosa e Novembro Azul, que caracterizam duas campanhas do Minist\u00e9rio da Sa\u00fade, de promo\u00e7\u00e3o de sa\u00fade que incentivam atividades de preven\u00e7\u00e3o e diagn\u00f3stico [&hellip;]<\/p>\n","protected":false},"author":21,"featured_media":0,"parent":0,"menu_order":0,"comment_status":"closed","ping_status":"closed","template":"","meta":{"footnotes":""},"class_list":["post-26617","page","type-page","status-publish","hentry"],"_links":{"self":[{"href":"https:\/\/wp.ufpel.edu.br\/progep\/wp-json\/wp\/v2\/pages\/26617","targetHints":{"allow":["GET"]}}],"collection":[{"href":"https:\/\/wp.ufpel.edu.br\/progep\/wp-json\/wp\/v2\/pages"}],"about":[{"href":"https:\/\/wp.ufpel.edu.br\/progep\/wp-json\/wp\/v2\/types\/page"}],"author":[{"embeddable":true,"href":"https:\/\/wp.ufpel.edu.br\/progep\/wp-json\/wp\/v2\/users\/21"}],"replies":[{"embeddable":true,"href":"https:\/\/wp.ufpel.edu.br\/progep\/wp-json\/wp\/v2\/comments?post=26617"}],"version-history":[{"count":8,"href":"https:\/\/wp.ufpel.edu.br\/progep\/wp-json\/wp\/v2\/pages\/26617\/revisions"}],"predecessor-version":[{"id":34175,"href":"https:\/\/wp.ufpel.edu.br\/progep\/wp-json\/wp\/v2\/pages\/26617\/revisions\/34175"}],"wp:attachment":[{"href":"https:\/\/wp.ufpel.edu.br\/progep\/wp-json\/wp\/v2\/media?parent=26617"}],"curies":[{"name":"wp","href":"https:\/\/api.w.org\/{rel}","templated":true}]}}