{"id":26599,"date":"2024-09-11T11:48:13","date_gmt":"2024-09-11T14:48:13","guid":{"rendered":"https:\/\/wp.ufpel.edu.br\/progep\/?page_id=26599"},"modified":"2025-06-30T14:59:29","modified_gmt":"2025-06-30T17:59:29","slug":"oficina-aplicacao-de-mindfulness-e-auriculoterapia-para-promocao-de-saude-campus-capao-do-leao","status":"publish","type":"page","link":"https:\/\/wp.ufpel.edu.br\/progep\/oficina-aplicacao-de-mindfulness-e-auriculoterapia-para-promocao-de-saude-campus-capao-do-leao\/","title":{"rendered":"Capacita\u00e7\u00e3o: Oficina: Aplica\u00e7\u00e3o de Mindfulness e auriculoterapia para promo\u00e7\u00e3o de sa\u00fade &#8211; Campus Cap\u00e3o do Le\u00e3o"},"content":{"rendered":"<p><span style=\"color: #0000ff\"><strong>O que \u00e9 auriculoterapia? <\/strong><\/span>A auriculoterapia \u00e9 uma t\u00e9cnica derivada da acupuntura, que faz press\u00e3o em pontos espec\u00edficos da orelha para tratar e diagnosticar diversos problemas f\u00edsicos, mentais e at\u00e9 emocionais.<\/p>\n<p><span style=\"color: #0000ff\"><strong>Para que serve a auriculoterapia? <\/strong><\/span>A auriculoterapia serve para tratar qualquer problema de sa\u00fade: doen\u00e7as, dores, sintomas ou dist\u00farbios psicossom\u00e1ticos nos \u00e2mbitos f\u00edsicos e emocionais. Esta pr\u00e1tica est\u00e1 inserida no \u00e2mbito do <strong>Projeto de Pr\u00e1ticas Integrativas e Complementares em Sa\u00fade (PICS)<\/strong> da Faculdade de Enfermagem da Universidade Federal de Pelotas (UFPel), no contexto da Rede de Aten\u00e7\u00e3o em Sa\u00fade.<\/p>\n<p><strong>Facilitadoras:<br \/>\n<\/strong>Deciane Pintanela de Carvalho (Enfermeira da PROGEP\/ UFPel)<br \/>\nAline da Rosa Pizarro (Enfermeira da PROGEP\/ UFPel)<br \/>\nT\u00e2nia Luiza Stigger Vieira (T\u00e9cnica em Enfermagem da PROGEP\/ UFPel)<br \/>\nAng\u00e9lica Gon\u00e7alves Peter (Psic\u00f3loga da PROGEP\/ UFPel)<\/p>\n<p><strong>Data:<\/strong> 23\/10\/2024 (quarta-feira)<\/p>\n<p><strong>Hor\u00e1rio: <\/strong>das 9h \u00e0s 12h<\/p>\n<p><strong>Modalidade: <\/strong>Presencial<\/p>\n<p><strong>Local: <\/strong>Espa\u00e7o Viva bem &#8211; Centro de Conviv\u00eancia do Cap\u00e3o do Le\u00e3o<\/p>\n<p><strong>Ementa:<br \/>\n<\/strong><\/p>\n<p dir=\"ltr\">&#8211; Orienta\u00e7\u00e3o e pr\u00e1tica de mindfulness para controle de estresse e ansiedade.<\/p>\n<p dir=\"ltr\">&#8211; Atendimento individualizado e aplica\u00e7\u00e3o da t\u00e9cnica de auriculoterapia para diferentes situa\u00e7\u00f5es de sa\u00fade, incluindo sintomas f\u00edsicos e emocionais.<\/p>\n<p><strong>P\u00fablico Alvo<\/strong>: Servidores(as) docentes, TAE\u2019s e trabalhadores(as) terceirizados(as) ativos(as) da UFPel*<\/p>\n<p><strong>N\u00famero de Vagas:<\/strong> 15 (por ordem de inscri\u00e7\u00e3o)<\/p>\n<p><strong>Per\u00edodo de inscri\u00e7\u00e3o<\/strong>: 16\/09 a 20\/10\/2024<\/p>\n<p><strong>Divulga\u00e7\u00e3o das inscri\u00e7\u00f5es homologadas<\/strong>: 21\/10**, nesta p\u00e1gina.<\/p>\n<p><span style=\"background-color: #ffffff\">*Considerando a Pol\u00edtica Nacional de Desenvolvimento de Pessoas, conforme Decreto n\u00ba 9.991\/19, somente ser\u00e3o certificados os servidores p\u00fablicos pertencentes ao Quadro Efetivo da UFPel;<\/span><br \/>\n<span style=\"background-color: #ffffff\">** Quando homologadas as inscri\u00e7\u00f5es, os selecionados receber\u00e3o e-mail de confirma\u00e7\u00e3o com instru\u00e7\u00f5es.<\/span><\/p>\n<p>Observa\u00e7\u00e3o: A homologa\u00e7\u00e3o das inscri\u00e7\u00f5es dos(as) trabalhadores(as) terceirizados ficar\u00e1 condicionada \u00e0 an\u00e1lise pr\u00e9via e manifesta\u00e7\u00e3o por parte do NUGEST\/PRA.<\/p>\n<p><span style=\"color: #ff6600\"><strong><a style=\"color: #ff6600\" href=\"https:\/\/wp.ufpel.edu.br\/progep\/files\/2024\/10\/HOMOLOGACAO-Oficina-Aplicacao-de-Mindfulness-e-auriculoterapia-CL.pdf\">INSCRI\u00c7\u00d5ES HOMOLOGADAS<\/a><\/strong><\/span><\/p>\n<p><span style=\"font-size: 10pt\"><strong>Contato:<\/strong> cdp.capacita@ufpel.edu.br<\/span><\/p>\n<p><strong>Refer\u00eancias<br \/>\n<\/strong>PORTAL SA\u00daDE. <strong>Auriculoterapia: o que \u00e9, para que serve, quem pode fazer. <\/strong>2022. Dispon\u00edvel em:\u00a0<a href=\"https:\/\/www.postalsaude.com.br\/auriculoterapia-o-que-e-para-que-serve-quem-pode-fazer\/\">https:\/\/www.postalsaude.com.br\/auriculoterapia-o-que-e-para-que-serve-quem-pode-fazer\/<\/a><br \/>\nBRASIL. MINIST\u00c9RIO DA SA\u00daDE. <strong>Pr\u00e1ticas Integrativas e Complementares em Sa\u00fade (PICS)<\/strong>. 2022. Dispon\u00edvel em:\u00a0<a href=\"https:\/\/www.gov.br\/saude\/pt-br\/assuntos\/saude-de-a-a-z\/p\/pics\">https:\/\/www.gov.br\/saude\/pt-br\/assuntos\/saude-de-a-a-z\/p\/pics<\/a><\/p>\n","protected":false},"excerpt":{"rendered":"<p>O que \u00e9 auriculoterapia? A auriculoterapia \u00e9 uma t\u00e9cnica derivada da acupuntura, que faz press\u00e3o em pontos espec\u00edficos da orelha para tratar e diagnosticar diversos problemas f\u00edsicos, mentais e at\u00e9 emocionais. Para que serve a auriculoterapia? A auriculoterapia serve para tratar qualquer problema de sa\u00fade: doen\u00e7as, dores, sintomas ou dist\u00farbios psicossom\u00e1ticos nos \u00e2mbitos f\u00edsicos e [&hellip;]<\/p>\n","protected":false},"author":21,"featured_media":0,"parent":0,"menu_order":0,"comment_status":"closed","ping_status":"closed","template":"","meta":{"footnotes":""},"class_list":["post-26599","page","type-page","status-publish","hentry"],"_links":{"self":[{"href":"https:\/\/wp.ufpel.edu.br\/progep\/wp-json\/wp\/v2\/pages\/26599","targetHints":{"allow":["GET"]}}],"collection":[{"href":"https:\/\/wp.ufpel.edu.br\/progep\/wp-json\/wp\/v2\/pages"}],"about":[{"href":"https:\/\/wp.ufpel.edu.br\/progep\/wp-json\/wp\/v2\/types\/page"}],"author":[{"embeddable":true,"href":"https:\/\/wp.ufpel.edu.br\/progep\/wp-json\/wp\/v2\/users\/21"}],"replies":[{"embeddable":true,"href":"https:\/\/wp.ufpel.edu.br\/progep\/wp-json\/wp\/v2\/comments?post=26599"}],"version-history":[{"count":8,"href":"https:\/\/wp.ufpel.edu.br\/progep\/wp-json\/wp\/v2\/pages\/26599\/revisions"}],"predecessor-version":[{"id":34170,"href":"https:\/\/wp.ufpel.edu.br\/progep\/wp-json\/wp\/v2\/pages\/26599\/revisions\/34170"}],"wp:attachment":[{"href":"https:\/\/wp.ufpel.edu.br\/progep\/wp-json\/wp\/v2\/media?parent=26599"}],"curies":[{"name":"wp","href":"https:\/\/api.w.org\/{rel}","templated":true}]}}