{"id":26587,"date":"2024-09-11T10:48:31","date_gmt":"2024-09-11T13:48:31","guid":{"rendered":"https:\/\/wp.ufpel.edu.br\/progep\/?page_id=26587"},"modified":"2025-05-16T09:38:40","modified_gmt":"2025-05-16T12:38:40","slug":"aula-show-cafes-especiais-e-metodos-de-preparo","status":"publish","type":"page","link":"https:\/\/wp.ufpel.edu.br\/progep\/aula-show-cafes-especiais-e-metodos-de-preparo\/","title":{"rendered":"Capacita\u00e7\u00e3o: Aula Show: Caf\u00e9s especiais e m\u00e9todos de preparo"},"content":{"rendered":"<p><strong>Facilitador(a): <\/strong>\u00c2ngela Galvan de Lima (Docente da Faculdade de Nutri\u00e7\u00e3o\/ UFPel)<\/p>\n<p><strong>Data:<\/strong> \u00a0<strong><span style=\"color: #ff0000\">Alterada para o dia 17\/10\/2024 (quinta-feira)<\/span><\/strong><\/p>\n<p><strong>Hor\u00e1rio: <\/strong>das 14h \u00e0s 17h<\/p>\n<p><strong>Modalidade:\u00a0<\/strong>Presencial<\/p>\n<p><strong>Local:\u00a0<\/strong>Campus Anglo 2\u00ba andar, Sala 232E &#8211; Laborat\u00f3rio de Aula Show<\/p>\n<p><strong>N\u00famero de vagas:<\/strong> 25 (por ordem de inscri\u00e7\u00e3o)<\/p>\n<p><strong>Ementa:<br \/>\n<\/strong>Conhecer e aprender o que s\u00e3o caf\u00e9s especiais e a diferen\u00e7a entre caf\u00e9s especiais e caf\u00e9s tradicionais;<br \/>\nBenef\u00edcios da bebida \u00e0 sa\u00fade;<br \/>\n<span style=\"color: var(--cor-texto);font-family: var(--fonte-corpo)\">Diferentes m\u00e9todos de extra\u00e7\u00e3o da bebida.<\/span><\/p>\n<p><strong>P\u00fablico Alvo<\/strong>: Servidores(as) docentes, TAE\u2019s e trabalhadores(as) terceirizados(as) ativos(as) da UFPel*<\/p>\n<p><strong>Per\u00edodo de inscri\u00e7\u00e3o<\/strong>: 17\/09 a 13\/10\/2024<\/p>\n<p><strong>Divulga\u00e7\u00e3o das inscri\u00e7\u00f5es homologadas<\/strong>: <span style=\"color: #ff0000\">Divulga\u00e7\u00e3o alterada para o dia 15\/10, nesta p\u00e1gina**<\/span>.<\/p>\n<p><span style=\"background-color: #ffffff\">*Vagas destinadas \u00e0 servidores pertencentes ao Quadro Efetivo da UFPel, preferencialmente. Considerando a Pol\u00edtica Nacional de Desenvolvimento de Pessoas, conforme Decreto n\u00ba 9.991\/19, somente ser\u00e3o certificados os servidores p\u00fablicos pertencentes ao Quadro Efetivo da UFPel;<\/span><br \/>\n<span style=\"background-color: #ffffff\">** Quando homologadas as inscri\u00e7\u00f5es, os selecionados receber\u00e3o e-mail de confirma\u00e7\u00e3o com instru\u00e7\u00f5es.<\/span><\/p>\n<p>Observa\u00e7\u00e3o: A homologa\u00e7\u00e3o das inscri\u00e7\u00f5es dos(as) trabalhadores(as) terceirizados ficar\u00e1 condicionada \u00e0 an\u00e1lise pr\u00e9via e manifesta\u00e7\u00e3o por parte do NUGEST\/PRA.<\/p>\n<p><strong><span style=\"color: #ff6600\"> <a style=\"color: #ff6600\" href=\"https:\/\/wp.ufpel.edu.br\/progep\/files\/2024\/10\/Homologados-Aula-Show-Cafes-especiais-e-metodos-de-preparo-1.pdf\">INSCRI\u00c7\u00d5ES HOMOLOGADAS<\/a><\/span><\/strong><\/p>\n<p><span style=\"font-size: 10pt\"><strong>Contato:<\/strong> cdp.capacita@ufpel.edu.br<\/span><\/p>\n","protected":false},"excerpt":{"rendered":"<p>Facilitador(a): \u00c2ngela Galvan de Lima (Docente da Faculdade de Nutri\u00e7\u00e3o\/ UFPel) Data: \u00a0Alterada para o dia 17\/10\/2024 (quinta-feira) Hor\u00e1rio: das 14h \u00e0s 17h Modalidade:\u00a0Presencial Local:\u00a0Campus Anglo 2\u00ba andar, Sala 232E &#8211; Laborat\u00f3rio de Aula Show N\u00famero de vagas: 25 (por ordem de inscri\u00e7\u00e3o) Ementa: Conhecer e aprender o que s\u00e3o caf\u00e9s especiais e a diferen\u00e7a [&hellip;]<\/p>\n","protected":false},"author":21,"featured_media":0,"parent":0,"menu_order":0,"comment_status":"closed","ping_status":"closed","template":"","meta":{"footnotes":""},"class_list":["post-26587","page","type-page","status-publish","hentry"],"_links":{"self":[{"href":"https:\/\/wp.ufpel.edu.br\/progep\/wp-json\/wp\/v2\/pages\/26587","targetHints":{"allow":["GET"]}}],"collection":[{"href":"https:\/\/wp.ufpel.edu.br\/progep\/wp-json\/wp\/v2\/pages"}],"about":[{"href":"https:\/\/wp.ufpel.edu.br\/progep\/wp-json\/wp\/v2\/types\/page"}],"author":[{"embeddable":true,"href":"https:\/\/wp.ufpel.edu.br\/progep\/wp-json\/wp\/v2\/users\/21"}],"replies":[{"embeddable":true,"href":"https:\/\/wp.ufpel.edu.br\/progep\/wp-json\/wp\/v2\/comments?post=26587"}],"version-history":[{"count":12,"href":"https:\/\/wp.ufpel.edu.br\/progep\/wp-json\/wp\/v2\/pages\/26587\/revisions"}],"predecessor-version":[{"id":32571,"href":"https:\/\/wp.ufpel.edu.br\/progep\/wp-json\/wp\/v2\/pages\/26587\/revisions\/32571"}],"wp:attachment":[{"href":"https:\/\/wp.ufpel.edu.br\/progep\/wp-json\/wp\/v2\/media?parent=26587"}],"curies":[{"name":"wp","href":"https:\/\/api.w.org\/{rel}","templated":true}]}}