{"id":26552,"date":"2024-09-06T12:55:55","date_gmt":"2024-09-06T15:55:55","guid":{"rendered":"https:\/\/wp.ufpel.edu.br\/progep\/?page_id=26552"},"modified":"2024-10-01T11:26:11","modified_gmt":"2024-10-01T14:26:11","slug":"chamada-publica-06-2024","status":"publish","type":"page","link":"https:\/\/wp.ufpel.edu.br\/progep\/chamada-publica-06-2024\/","title":{"rendered":"CHAMADA P\u00daBLICA 06\/2024"},"content":{"rendered":"<p><a href=\"https:\/\/wp.ufpel.edu.br\/progep\/files\/2024\/09\/SEI_UFPel-2738448-Edital-PROGEP.pdf\">Chamada P\u00fablica de Remo\u00e7\u00e3o 06\/2024<\/a><\/p>\n<p><a href=\"https:\/\/wp.ufpel.edu.br\/progep\/files\/2024\/09\/SEI_UFPel-2740188-Edital-PROGEP.pdf\">Chamada P\u00fablica de Remo\u00e7\u00e3o 06\/2024 &#8211; RETIFICA\u00c7\u00c3O<\/a><\/p>\n<p><a href=\"https:\/\/wp.ufpel.edu.br\/progep\/files\/2024\/09\/SEI_UFPel-2759546-Edital-PROGEP.pdf\">Resultado Parcial<\/a><\/p>\n<p><a href=\"https:\/\/wp.ufpel.edu.br\/progep\/files\/2024\/10\/SEI_UFPel-2764073-Edital-PROGEP.pdf\">Resultado Final<\/a><\/p>\n","protected":false},"excerpt":{"rendered":"<p>Chamada P\u00fablica de Remo\u00e7\u00e3o 06\/2024 Chamada P\u00fablica de Remo\u00e7\u00e3o 06\/2024 &#8211; RETIFICA\u00c7\u00c3O Resultado Parcial Resultado Final<\/p>\n","protected":false},"author":52,"featured_media":0,"parent":0,"menu_order":0,"comment_status":"closed","ping_status":"closed","template":"","meta":{"footnotes":""},"class_list":["post-26552","page","type-page","status-publish","hentry"],"_links":{"self":[{"href":"https:\/\/wp.ufpel.edu.br\/progep\/wp-json\/wp\/v2\/pages\/26552","targetHints":{"allow":["GET"]}}],"collection":[{"href":"https:\/\/wp.ufpel.edu.br\/progep\/wp-json\/wp\/v2\/pages"}],"about":[{"href":"https:\/\/wp.ufpel.edu.br\/progep\/wp-json\/wp\/v2\/types\/page"}],"author":[{"embeddable":true,"href":"https:\/\/wp.ufpel.edu.br\/progep\/wp-json\/wp\/v2\/users\/52"}],"replies":[{"embeddable":true,"href":"https:\/\/wp.ufpel.edu.br\/progep\/wp-json\/wp\/v2\/comments?post=26552"}],"version-history":[{"count":5,"href":"https:\/\/wp.ufpel.edu.br\/progep\/wp-json\/wp\/v2\/pages\/26552\/revisions"}],"predecessor-version":[{"id":26815,"href":"https:\/\/wp.ufpel.edu.br\/progep\/wp-json\/wp\/v2\/pages\/26552\/revisions\/26815"}],"wp:attachment":[{"href":"https:\/\/wp.ufpel.edu.br\/progep\/wp-json\/wp\/v2\/media?parent=26552"}],"curies":[{"name":"wp","href":"https:\/\/api.w.org\/{rel}","templated":true}]}}