{"id":26544,"date":"2024-09-10T09:53:41","date_gmt":"2024-09-10T12:53:41","guid":{"rendered":"https:\/\/wp.ufpel.edu.br\/progep\/?page_id=26544"},"modified":"2025-06-30T14:59:05","modified_gmt":"2025-06-30T17:59:05","slug":"mes-doa-servidora-da-ufpel-2024","status":"publish","type":"page","link":"https:\/\/wp.ufpel.edu.br\/progep\/mes-doa-servidora-da-ufpel-2024\/","title":{"rendered":"Capacita\u00e7\u00e3o: M\u00eas do(a) Servidor(a) da UFPEL 2024"},"content":{"rendered":"<p><a href=\"https:\/\/wp.ufpel.edu.br\/progep\/files\/2024\/09\/Imagem-Wordpress_Mes-do-Servidor-2024_rev00.png\"><img class=\"aligncenter wp-image-26568\" src=\"https:\/\/wp.ufpel.edu.br\/progep\/files\/2024\/09\/Imagem-Wordpress_Mes-do-Servidor-2024_rev00-400x154.png\" alt=\"\" width=\"561\" height=\"216\" srcset=\"https:\/\/wp.ufpel.edu.br\/progep\/files\/2024\/09\/Imagem-Wordpress_Mes-do-Servidor-2024_rev00-400x154.png 400w, https:\/\/wp.ufpel.edu.br\/progep\/files\/2024\/09\/Imagem-Wordpress_Mes-do-Servidor-2024_rev00-768x295.png 768w, https:\/\/wp.ufpel.edu.br\/progep\/files\/2024\/09\/Imagem-Wordpress_Mes-do-Servidor-2024_rev00.png 780w\" sizes=\"(max-width: 561px) 100vw, 561px\" \/><\/a><\/p>\n<p>Para celebrar o <strong>M\u00eas do(a) Servidor(a) P\u00fablico<\/strong>, comemorado no dia 28 de outubro, a Coordena\u00e7\u00e3o de Desenvolvimento de Pessoal, em parceria com a Coordena\u00e7\u00e3o de Sa\u00fade e Qualidade de Vida, da Pr\u00f3-Reitoria de Gest\u00e3o de Pessoas, oferecer\u00e1 diversas a\u00e7\u00f5es dedicadas aos(\u00e0s) Servidores(as) da Universidade Federal de Pelotas.<br \/>\nDurante este m\u00eas, preparamos uma programa\u00e7\u00e3o repleta de atividades aos(\u00e0s) servidores (as), proporcionando momentos de aprendizado, integra\u00e7\u00e3o e cuidados com a sa\u00fade.<\/p>\n<p style=\"text-align: center\"><span style=\"color: #0000ff\"><strong>PROGRAMA\u00c7\u00c3O DO M\u00caS DO(A) SERVIDOR(A)<\/strong><\/span><\/p>\n<div class=\"dados-cobalto cobalto-eventos cobalto-eventos-layout-c cobalto-eventos-2-colunas\"><\/div> <!-- .dados-cobalto -->\n<p>&nbsp;<\/p>\n<div class=\"dados-cobalto cobalto-calendario\"><div class=\"cobalto-calendario-legenda\"><div class=\"cobalto-calendario-legenda-item\"><span class=\"cobalto-calendario-tipo\" style=\"background:#4986E7\"><\/span> Programa\u00e7\u00e3o M\u00eas do(a) Servidor(a)<\/div><\/div><div class=\"cobalto-calendario-mes\"><strong>Outubro \/ 2024<\/strong><\/div><div class=\"cobalto-calendario-linha cobalto-calendario-linha-impar\"><span class=\"cobalto-calendario-tipo\" style=\"background:#4986E7\" title=\"Programa\u00e7\u00e3o M\u00eas do(a) Servidor(a)\"><\/span><span class=\"cobalto-calendario-dia\"><strong>31 Quinta<\/strong><\/span><span class=\"cobalto-calendario-descricao\"><a href=\"https:\/\/wp.ufpel.edu.br\/progep\/trilha-na-fazenda-do-centro-agropecuario-da-palma\/\"><span class=\"cobalto-evento-item-hora\"><\/span>Trilha na Fazenda do Centro Agropecu\u00e1rio da Palma<\/a><\/span><\/div><div class=\"cobalto-calendario-linha cobalto-calendario-linha-par\"><span class=\"cobalto-calendario-tipo\" style=\"background:#4986E7\" title=\"Programa\u00e7\u00e3o M\u00eas do(a) Servidor(a)\"><\/span><span class=\"cobalto-calendario-dia\"><strong>30 Quarta<\/strong><\/span><span class=\"cobalto-calendario-descricao\"><a href=\"https:\/\/wp.ufpel.edu.br\/progep\/2a-edicao-do-cine-debate-dialogando-sobre-saude-emocoes-e-bem-estar\/\"><span class=\"cobalto-evento-item-hora\"><\/span>2\u00aa Edi\u00e7\u00e3o do Cine Debate: Dialogando sobre sa\u00fade, emo\u00e7\u00f5es e bem estar<\/a><\/span><\/div><div class=\"cobalto-calendario-linha cobalto-calendario-linha-impar\"><span class=\"cobalto-calendario-tipo\" style=\"background:#4986E7\" title=\"Programa\u00e7\u00e3o M\u00eas do(a) Servidor(a)\"><\/span><span class=\"cobalto-calendario-dia\"><strong>24 Quinta<\/strong><\/span><span class=\"cobalto-calendario-descricao\"><a href=\"https:\/\/wp.ufpel.edu.br\/progep\/sintonia-yoga-chines-praticas-integrativas-e-complementares\/\"><span class=\"cobalto-evento-item-hora\"><\/span>Sintonia - Yoga Chin\u00eas (Cap\u00e3o do Le\u00e3o)<\/a><\/span><\/div><div class=\"cobalto-calendario-linha cobalto-calendario-linha-impar\"><span class=\"cobalto-calendario-tipo\" style=\"background:#4986E7\" title=\"Programa\u00e7\u00e3o M\u00eas do(a) Servidor(a)\"><\/span><span class=\"cobalto-calendario-dia\"><strong><\/strong><\/span><span class=\"cobalto-calendario-descricao\"><a href=\"https:\/\/wp.ufpel.edu.br\/progep\/passeio-pelo-patrimonio-cultural-edificado-da-ufpel-2\/\"><span class=\"cobalto-evento-item-hora\"><\/span>Passeio pelo Patrim\u00f4nio Cultural Edificado da UFPel<\/a><\/span><\/div><div class=\"cobalto-calendario-linha cobalto-calendario-linha-par\"><span class=\"cobalto-calendario-tipo\" style=\"background:#4986E7\" title=\"Programa\u00e7\u00e3o M\u00eas do(a) Servidor(a)\"><\/span><span class=\"cobalto-calendario-dia\"><strong>23 Quarta<\/strong><\/span><span class=\"cobalto-calendario-descricao\"><a href=\"https:\/\/wp.ufpel.edu.br\/progep\/oficina-aplicacao-de-mindfulness-e-auriculoterapia-para-promocao-de-saude-campus-capao-do-leao\/\"><span class=\"cobalto-evento-item-hora\"><\/span>Oficina: Aplica\u00e7\u00e3o de Mindfulness e auriculoterapia para promo\u00e7\u00e3o de sa\u00fade - Campus Cap\u00e3o do Le\u00e3o<\/a><\/span><\/div><div class=\"cobalto-calendario-linha cobalto-calendario-linha-par\"><span class=\"cobalto-calendario-tipo\" style=\"background:#4986E7\" title=\"Programa\u00e7\u00e3o M\u00eas do(a) Servidor(a)\"><\/span><span class=\"cobalto-calendario-dia\"><strong><\/strong><\/span><span class=\"cobalto-calendario-descricao\"><a href=\"https:\/\/wp.ufpel.edu.br\/progep\/oferta-de-praticas-integrativas-e-complementares-em-saude-aos-servidores-da-ufpel\/\"><span class=\"cobalto-evento-item-hora\"><\/span>Oferta de Pr\u00e1ticas Integrativas e Complementares em Sa\u00fade aos Servidores da UFPel<\/a><\/span><\/div><div class=\"cobalto-calendario-linha cobalto-calendario-linha-impar\"><span class=\"cobalto-calendario-tipo\" style=\"background:#4986E7\" title=\"Programa\u00e7\u00e3o M\u00eas do(a) Servidor(a)\"><\/span><span class=\"cobalto-calendario-dia\"><strong>22 Ter\u00e7a<\/strong><\/span><span class=\"cobalto-calendario-descricao\"><a href=\"https:\/\/wp.ufpel.edu.br\/progep\/conheca-o-yoga-chines-corpo-e-mente-em-sintonia-para-uma-vida-mais-equilibrada\/\"><span class=\"cobalto-evento-item-hora\"><\/span>Conhe\u00e7a o Yoga Chin\u00eas: corpo e mente em sintonia para uma vida mais equilibrada - Turma 1 (nova data)<\/a><\/span><\/div><div class=\"cobalto-calendario-linha cobalto-calendario-linha-par\"><span class=\"cobalto-calendario-tipo\" style=\"background:#4986E7\" title=\"Programa\u00e7\u00e3o M\u00eas do(a) Servidor(a)\"><\/span><span class=\"cobalto-calendario-dia\"><strong>21 Segunda<\/strong><\/span><span class=\"cobalto-calendario-descricao\"><a href=\"https:\/\/wp.ufpel.edu.br\/progep\/conheca-o-yoga-chines-corpo-e-mente-em-sintonia-para-uma-vida-mais-equilibrada-turma-2\/\"><span class=\"cobalto-evento-item-hora\"><\/span>Conhe\u00e7a o Yoga Chin\u00eas: corpo e mente em sintonia para uma vida mais equilibrada - Turma 2<\/a><\/span><\/div><div class=\"cobalto-calendario-linha cobalto-calendario-linha-impar\"><span class=\"cobalto-calendario-tipo\" style=\"background:#4986E7\" title=\"Programa\u00e7\u00e3o M\u00eas do(a) Servidor(a)\"><\/span><span class=\"cobalto-calendario-dia\"><strong>18 Sexta<\/strong><\/span><span class=\"cobalto-calendario-descricao\"><a href=\"https:\/\/wp.ufpel.edu.br\/progep\/oficina-aplicacao-de-mindfulness-e-auriculoterapia-para-promocao-de-saude-campus-anglo\/\"><span class=\"cobalto-evento-item-hora\"><\/span>Oficina: Aplica\u00e7\u00e3o de Mindfulness e auriculoterapia para promo\u00e7\u00e3o de sa\u00fade - Campus Anglo<\/a><\/span><\/div><div class=\"cobalto-calendario-linha cobalto-calendario-linha-par\"><span class=\"cobalto-calendario-tipo\" style=\"background:#4986E7\" title=\"Programa\u00e7\u00e3o M\u00eas do(a) Servidor(a)\"><\/span><span class=\"cobalto-calendario-dia\"><strong>17 Quinta<\/strong><\/span><span class=\"cobalto-calendario-descricao\"><a href=\"https:\/\/wp.ufpel.edu.br\/progep\/aula-show-cafes-especiais-e-metodos-de-preparo\/\"><span class=\"cobalto-evento-item-hora\"><\/span>Aula Show: Caf\u00e9s especiais e m\u00e9todos de preparo (nova data)<\/a><\/span><\/div><div class=\"cobalto-calendario-linha cobalto-calendario-linha-impar\"><span class=\"cobalto-calendario-tipo\" style=\"background:#4986E7\" title=\"Programa\u00e7\u00e3o M\u00eas do(a) Servidor(a)\"><\/span><span class=\"cobalto-calendario-dia\"><strong>10 Quinta<\/strong><\/span><span class=\"cobalto-calendario-descricao\"><a href=\"https:\/\/wp.ufpel.edu.br\/progep\/comportamento-alimentar-e-seu-impacto-na-saude-2\/\"><span class=\"cobalto-evento-item-hora\"><\/span>Comportamento alimentar e seu impacto na sa\u00fade<\/a><\/span><\/div><div class=\"cobalto-calendario-linha cobalto-calendario-linha-par\"><span class=\"cobalto-calendario-tipo\" style=\"background:#4986E7\" title=\"Programa\u00e7\u00e3o M\u00eas do(a) Servidor(a)\"><\/span><span class=\"cobalto-calendario-dia\"><strong>09 Quarta<\/strong><\/span><span class=\"cobalto-calendario-descricao\"><a href=\"https:\/\/wp.ufpel.edu.br\/progep\/26582-2\/\"><span class=\"cobalto-evento-item-hora\"><\/span>Oficina de Doces tradicionais de Pelotas: Bem-casado e Camafeu<\/a><\/span><\/div><div class=\"cobalto-calendario-linha cobalto-calendario-linha-impar\"><span class=\"cobalto-calendario-tipo\" style=\"background:#4986E7\" title=\"Programa\u00e7\u00e3o M\u00eas do(a) Servidor(a)\"><\/span><span class=\"cobalto-calendario-dia\"><strong>05 S\u00e1bado<\/strong><\/span><span class=\"cobalto-calendario-descricao\"><a href=\"https:\/\/wp.ufpel.edu.br\/progep\/?page_id=26617&preview=true\"><span class=\"cobalto-evento-item-hora\"><\/span>Torneio Amistoso de V\u00f4lei - Outubro Rosa e Novembro Azul<\/a><\/span><\/div><div class=\"cobalto-calendario-linha cobalto-calendario-linha-par\"><span class=\"cobalto-calendario-tipo\" style=\"background:#4986E7\" title=\"Programa\u00e7\u00e3o M\u00eas do(a) Servidor(a)\"><\/span><span class=\"cobalto-calendario-dia\"><strong>03 Quinta<\/strong><\/span><span class=\"cobalto-calendario-descricao\"><a href=\"https:\/\/wp.ufpel.edu.br\/progep\/impactos-da-auriculoterapia-na-saude-das-pessoas\/\"><span class=\"cobalto-evento-item-hora\"><\/span>Impactos da auriculoterapia na sa\u00fade das pessoas<\/a><\/span><\/div><div class=\"cobalto-calendario-legenda\"><div class=\"cobalto-calendario-legenda-item\"><span class=\"cobalto-calendario-tipo\" style=\"background:#4986E7\"><\/span> Programa\u00e7\u00e3o M\u00eas do(a) Servidor(a)<\/div><\/div><\/div> <!-- .dados-cobalto -->\n<p><strong>Contato:<\/strong> cdp.capacita@ufpel.edu.br<\/p>\n","protected":false},"excerpt":{"rendered":"<p>Para celebrar o M\u00eas do(a) Servidor(a) P\u00fablico, comemorado no dia 28 de outubro, a Coordena\u00e7\u00e3o de Desenvolvimento de Pessoal, em parceria com a Coordena\u00e7\u00e3o de Sa\u00fade e Qualidade de Vida, da Pr\u00f3-Reitoria de Gest\u00e3o de Pessoas, oferecer\u00e1 diversas a\u00e7\u00f5es dedicadas aos(\u00e0s) Servidores(as) da Universidade Federal de Pelotas. Durante este m\u00eas, preparamos uma programa\u00e7\u00e3o repleta de [&hellip;]<\/p>\n","protected":false},"author":21,"featured_media":0,"parent":0,"menu_order":0,"comment_status":"closed","ping_status":"closed","template":"","meta":{"footnotes":""},"class_list":["post-26544","page","type-page","status-publish","hentry"],"_links":{"self":[{"href":"https:\/\/wp.ufpel.edu.br\/progep\/wp-json\/wp\/v2\/pages\/26544","targetHints":{"allow":["GET"]}}],"collection":[{"href":"https:\/\/wp.ufpel.edu.br\/progep\/wp-json\/wp\/v2\/pages"}],"about":[{"href":"https:\/\/wp.ufpel.edu.br\/progep\/wp-json\/wp\/v2\/types\/page"}],"author":[{"embeddable":true,"href":"https:\/\/wp.ufpel.edu.br\/progep\/wp-json\/wp\/v2\/users\/21"}],"replies":[{"embeddable":true,"href":"https:\/\/wp.ufpel.edu.br\/progep\/wp-json\/wp\/v2\/comments?post=26544"}],"version-history":[{"count":19,"href":"https:\/\/wp.ufpel.edu.br\/progep\/wp-json\/wp\/v2\/pages\/26544\/revisions"}],"predecessor-version":[{"id":34166,"href":"https:\/\/wp.ufpel.edu.br\/progep\/wp-json\/wp\/v2\/pages\/26544\/revisions\/34166"}],"wp:attachment":[{"href":"https:\/\/wp.ufpel.edu.br\/progep\/wp-json\/wp\/v2\/media?parent=26544"}],"curies":[{"name":"wp","href":"https:\/\/api.w.org\/{rel}","templated":true}]}}