{"id":26531,"date":"2024-09-03T11:06:28","date_gmt":"2024-09-03T14:06:28","guid":{"rendered":"https:\/\/wp.ufpel.edu.br\/progep\/?page_id=26531"},"modified":"2025-05-16T11:03:34","modified_gmt":"2025-05-16T14:03:34","slug":"comunicacao-assertiva-no-ambiente-de-trabalho-a-nao-violencia-nas-relacoes","status":"publish","type":"page","link":"https:\/\/wp.ufpel.edu.br\/progep\/comunicacao-assertiva-no-ambiente-de-trabalho-a-nao-violencia-nas-relacoes\/","title":{"rendered":"Capacita\u00e7\u00e3o: Comunica\u00e7\u00e3o Assertiva no ambiente de trabalho: a n\u00e3o viol\u00eancia nas rela\u00e7\u00f5es"},"content":{"rendered":"<p><strong>Facilitador(a): <\/strong>Simone de Biazzi Avila Batista da Silveira (Docente da Universidade Federal do Rio Grande &#8211; FURG)<\/p>\n<p><strong>Data:<\/strong> 25\/09\/2024 (Quarta-feira)<\/p>\n<p><strong>Hor\u00e1rio: <\/strong>das 08h30 \u00e0s 10h30<\/p>\n<p><strong>Modalidade: <\/strong><em>Online<\/em><\/p>\n<p><strong>Local: <\/strong>Plataforma Webconf da UFPEL<\/p>\n<p><strong>Ementa:<br \/>\n<\/strong><\/p>\n<ol>\n<li>Teoria do Conflito.<\/li>\n<li>Comunica\u00e7\u00e3o n\u00e3o violenta.<\/li>\n<\/ol>\n<p><strong>P\u00fablico Alvo<\/strong>: Servidores(as) detentores de CD`s nas Unidades Administrativas e Chefes de N\u00facleo nas Unidades Administrativas; Diretores das Unidades Acad\u00eamicas e Chefes de N\u00facleos Administrativo e demais servidores que tenham interesse na tem\u00e1tica.<\/p>\n<p><strong>Per\u00edodo de inscri\u00e7\u00e3o<\/strong>: 03\/09 a 22\/09\/2024<\/p>\n<p><strong>Divulga\u00e7\u00e3o das inscri\u00e7\u00f5es homologadas<\/strong>: 23\/09**, nesta p\u00e1gina.<\/p>\n<p><span style=\"background-color: #ffffff\">*Considerando a Pol\u00edtica Nacional de Desenvolvimento de Pessoas, conforme Decreto n\u00ba 9.991\/19, somente ser\u00e3o certificados os servidores p\u00fablicos pertencentes ao Quadro Efetivo da UFPel.<\/span><\/p>\n<p><span style=\"background-color: #ffffff\">**Quando homologadas as inscri\u00e7\u00f5es, os selecionados receber\u00e3o e-mail com instru\u00e7\u00f5es de acesso \u00e0 sala de Webconf da UFPel.<\/span><\/p>\n<p><span style=\"background-color: #ffffff\">Observa\u00e7\u00e3o: A homologa\u00e7\u00e3o das inscri\u00e7\u00f5es dos(as) trabalhadores(as) terceirizados ficar\u00e1 condicionada \u00e0 an\u00e1lise pr\u00e9via e manifesta\u00e7\u00e3o por parte do NUGEST\/PRA.<\/span><\/p>\n<p><strong><span style=\"color: #ff6600\"><a style=\"color: #ff6600\" href=\"https:\/\/wp.ufpel.edu.br\/progep\/files\/2024\/09\/Homologacao-Comunicacao-Assertiva-no-ambiente-de-trabalho.pdf\">INSCRI\u00c7\u00d5ES HOMOLOGADAS<\/a><\/span><\/strong><\/p>\n<p><span style=\"font-size: 10pt\"><strong>Contato:<\/strong> cdp.capacita@ufpel.edu.br<\/span><\/p>\n","protected":false},"excerpt":{"rendered":"<p>Facilitador(a): Simone de Biazzi Avila Batista da Silveira (Docente da Universidade Federal do Rio Grande &#8211; FURG) Data: 25\/09\/2024 (Quarta-feira) Hor\u00e1rio: das 08h30 \u00e0s 10h30 Modalidade: Online Local: Plataforma Webconf da UFPEL Ementa: Teoria do Conflito. Comunica\u00e7\u00e3o n\u00e3o violenta. P\u00fablico Alvo: Servidores(as) detentores de CD`s nas Unidades Administrativas e Chefes de N\u00facleo nas Unidades Administrativas; [&hellip;]<\/p>\n","protected":false},"author":21,"featured_media":0,"parent":0,"menu_order":0,"comment_status":"closed","ping_status":"closed","template":"","meta":{"footnotes":""},"class_list":["post-26531","page","type-page","status-publish","hentry"],"_links":{"self":[{"href":"https:\/\/wp.ufpel.edu.br\/progep\/wp-json\/wp\/v2\/pages\/26531","targetHints":{"allow":["GET"]}}],"collection":[{"href":"https:\/\/wp.ufpel.edu.br\/progep\/wp-json\/wp\/v2\/pages"}],"about":[{"href":"https:\/\/wp.ufpel.edu.br\/progep\/wp-json\/wp\/v2\/types\/page"}],"author":[{"embeddable":true,"href":"https:\/\/wp.ufpel.edu.br\/progep\/wp-json\/wp\/v2\/users\/21"}],"replies":[{"embeddable":true,"href":"https:\/\/wp.ufpel.edu.br\/progep\/wp-json\/wp\/v2\/comments?post=26531"}],"version-history":[{"count":5,"href":"https:\/\/wp.ufpel.edu.br\/progep\/wp-json\/wp\/v2\/pages\/26531\/revisions"}],"predecessor-version":[{"id":32614,"href":"https:\/\/wp.ufpel.edu.br\/progep\/wp-json\/wp\/v2\/pages\/26531\/revisions\/32614"}],"wp:attachment":[{"href":"https:\/\/wp.ufpel.edu.br\/progep\/wp-json\/wp\/v2\/media?parent=26531"}],"curies":[{"name":"wp","href":"https:\/\/api.w.org\/{rel}","templated":true}]}}