{"id":26502,"date":"2024-08-28T18:44:53","date_gmt":"2024-08-28T21:44:53","guid":{"rendered":"https:\/\/wp.ufpel.edu.br\/progep\/?page_id=26502"},"modified":"2025-06-30T14:58:14","modified_gmt":"2025-06-30T17:58:14","slug":"desmistificando-a-ansiedade-social-possibilidades-para-autocuidado","status":"publish","type":"page","link":"https:\/\/wp.ufpel.edu.br\/progep\/desmistificando-a-ansiedade-social-possibilidades-para-autocuidado\/","title":{"rendered":"Capacita\u00e7\u00e3o: Desmistificando a ansiedade social: possibilidades para autocuidado"},"content":{"rendered":"<p><strong>Facilitador(a): <\/strong>Adrize Rutz Porto (Docente da Faculdade de Enfermagem da UFPel)<\/p>\n<p><strong>Data:<\/strong> 26\/09\/2024 (quinta-feira)<\/p>\n<p><strong>Hor\u00e1rio: <\/strong>das 14h30min \u00e0s 17h30min<\/p>\n<p><strong>Modalidade:<\/strong> Online<\/p>\n<p><strong>Local: <\/strong>Plataforma Webconf<\/p>\n<p><strong>Ementa:<br \/>\n<\/strong>Conceito de ansiedade social,<br \/>\nCaracter\u00edsticas das situa\u00e7\u00f5es de ocorr\u00eancia,<br \/>\n<span style=\"color: var(--cor-texto);font-family: var(--fonte-corpo)\">Manifesta\u00e7\u00f5es cl\u00ednicas, Diagn\u00f3stico,<br \/>\n<\/span>Tratamento,<br \/>\n<span style=\"color: var(--cor-texto);font-family: var(--fonte-corpo)\">Complica\u00e7\u00f5es,<br \/>\n<\/span><span style=\"color: var(--cor-texto);font-family: var(--fonte-corpo)\">Possibilidades de autocuidado,<br \/>\nViv\u00eancia de autocuidado com as pr\u00e1ticas integrativas e complementares em sa\u00fade.<\/span><\/p>\n<p><strong>P\u00fablico Alvo<\/strong>: Servidores(as) docentes, TAE\u2019s\u00a0 e trabalhadores(as) terceirizados(as) ativos(as) da UFPel*<\/p>\n<p><strong>N\u00famero de vagas:<\/strong> 50 (limitadas por ordem de inscri\u00e7\u00e3o)<\/p>\n<p><strong>Per\u00edodo de inscri\u00e7\u00e3o<\/strong>: 03\/09 a 23\/09\/2024<\/p>\n<p><strong>Divulga\u00e7\u00e3o das inscri\u00e7\u00f5es homologadas<\/strong>: 24\/09**, nesta p\u00e1gina.<\/p>\n<p><span style=\"background-color: #ffffff\">*Considerando a Pol\u00edtica Nacional de Desenvolvimento de Pessoas, conforme Decreto n\u00ba 9.991\/19, somente ser\u00e3o certificados os servidores p\u00fablicos pertencentes ao Quadro Efetivo da UFPel;<\/span><br \/>\n<span style=\"background-color: #ffffff\">**Quando homologadas as inscri\u00e7\u00f5es, os selecionados receber\u00e3o e-mail de confirma\u00e7\u00e3o com instru\u00e7\u00f5es.<\/span><\/p>\n<p>Observa\u00e7\u00e3o: A homologa\u00e7\u00e3o das inscri\u00e7\u00f5es dos(as) trabalhadores(as) terceirizados ficar\u00e1 condicionada \u00e0 an\u00e1lise pr\u00e9via e manifesta\u00e7\u00e3o por parte do NUGEST\/PRA.<\/p>\n<p><span style=\"color: #ff6600\"><strong><a style=\"color: #ff6600\" href=\"https:\/\/wp.ufpel.edu.br\/progep\/files\/2024\/09\/Desmistificando-a-ansiedade-social-1.pdf\">INSCRI\u00c7\u00d5ES HOMOLOGADAS<\/a><\/strong><\/span><\/p>\n<p><span style=\"font-size: 10pt\"><strong>Contato SFS:<\/strong> cdp.capacita@ufpel.edu.br<\/span><\/p>\n","protected":false},"excerpt":{"rendered":"<p>Facilitador(a): Adrize Rutz Porto (Docente da Faculdade de Enfermagem da UFPel) Data: 26\/09\/2024 (quinta-feira) Hor\u00e1rio: das 14h30min \u00e0s 17h30min Modalidade: Online Local: Plataforma Webconf Ementa: Conceito de ansiedade social, Caracter\u00edsticas das situa\u00e7\u00f5es de ocorr\u00eancia, Manifesta\u00e7\u00f5es cl\u00ednicas, Diagn\u00f3stico, Tratamento, Complica\u00e7\u00f5es, Possibilidades de autocuidado, Viv\u00eancia de autocuidado com as pr\u00e1ticas integrativas e complementares em sa\u00fade. P\u00fablico Alvo: [&hellip;]<\/p>\n","protected":false},"author":21,"featured_media":0,"parent":0,"menu_order":0,"comment_status":"closed","ping_status":"closed","template":"","meta":{"footnotes":""},"class_list":["post-26502","page","type-page","status-publish","hentry"],"_links":{"self":[{"href":"https:\/\/wp.ufpel.edu.br\/progep\/wp-json\/wp\/v2\/pages\/26502","targetHints":{"allow":["GET"]}}],"collection":[{"href":"https:\/\/wp.ufpel.edu.br\/progep\/wp-json\/wp\/v2\/pages"}],"about":[{"href":"https:\/\/wp.ufpel.edu.br\/progep\/wp-json\/wp\/v2\/types\/page"}],"author":[{"embeddable":true,"href":"https:\/\/wp.ufpel.edu.br\/progep\/wp-json\/wp\/v2\/users\/21"}],"replies":[{"embeddable":true,"href":"https:\/\/wp.ufpel.edu.br\/progep\/wp-json\/wp\/v2\/comments?post=26502"}],"version-history":[{"count":11,"href":"https:\/\/wp.ufpel.edu.br\/progep\/wp-json\/wp\/v2\/pages\/26502\/revisions"}],"predecessor-version":[{"id":34164,"href":"https:\/\/wp.ufpel.edu.br\/progep\/wp-json\/wp\/v2\/pages\/26502\/revisions\/34164"}],"wp:attachment":[{"href":"https:\/\/wp.ufpel.edu.br\/progep\/wp-json\/wp\/v2\/media?parent=26502"}],"curies":[{"name":"wp","href":"https:\/\/api.w.org\/{rel}","templated":true}]}}