{"id":26498,"date":"2024-08-28T18:03:26","date_gmt":"2024-08-28T21:03:26","guid":{"rendered":"https:\/\/wp.ufpel.edu.br\/progep\/?page_id=26498"},"modified":"2025-06-30T14:58:09","modified_gmt":"2025-06-30T17:58:09","slug":"programa-evoluidade-como-estao-as-areas-da-sua-vida-qual-impacto-podem-causar-no-pos-carreira","status":"publish","type":"page","link":"https:\/\/wp.ufpel.edu.br\/progep\/programa-evoluidade-como-estao-as-areas-da-sua-vida-qual-impacto-podem-causar-no-pos-carreira\/","title":{"rendered":"Capacita\u00e7\u00e3o: Programa Evoluidade: Como est\u00e3o as \u00e1reas da sua vida? Qual impacto podem causar no p\u00f3s-carreira?"},"content":{"rendered":"<p><strong>Facilitador(a): <\/strong>Maria Helena Concei\u00e7\u00e3o Silveira (Psic\u00f3loga \u2013 Coordena\u00e7\u00e3o de Sa\u00fade e Qualidade de Vida\/ PROGEP)<\/p>\n<p><strong>Data:<\/strong> 18\/09\/2024 (quarta-feira)<\/p>\n<p><strong>Hor\u00e1rio: <\/strong>das 13h \u00e0s 15h<\/p>\n<p><strong>Local: <\/strong>Campus Cap\u00e3o do Le\u00e3o &#8211; Espa\u00e7o Viva Bem (localizado no Centro de Conviv\u00eancia do Campus, ao lado do restaurante)<\/p>\n<p><strong>Ementa:<br \/>\n<\/strong>&#8211; Avalia\u00e7\u00e3o \u00e1reas da vida<br \/>\n&#8211; Impacto do equil\u00edbrio da Roda da Vida na aposentadoria<br \/>\n&#8211; Identifica\u00e7\u00e3o da necessidade de mudan\u00e7as<br \/>\n&#8211; Escala de Mudan\u00e7a de Comportamento<strong><br \/>\n<\/strong><\/p>\n<p><strong>P\u00fablico Alvo<\/strong>: Servidores(as) docentes, TAE\u2019s e trabalhadores(as) terceirizados(as) ativos(as) da UFPel*<\/p>\n<p><strong>Per\u00edodo de inscri\u00e7\u00e3o<\/strong>: 28\/08 a 15\/09\/2024<\/p>\n<p><strong>Divulga\u00e7\u00e3o das inscri\u00e7\u00f5es homologadas<\/strong>: 16\/09**, nesta p\u00e1gina.<\/p>\n<p><span style=\"background-color: #ffffff\">*Vagas destinadas \u00e0 servidores pertencentes ao Quadro Efetivo da UFPel, preferencialmente. Considerando a Pol\u00edtica Nacional de Desenvolvimento de Pessoas, conforme Decreto n\u00ba 9.991\/19, somente ser\u00e3o certificados os servidores p\u00fablicos pertencentes ao Quadro Efetivo da UFPel;<\/span><br \/>\n<span style=\"background-color: #ffffff\">** Quando homologadas as inscri\u00e7\u00f5es, os selecionados receber\u00e3o e-mail de confirma\u00e7\u00e3o com instru\u00e7\u00f5es.<\/span><\/p>\n<p>Observa\u00e7\u00e3o: A homologa\u00e7\u00e3o das inscri\u00e7\u00f5es dos(as) trabalhadores(as) terceirizados ficar\u00e1 condicionada \u00e0 an\u00e1lise pr\u00e9via e manifesta\u00e7\u00e3o por parte do NUGEST\/PRA.<\/p>\n<p><span style=\"color: #ff6600\"><strong><a style=\"color: #ff6600\" href=\"https:\/\/wp.ufpel.edu.br\/progep\/inscricoes-para-curso\/\">INSCRI\u00c7\u00d5ES AQUI!<\/a><\/strong><\/span><\/p>\n<p>&nbsp;<\/p>\n<p><span style=\"font-size: 10pt\"><strong>Contato:<\/strong> cdp.capacita@ufpel.edu.br<\/span><\/p>\n","protected":false},"excerpt":{"rendered":"<p>Facilitador(a): Maria Helena Concei\u00e7\u00e3o Silveira (Psic\u00f3loga \u2013 Coordena\u00e7\u00e3o de Sa\u00fade e Qualidade de Vida\/ PROGEP) Data: 18\/09\/2024 (quarta-feira) Hor\u00e1rio: das 13h \u00e0s 15h Local: Campus Cap\u00e3o do Le\u00e3o &#8211; Espa\u00e7o Viva Bem (localizado no Centro de Conviv\u00eancia do Campus, ao lado do restaurante) Ementa: &#8211; Avalia\u00e7\u00e3o \u00e1reas da vida &#8211; Impacto do equil\u00edbrio da Roda [&hellip;]<\/p>\n","protected":false},"author":21,"featured_media":0,"parent":0,"menu_order":0,"comment_status":"closed","ping_status":"closed","template":"","meta":{"footnotes":""},"class_list":["post-26498","page","type-page","status-publish","hentry"],"_links":{"self":[{"href":"https:\/\/wp.ufpel.edu.br\/progep\/wp-json\/wp\/v2\/pages\/26498","targetHints":{"allow":["GET"]}}],"collection":[{"href":"https:\/\/wp.ufpel.edu.br\/progep\/wp-json\/wp\/v2\/pages"}],"about":[{"href":"https:\/\/wp.ufpel.edu.br\/progep\/wp-json\/wp\/v2\/types\/page"}],"author":[{"embeddable":true,"href":"https:\/\/wp.ufpel.edu.br\/progep\/wp-json\/wp\/v2\/users\/21"}],"replies":[{"embeddable":true,"href":"https:\/\/wp.ufpel.edu.br\/progep\/wp-json\/wp\/v2\/comments?post=26498"}],"version-history":[{"count":4,"href":"https:\/\/wp.ufpel.edu.br\/progep\/wp-json\/wp\/v2\/pages\/26498\/revisions"}],"predecessor-version":[{"id":34163,"href":"https:\/\/wp.ufpel.edu.br\/progep\/wp-json\/wp\/v2\/pages\/26498\/revisions\/34163"}],"wp:attachment":[{"href":"https:\/\/wp.ufpel.edu.br\/progep\/wp-json\/wp\/v2\/media?parent=26498"}],"curies":[{"name":"wp","href":"https:\/\/api.w.org\/{rel}","templated":true}]}}