{"id":26485,"date":"2024-08-26T09:27:09","date_gmt":"2024-08-26T12:27:09","guid":{"rendered":"https:\/\/wp.ufpel.edu.br\/progep\/?page_id=26485"},"modified":"2025-09-17T15:47:01","modified_gmt":"2025-09-17T18:47:01","slug":"nomeacoes-edital-06-2024","status":"publish","type":"page","link":"https:\/\/wp.ufpel.edu.br\/progep\/nomeacoes-edital-06-2024\/","title":{"rendered":"Nomea\u00e7\u00f5es &#8211; Edital 06\/2024"},"content":{"rendered":"\n<div class=\"wp-block-group\"><div class=\"wp-block-group__inner-container is-layout-constrained wp-block-group-is-layout-constrained\">\n<div class=\"logoTituloModelStyle\"><img class=\"size-medium wp-image-27184 alignleft\" src=\"https:\/\/wp.ufpel.edu.br\/progep\/files\/2025\/03\/logo-progep_atualizacao-nome_AZUL.png\" style=\"padding:0\" alt=\"\" \/><\/p>\n<div style=\"padding:2rem\"><strong>Nomea\u00e7\u00f5es &#8211; Edital 06\/2024<\/strong><\/div>\n<\/div>\n<hr class=\"hrModelStyle\" \/>\n<div class=\"descriptionModelStyle\">Acompanhe nesta p\u00e1gina a publica\u00e7\u00e3o dos\/as nomeados\/as para cargos t\u00e9cnicos na UFPEL.<\/div>\n<\/div><\/div>\n\n\n<div class=\"pagNomeacoesStyle\">\n<div class=\"cargosNomeConvStyle\">\n<div class=\"cargosTitleStyle\"> Cargos nesta p\u00e1gina:<\/div>\n<div class=\"cargosStyle\">\n<p>T\u00e9cnico de Laborat\u00f3rio\/\u00c1rea: Alimentos<\/p>\n<p>T\u00e9cnico de Tecnologia da Informa\u00e7\u00e3o<\/p>\n<p>T\u00e9cnico em Contabilidade<\/p>\n<p>T\u00e9cnico em Enfermagem<\/p>\n<\/div>\n<\/div>\n<p> Confira a p\u00e1gina com as informa\u00e7\u00f5es a respeito do certame: <\/p>\n<a href=\"https:\/\/legalleconcursos.com.br\/editais\/ver\/114a707d8c19743e95098bc37b3aec80\" target=\"_blank\">Certame do Edital 06\/2024<\/a>\n<div class=\"titleStyle\"><strong>Ampla Concorr\u00eancia<\/strong><\/div>\n<div class=\"titleStyle\"><strong>Cargo<\/strong>: T\u00e9cnico de Laborat\u00f3rio\/\u00c1rea: Alimentos<\/div>\n\n<table id=\"tablepress-18\" class=\"tablepress tablepress-id-18\">\n<thead>\n<tr class=\"row-1\">\n\t<th class=\"column-1\">Posi\u00e7\u00e3o<\/th><th class=\"column-2\">Nome<\/th><th class=\"column-3\">Situa\u00e7\u00e3o<\/th>\n<\/tr>\n<\/thead>\n<tbody class=\"row-striping row-hover\">\n<tr class=\"row-2\">\n\t<td class=\"column-1\">1<\/td><td class=\"column-2\">Lenon Medeiros Bauer<\/td><td class=\"column-3\">Nomeado em 02\/10\/2024<\/td>\n<\/tr>\n<tr class=\"row-3\">\n\t<td class=\"column-1\">2<\/td><td class=\"column-2\">Flavia Liege Sch\u00fctz Voloski<\/td><td class=\"column-3\"><\/td>\n<\/tr>\n<tr class=\"row-4\">\n\t<td class=\"column-1\">3<\/td><td class=\"column-2\">Isabel Santos Pedone<\/td><td class=\"column-3\"><\/td>\n<\/tr>\n<tr class=\"row-5\">\n\t<td class=\"column-1\">4<\/td><td class=\"column-2\">Natalia Madruga Arrieira<\/td><td class=\"column-3\"><\/td>\n<\/tr>\n<tr class=\"row-6\">\n\t<td class=\"column-1\">5<\/td><td class=\"column-2\">Nathalie Almeida Lopes<\/td><td class=\"column-3\"><\/td>\n<\/tr>\n<\/tbody>\n<\/table>\n<!-- #tablepress-18 from cache -->\n<div class=\"titleStyle\"><strong>Cargo<\/strong>: T\u00e9cnico de Tecnologia da Informa\u00e7\u00e3o<\/div>\n\n<table id=\"tablepress-19\" class=\"tablepress tablepress-id-19\">\n<thead>\n<tr class=\"row-1\">\n\t<th class=\"column-1\">Posi\u00e7\u00e3o<\/th><th class=\"column-2\">Nome<\/th><th class=\"column-3\">Situa\u00e7\u00e3o<\/th>\n<\/tr>\n<\/thead>\n<tbody class=\"row-striping row-hover\">\n<tr class=\"row-2\">\n\t<td class=\"column-1\">1<\/td><td class=\"column-2\">\u00c1derson Alves Da Silva<\/td><td class=\"column-3\">Nomeado em 14\/10\/2024<\/td>\n<\/tr>\n<tr class=\"row-3\">\n\t<td class=\"column-1\">2<\/td><td class=\"column-2\">Diogo Veber Lima<\/td><td class=\"column-3\">Nomeado em 14\/10\/2024<\/td>\n<\/tr>\n<tr class=\"row-4\">\n\t<td class=\"column-1\">3<\/td><td class=\"column-2\">Mauricio da Silva Vargas<\/td><td class=\"column-3\"><s>Nomeado em 14\/10\/2024<\/s> <br \/>\nTornado sem efeito<br \/>\n(Pediu fim de fila)<\/td>\n<\/tr>\n<tr class=\"row-5\">\n\t<td class=\"column-1\">4<\/td><td class=\"column-2\">Thalis Figueiredo Sartorio<\/td><td class=\"column-3\">Nomeado em 14\/10\/2024<\/td>\n<\/tr>\n<tr class=\"row-6\">\n\t<td class=\"column-1\">5<\/td><td class=\"column-2\">Frederico Maciel Kuhn<\/td><td class=\"column-3\">Nomeado em 18\/10\/2024<\/td>\n<\/tr>\n<tr class=\"row-7\">\n\t<td class=\"column-1\">6<\/td><td class=\"column-2\">Andriel Weber Jardim<\/td><td class=\"column-3\">Nomeado em 04\/12\/2025<\/td>\n<\/tr>\n<tr class=\"row-8\">\n\t<td class=\"column-1\">7<\/td><td class=\"column-2\">Ana Carolina N\u00f6rnberg Konradt<\/td><td class=\"column-3\"><\/td>\n<\/tr>\n<tr class=\"row-9\">\n\t<td class=\"column-1\">8<\/td><td class=\"column-2\">Ederson Ronei Iganci Blaas<\/td><td class=\"column-3\"><\/td>\n<\/tr>\n<tr class=\"row-10\">\n\t<td class=\"column-1\">9<\/td><td class=\"column-2\">Marcus Vinicius Freire Guimaraes<\/td><td class=\"column-3\"><\/td>\n<\/tr>\n<tr class=\"row-11\">\n\t<td class=\"column-1\">10<\/td><td class=\"column-2\">Rodrigo Trillo Custodio<\/td><td class=\"column-3\"><\/td>\n<\/tr>\n<tr class=\"row-12\">\n\t<td class=\"column-1\">11<\/td><td class=\"column-2\">Juan Carlos Quevedo Weimar<\/td><td class=\"column-3\"><\/td>\n<\/tr>\n<tr class=\"row-13\">\n\t<td class=\"column-1\">12<\/td><td class=\"column-2\">Gerson Porciuncula Siqueira<\/td><td class=\"column-3\"><\/td>\n<\/tr>\n<tr class=\"row-14\">\n\t<td class=\"column-1\">13<\/td><td class=\"column-2\">Lucas Sosa Machado<\/td><td class=\"column-3\"><\/td>\n<\/tr>\n<tr class=\"row-15\">\n\t<td class=\"column-1\">14<\/td><td class=\"column-2\">Cesar Vianna Fonseca<\/td><td class=\"column-3\"><\/td>\n<\/tr>\n<tr class=\"row-16\">\n\t<td class=\"column-1\">15<\/td><td class=\"column-2\">Mauricio da Silva Vargas<\/td><td class=\"column-3\"><\/td>\n<\/tr>\n<\/tbody>\n<\/table>\n<!-- #tablepress-19 from cache -->\n<div class=\"titleStyle\"><strong>Cargo<\/strong>: T\u00e9cnico em Contabilidade<\/div>\n\n<table id=\"tablepress-20\" class=\"tablepress tablepress-id-20\">\n<thead>\n<tr class=\"row-1\">\n\t<th class=\"column-1\">Posi\u00e7\u00e3o<\/th><th class=\"column-2\">Nome<\/th><th class=\"column-3\">Situa\u00e7\u00e3o<\/th>\n<\/tr>\n<\/thead>\n<tbody class=\"row-striping row-hover\">\n<tr class=\"row-2\">\n\t<td class=\"column-1\">1<\/td><td class=\"column-2\">Alane Lemes Oliveira<\/td><td class=\"column-3\"><s>Nomeada em 19\/09\/2024<\/s><br \/>\nTornado sem efeito (pediu fim de fila)<\/td>\n<\/tr>\n<tr class=\"row-3\">\n\t<td class=\"column-1\">2<\/td><td class=\"column-2\">Anderson Damasceno Raupp*<\/td><td class=\"column-3\">Nomeado em 19\/09\/2024<\/td>\n<\/tr>\n<tr class=\"row-4\">\n\t<td class=\"column-1\">3<\/td><td class=\"column-2\">Benigna Zanetti Garcia<\/td><td class=\"column-3\">Nomeada 02\/10\/2024<\/td>\n<\/tr>\n<tr class=\"row-5\">\n\t<td class=\"column-1\">4<\/td><td class=\"column-2\">Fabricio Mendes Prestes<\/td><td class=\"column-3\"><s>Nomeado em 18\/10\/2024<\/s><br \/>\nTornar s\/efeito<\/td>\n<\/tr>\n<tr class=\"row-6\">\n\t<td class=\"column-1\">5<\/td><td class=\"column-2\">Alane Lemes Oliveira<\/td><td class=\"column-3\">Nomeada em 28\/04\/2025<\/td>\n<\/tr>\n<\/tbody>\n<\/table>\n<!-- #tablepress-20 from cache -->\n<div style=\"padding: 0 2rem 0;font-size: 10pt\">\n*aprovado igualmente pelas cotas raciais\n<\/div>\n<div class=\"titleStyle\"><strong>Cargo<\/strong>: T\u00e9cnico em Enfermagem<\/div>\n\n<table id=\"tablepress-21\" class=\"tablepress tablepress-id-21\">\n<thead>\n<tr class=\"row-1\">\n\t<th class=\"column-1\">Posi\u00e7\u00e3o<\/th><th class=\"column-2\">Nome<\/th><th class=\"column-3\">Situa\u00e7\u00e3o<\/th>\n<\/tr>\n<\/thead>\n<tbody class=\"row-striping row-hover\">\n<tr class=\"row-2\">\n\t<td class=\"column-1\">1<\/td><td class=\"column-2\">Aline Miranda da Silva*<\/td><td class=\"column-3\">Nomeada em 19\/09\/2024<\/td>\n<\/tr>\n<tr class=\"row-3\">\n\t<td class=\"column-1\">2<\/td><td class=\"column-2\">Patricia Porto de Mello<\/td><td class=\"column-3\">Nomeada em 22\/05\/2025<br \/>\n(PEDIU RECLASSIFICA\u00c7\u00c3O)<\/td>\n<\/tr>\n<tr class=\"row-4\">\n\t<td class=\"column-1\">3<\/td><td class=\"column-2\">Adriana Rocha dos Santos<\/td><td class=\"column-3\">Nomeada em 03\/06\/2025<\/td>\n<\/tr>\n<tr class=\"row-5\">\n\t<td class=\"column-1\">4<\/td><td class=\"column-2\">Patricia Crizel Lima<\/td><td class=\"column-3\">Nomeada em 14\/07\/2025<\/td>\n<\/tr>\n<tr class=\"row-6\">\n\t<td class=\"column-1\">5<\/td><td class=\"column-2\">Naiana Alves Oliveira<\/td><td class=\"column-3\">Nomeada em 04\/12\/2025<\/td>\n<\/tr>\n<tr class=\"row-7\">\n\t<td class=\"column-1\">6<\/td><td class=\"column-2\">Silvia Liane Pereira Pinheiro<\/td><td class=\"column-3\"><\/td>\n<\/tr>\n<tr class=\"row-8\">\n\t<td class=\"column-1\">7<\/td><td class=\"column-2\">Diamela Ribeiro Coelho*<\/td><td class=\"column-3\">Nomeada em 22\/05\/2025 pelas CR<\/td>\n<\/tr>\n<tr class=\"row-9\">\n\t<td class=\"column-1\">8<\/td><td class=\"column-2\">Osmar Jonatas Potenza<\/td><td class=\"column-3\"><\/td>\n<\/tr>\n<tr class=\"row-10\">\n\t<td class=\"column-1\">9<\/td><td class=\"column-2\">Ana Flavia Mota Nobre<\/td><td class=\"column-3\"><\/td>\n<\/tr>\n<tr class=\"row-11\">\n\t<td class=\"column-1\">10<\/td><td class=\"column-2\">Reginaldo Luceiro Valadao*<\/td><td class=\"column-3\"><\/td>\n<\/tr>\n<tr class=\"row-12\">\n\t<td class=\"column-1\">11<\/td><td class=\"column-2\">Renan Silveira Porto<\/td><td class=\"column-3\"><\/td>\n<\/tr>\n<tr class=\"row-13\">\n\t<td class=\"column-1\">12<\/td><td class=\"column-2\">Patricia Porto de Mello<\/td><td class=\"column-3\"><\/td>\n<\/tr>\n<\/tbody>\n<\/table>\n<!-- #tablepress-21 from cache -->\n<div style=\"padding: 0 2rem 0;font-size: 10pt\">*aprovados igualmente pelas cotas raciais<\/div>\n<div class=\"titleStyle\"><strong>COTAS PcD<\/strong><\/div>\n\n<table id=\"tablepress-22\" class=\"tablepress tablepress-id-22\">\n<thead>\n<tr class=\"row-1\">\n\t<th class=\"column-1\">Posi\u00e7\u00e3o<\/th><th class=\"column-2\">Nome<\/th><th class=\"column-3\">Cargo<\/th><th class=\"column-4\">Situa\u00e7\u00e3o<\/th>\n<\/tr>\n<\/thead>\n<tbody class=\"row-striping row-hover\">\n<tr class=\"row-2\">\n\t<td class=\"column-1\">1<\/td><td class=\"column-2\">Aline Kichkofel Alves<\/td><td class=\"column-3\">T\u00e9cnico em Enfermagem<\/td><td class=\"column-4\">Nomeado em 14\/10\/2024<\/td>\n<\/tr>\n<\/tbody>\n<\/table>\n<!-- #tablepress-22 from cache -->\n<div class=\"titleStyle\"><strong>COTAS RACIAIS<\/strong><\/div>\n\n<table id=\"tablepress-23\" class=\"tablepress tablepress-id-23\">\n<thead>\n<tr class=\"row-1\">\n\t<th class=\"column-1\">Posi\u00e7\u00e3o<\/th><th class=\"column-2\">Nome<\/th><th class=\"column-3\">Cargo<\/th><th class=\"column-4\">Situa\u00e7\u00e3o<\/th>\n<\/tr>\n<\/thead>\n<tbody class=\"row-striping row-hover\">\n<tr class=\"row-2\">\n\t<td class=\"column-1\">1<\/td><td class=\"column-2\">Aline Miranda da Silva<\/td><td class=\"column-3\">T\u00e9cnico em Enfermagem<\/td><td class=\"column-4\">Nomeada em 19\/09\/2024<\/td>\n<\/tr>\n<tr class=\"row-3\">\n\t<td class=\"column-1\">2<\/td><td class=\"column-2\">Diamela Ribeiro Coelho<\/td><td class=\"column-3\">T\u00e9cnico em Enfermagem<\/td><td class=\"column-4\">Nomeada em 22\/05\/2025<\/td>\n<\/tr>\n<tr class=\"row-4\">\n\t<td class=\"column-1\">3<\/td><td class=\"column-2\">Reginaldo Luceiro Valadao<\/td><td class=\"column-3\">T\u00e9cnico em Enfermagem<\/td><td class=\"column-4\"><\/td>\n<\/tr>\n<tr class=\"row-5\">\n\t<td class=\"column-1\">4<\/td><td class=\"column-2\">Anderson Damasceno Raupp<\/td><td class=\"column-3\">T\u00e9cnico em Contabilidade<\/td><td class=\"column-4\">Nomeado pela ampla <br \/>\nem 19\/09\/2024<\/td>\n<\/tr>\n<\/tbody>\n<\/table>\n<!-- #tablepress-23 from cache -->\n<\/div>\n","protected":false},"excerpt":{"rendered":"<p>Nomea\u00e7\u00f5es &#8211; Edital 06\/2024 Acompanhe nesta p\u00e1gina a publica\u00e7\u00e3o dos\/as nomeados\/as para cargos t\u00e9cnicos na UFPEL. Cargos nesta p\u00e1gina: T\u00e9cnico de Laborat\u00f3rio\/\u00c1rea: Alimentos T\u00e9cnico de Tecnologia da Informa\u00e7\u00e3o T\u00e9cnico em Contabilidade T\u00e9cnico em Enfermagem Confira a p\u00e1gina com as informa\u00e7\u00f5es a respeito do certame: Certame do Edital 06\/2024 Ampla Concorr\u00eancia Cargo: T\u00e9cnico de Laborat\u00f3rio\/\u00c1rea: Alimentos [&hellip;]<\/p>\n","protected":false},"author":52,"featured_media":0,"parent":0,"menu_order":0,"comment_status":"closed","ping_status":"closed","template":"","meta":{"footnotes":""},"class_list":["post-26485","page","type-page","status-publish","hentry"],"_links":{"self":[{"href":"https:\/\/wp.ufpel.edu.br\/progep\/wp-json\/wp\/v2\/pages\/26485","targetHints":{"allow":["GET"]}}],"collection":[{"href":"https:\/\/wp.ufpel.edu.br\/progep\/wp-json\/wp\/v2\/pages"}],"about":[{"href":"https:\/\/wp.ufpel.edu.br\/progep\/wp-json\/wp\/v2\/types\/page"}],"author":[{"embeddable":true,"href":"https:\/\/wp.ufpel.edu.br\/progep\/wp-json\/wp\/v2\/users\/52"}],"replies":[{"embeddable":true,"href":"https:\/\/wp.ufpel.edu.br\/progep\/wp-json\/wp\/v2\/comments?post=26485"}],"version-history":[{"count":2,"href":"https:\/\/wp.ufpel.edu.br\/progep\/wp-json\/wp\/v2\/pages\/26485\/revisions"}],"predecessor-version":[{"id":37366,"href":"https:\/\/wp.ufpel.edu.br\/progep\/wp-json\/wp\/v2\/pages\/26485\/revisions\/37366"}],"wp:attachment":[{"href":"https:\/\/wp.ufpel.edu.br\/progep\/wp-json\/wp\/v2\/media?parent=26485"}],"curies":[{"name":"wp","href":"https:\/\/api.w.org\/{rel}","templated":true}]}}