{"id":26440,"date":"2024-08-14T10:59:53","date_gmt":"2024-08-14T13:59:53","guid":{"rendered":"https:\/\/wp.ufpel.edu.br\/progep\/?page_id=26440"},"modified":"2024-09-06T17:19:38","modified_gmt":"2024-09-06T20:19:38","slug":"capacitacao-adolescentes-e-adultos-com-transtorno-do-espectro-autista-reflexoes-sobre-diagnostico-tardio","status":"publish","type":"page","link":"https:\/\/wp.ufpel.edu.br\/progep\/capacitacao-adolescentes-e-adultos-com-transtorno-do-espectro-autista-reflexoes-sobre-diagnostico-tardio\/","title":{"rendered":"Capacita\u00e7\u00e3o: Adolescentes e adultos com transtorno do espectro autista: reflex\u00f5es sobre diagn\u00f3stico tardio"},"content":{"rendered":"<p><strong>Facilitadora: Rita de C\u00e1ssia Morem C\u00f3ssio Rodriguez<\/strong> (Docente no Instituto de Biologia \u2013 UFPel)<\/p>\n<p><strong>Data:<\/strong> 10 de setembro de 2024 (ter\u00e7a-feira)<\/p>\n<p><strong>Hor\u00e1rio:\u00a0<\/strong>das 14h \u00e0s 17h<\/p>\n<p><strong>Modalidade:\u00a0<\/strong>On-line<\/p>\n<p style=\"text-align: justify\"><strong>Ementa: <\/strong>Compreender as singularidades das pessoas neurodiversas, as viv\u00eancias de adolescentes e adultos ap\u00f3s diagn\u00f3stico e os apoios necess\u00e1rios \u00e0 acessibilidade e inclus\u00e3o.<\/p>\n<p><strong>P\u00fablico Alvo<\/strong>: Servidores(as) docentes, TAE\u2019s e trabalhadores(as) terceirizados(as) ativos(as) da UFPel*<\/p>\n<p><strong>Per\u00edodo de inscri\u00e7\u00e3o<\/strong>: 14\/08 a 06\/09\/2024<\/p>\n<p><strong>Divulga\u00e7\u00e3o das inscri\u00e7\u00f5es homologadas<\/strong>: 09\/09**, nesta p\u00e1gina.<\/p>\n<p>*Vagas destinadas \u00e0 servidores pertencentes ao Quadro Efetivo da UFPel, preferencialmente. Considerando a Pol\u00edtica Nacional de Desenvolvimento de Pessoas, conforme Decreto n\u00ba 9.991\/19, somente ser\u00e3o certificados os servidores p\u00fablicos pertencentes ao Quadro Efetivo da UFPel;<br \/>\n** Quando homologadas as inscri\u00e7\u00f5es, os selecionados receber\u00e3o e-mail de confirma\u00e7\u00e3o com instru\u00e7\u00f5es.<\/p>\n<p>Observa\u00e7\u00e3o: A homologa\u00e7\u00e3o das inscri\u00e7\u00f5es dos(as) trabalhadores(as) terceirizados ficar\u00e1 condicionada \u00e0 an\u00e1lise pr\u00e9via e manifesta\u00e7\u00e3o por parte do NUGEST\/PRA.<\/p>\n<p><span style=\"color: #ff6600\"><strong><a style=\"color: #ff6600\" href=\"https:\/\/wp.ufpel.edu.br\/progep\/files\/2024\/09\/HOMOLOGACAO-Adolescentes-e-adultos-com-transtorno-do-espectro-autista-reflexoes-sobre-diagnostico-tardio.pdf\">INSCRI\u00c7\u00d5ES HOMOLOGADAS<\/a><\/strong><\/span><\/p>\n<p>Para confirma\u00e7\u00e3o da homologa\u00e7\u00e3o, orientamos que consulte a caixa de entrada do e-mail e tamb\u00e9m verifique a caixa de <em>spam.<br \/>\n<\/em>Caso n\u00e3o tenha recebido a confirma\u00e7\u00e3o, pedimos que entre em contato atrav\u00e9s do e-mail:\u00a0<span style=\"color: #0000ff\">cdp.capacita@ufpel.edu.br<\/span><\/p>\n","protected":false},"excerpt":{"rendered":"<p>Facilitadora: Rita de C\u00e1ssia Morem C\u00f3ssio Rodriguez (Docente no Instituto de Biologia \u2013 UFPel) Data: 10 de setembro de 2024 (ter\u00e7a-feira) Hor\u00e1rio:\u00a0das 14h \u00e0s 17h Modalidade:\u00a0On-line Ementa: Compreender as singularidades das pessoas neurodiversas, as viv\u00eancias de adolescentes e adultos ap\u00f3s diagn\u00f3stico e os apoios necess\u00e1rios \u00e0 acessibilidade e inclus\u00e3o. P\u00fablico Alvo: Servidores(as) docentes, TAE\u2019s e [&hellip;]<\/p>\n","protected":false},"author":21,"featured_media":0,"parent":0,"menu_order":0,"comment_status":"closed","ping_status":"closed","template":"","meta":{"footnotes":""},"class_list":["post-26440","page","type-page","status-publish","hentry"],"_links":{"self":[{"href":"https:\/\/wp.ufpel.edu.br\/progep\/wp-json\/wp\/v2\/pages\/26440","targetHints":{"allow":["GET"]}}],"collection":[{"href":"https:\/\/wp.ufpel.edu.br\/progep\/wp-json\/wp\/v2\/pages"}],"about":[{"href":"https:\/\/wp.ufpel.edu.br\/progep\/wp-json\/wp\/v2\/types\/page"}],"author":[{"embeddable":true,"href":"https:\/\/wp.ufpel.edu.br\/progep\/wp-json\/wp\/v2\/users\/21"}],"replies":[{"embeddable":true,"href":"https:\/\/wp.ufpel.edu.br\/progep\/wp-json\/wp\/v2\/comments?post=26440"}],"version-history":[{"count":8,"href":"https:\/\/wp.ufpel.edu.br\/progep\/wp-json\/wp\/v2\/pages\/26440\/revisions"}],"predecessor-version":[{"id":26558,"href":"https:\/\/wp.ufpel.edu.br\/progep\/wp-json\/wp\/v2\/pages\/26440\/revisions\/26558"}],"wp:attachment":[{"href":"https:\/\/wp.ufpel.edu.br\/progep\/wp-json\/wp\/v2\/media?parent=26440"}],"curies":[{"name":"wp","href":"https:\/\/api.w.org\/{rel}","templated":true}]}}