{"id":26434,"date":"2024-08-14T10:38:14","date_gmt":"2024-08-14T13:38:14","guid":{"rendered":"https:\/\/wp.ufpel.edu.br\/progep\/?page_id=26434"},"modified":"2024-09-03T19:03:21","modified_gmt":"2024-09-03T22:03:21","slug":"capacitacao-refletindo-sobre-a-inteligencia-emocional-no-trabalho","status":"publish","type":"page","link":"https:\/\/wp.ufpel.edu.br\/progep\/capacitacao-refletindo-sobre-a-inteligencia-emocional-no-trabalho\/","title":{"rendered":"Capacita\u00e7\u00e3o: Refletindo sobre a Intelig\u00eancia Emocional no Trabalho"},"content":{"rendered":"<p><strong>Facilitadora: <\/strong>Francielle Molon da Silva (Docente no\u00a0Centro de Ci\u00eancias Socio-Organizacionais\u00a0&#8211; UFPel)<\/p>\n<p><strong>Per\u00edodo de realiza\u00e7\u00e3o:<\/strong> 05 de setembro de 2024 (quinta-feira)<\/p>\n<p><strong>Hor\u00e1rio:\u00a0<\/strong>das 14h \u00e0s 16h<\/p>\n<p><strong>Modalidade:\u00a0<\/strong>On-line<\/p>\n<p><strong>Ementa:<\/strong><\/p>\n<ul>\n<li>No\u00e7\u00f5es de Intelig\u00eancia Emocional;<\/li>\n<li><span style=\"color: var(--cor-texto);font-family: var(--fonte-corpo)\">Aplica\u00e7\u00f5es da Intelig\u00eancia Emocional no Trabalho;<\/span><\/li>\n<li>Impacto da Intelig\u00eancia;<\/li>\n<li>Emocional das Rela\u00e7\u00f5es de Trabalho.<\/li>\n<\/ul>\n<p><strong>P\u00fablico Alvo<\/strong>: Servidores(as) docentes, TAE\u2019s e trabalhadores(as) terceirizados(as) ativos(as) da UFPel*<\/p>\n<p><strong>Per\u00edodo de inscri\u00e7\u00e3o<\/strong>: 14\/08 a 02\/09\/2024<\/p>\n<p><strong>Divulga\u00e7\u00e3o das inscri\u00e7\u00f5es homologadas<\/strong>: 03\/09*, nesta p\u00e1gina.<\/p>\n<p>*Vagas destinadas \u00e0 servidores pertencentes ao Quadro Efetivo da UFPel, preferencialmente. Considerando a Pol\u00edtica Nacional de Desenvolvimento de Pessoas, conforme Decreto n\u00ba 9.991\/19, somente ser\u00e3o certificados os servidores p\u00fablicos pertencentes ao Quadro Efetivo da UFPel;<br \/>\n** Quando homologadas as inscri\u00e7\u00f5es, os selecionados receber\u00e3o e-mail de confirma\u00e7\u00e3o com instru\u00e7\u00f5es.<\/p>\n<p>Observa\u00e7\u00e3o: A homologa\u00e7\u00e3o das inscri\u00e7\u00f5es dos(as) trabalhadores(as) terceirizados ficar\u00e1 condicionada \u00e0 an\u00e1lise pr\u00e9via e manifesta\u00e7\u00e3o por parte do NUGEST\/PRA.<\/p>\n<p><strong><span style=\"color: #ff6600\"><a style=\"color: #ff6600\" href=\"https:\/\/wp.ufpel.edu.br\/progep\/files\/2024\/09\/HOMOLOGACAO-Refletindo-sobre-a-Inteligencia-Emocional-no-Trabalho-1.pdf\">INSCRI\u00c7\u00d5ES HOMOLOGADAS<\/a><\/span><\/strong><\/p>\n<p>&nbsp;<\/p>\n<p><span style=\"font-size: 10pt\"><strong>Contato SFS;<\/strong> cdp.capacita@ufpel.edu.br<\/span><\/p>\n","protected":false},"excerpt":{"rendered":"<p>Facilitadora: Francielle Molon da Silva (Docente no\u00a0Centro de Ci\u00eancias Socio-Organizacionais\u00a0&#8211; UFPel) Per\u00edodo de realiza\u00e7\u00e3o: 05 de setembro de 2024 (quinta-feira) Hor\u00e1rio:\u00a0das 14h \u00e0s 16h Modalidade:\u00a0On-line Ementa: No\u00e7\u00f5es de Intelig\u00eancia Emocional; Aplica\u00e7\u00f5es da Intelig\u00eancia Emocional no Trabalho; Impacto da Intelig\u00eancia; Emocional das Rela\u00e7\u00f5es de Trabalho. P\u00fablico Alvo: Servidores(as) docentes, TAE\u2019s e trabalhadores(as) terceirizados(as) ativos(as) da UFPel* [&hellip;]<\/p>\n","protected":false},"author":21,"featured_media":0,"parent":0,"menu_order":0,"comment_status":"closed","ping_status":"closed","template":"","meta":{"footnotes":""},"class_list":["post-26434","page","type-page","status-publish","hentry"],"_links":{"self":[{"href":"https:\/\/wp.ufpel.edu.br\/progep\/wp-json\/wp\/v2\/pages\/26434","targetHints":{"allow":["GET"]}}],"collection":[{"href":"https:\/\/wp.ufpel.edu.br\/progep\/wp-json\/wp\/v2\/pages"}],"about":[{"href":"https:\/\/wp.ufpel.edu.br\/progep\/wp-json\/wp\/v2\/types\/page"}],"author":[{"embeddable":true,"href":"https:\/\/wp.ufpel.edu.br\/progep\/wp-json\/wp\/v2\/users\/21"}],"replies":[{"embeddable":true,"href":"https:\/\/wp.ufpel.edu.br\/progep\/wp-json\/wp\/v2\/comments?post=26434"}],"version-history":[{"count":5,"href":"https:\/\/wp.ufpel.edu.br\/progep\/wp-json\/wp\/v2\/pages\/26434\/revisions"}],"predecessor-version":[{"id":26541,"href":"https:\/\/wp.ufpel.edu.br\/progep\/wp-json\/wp\/v2\/pages\/26434\/revisions\/26541"}],"wp:attachment":[{"href":"https:\/\/wp.ufpel.edu.br\/progep\/wp-json\/wp\/v2\/media?parent=26434"}],"curies":[{"name":"wp","href":"https:\/\/api.w.org\/{rel}","templated":true}]}}