{"id":26432,"date":"2024-08-14T10:29:06","date_gmt":"2024-08-14T13:29:06","guid":{"rendered":"https:\/\/wp.ufpel.edu.br\/progep\/?page_id=26432"},"modified":"2024-09-02T15:16:56","modified_gmt":"2024-09-02T18:16:56","slug":"capacitacao-sustentabilidade-em-movimento-pequenos-passos-grandes-impactos","status":"publish","type":"page","link":"https:\/\/wp.ufpel.edu.br\/progep\/capacitacao-sustentabilidade-em-movimento-pequenos-passos-grandes-impactos\/","title":{"rendered":"Capacita\u00e7\u00e3o: Sustentabilidade em movimento : Pequenos Passos, Grandes Impactos"},"content":{"rendered":"<p><strong>Facilitadora: <\/strong>Let\u00edcia Demari Antunes (\u00a0T\u00e9cnica-Administrativa em Educa\u00e7\u00e3o na FAURB &#8211; UFPel)<\/p>\n<p><strong>Data:<\/strong> 04\/09\/2024 (quarta-feira)<\/p>\n<p><strong>Hor\u00e1rio:\u00a0<\/strong>das 09h \u00e0s 12h<\/p>\n<p><strong>Modalidade:\u00a0<\/strong>On-line<\/p>\n<p><strong>Ementa:<br \/>\n<\/strong><\/p>\n<p>1. Import\u00e2ncia da gest\u00e3o ambiental e sustentabilidade<br \/>\n2. Fundamentos da Sustentabilidade<br \/>\n3. Sustentabilidade em Casa<br \/>\n4. Sustentabilidade na Universidade<br \/>\n5. Gerenciamento de Res\u00edduos S\u00f3lidos<br \/>\n6. Casos de Sucesso<br \/>\n7. Desafios e Oportunidades<br \/>\n8. Como indiv\u00edduos podem contribuir<\/p>\n<p><strong>P\u00fablico Alvo<\/strong>: Servidores(as) docentes, TAE\u2019s e trabalhadores(as) terceirizados(as) ativos(as) da UFPel*<\/p>\n<p><strong>Per\u00edodo de inscri\u00e7\u00e3o<\/strong>: 14\/08 a 30\/08\/2024<\/p>\n<p><strong>Divulga\u00e7\u00e3o das inscri\u00e7\u00f5es homologadas<\/strong>: 02\/09**, nesta p\u00e1gina.<\/p>\n<p>*Vagas destinadas \u00e0 servidores pertencentes ao Quadro Efetivo da UFPel, preferencialmente. Considerando a Pol\u00edtica Nacional de Desenvolvimento de Pessoas, conforme Decreto n\u00ba 9.991\/19, somente ser\u00e3o certificados os servidores p\u00fablicos pertencentes ao Quadro Efetivo da UFPel;<br \/>\n** Quando homologadas as inscri\u00e7\u00f5es, os selecionados receber\u00e3o e-mail de confirma\u00e7\u00e3o com instru\u00e7\u00f5es.<\/p>\n<p>Observa\u00e7\u00e3o: A homologa\u00e7\u00e3o das inscri\u00e7\u00f5es dos(as) trabalhadores(as) terceirizados ficar\u00e1 condicionada \u00e0 an\u00e1lise pr\u00e9via e manifesta\u00e7\u00e3o por parte do NUGEST\/PRA.<\/p>\n<p><strong><span style=\"color: #ff6600\"><a style=\"color: #ff6600\" href=\"https:\/\/wp.ufpel.edu.br\/progep\/files\/2024\/09\/Homologacao-Sustentabilidade-em-movimento-Pequenos-Passos-Grandes-Impactos.pdf\">INSCRI\u00c7\u00d5ES HOMOLOGADAS<\/a><\/span><\/strong><\/p>\n<p>&nbsp;<\/p>\n<p>Contato SFS: cdp.capacita@ufpel.edu.br<\/p>\n","protected":false},"excerpt":{"rendered":"<p>Facilitadora: Let\u00edcia Demari Antunes (\u00a0T\u00e9cnica-Administrativa em Educa\u00e7\u00e3o na FAURB &#8211; UFPel) Data: 04\/09\/2024 (quarta-feira) Hor\u00e1rio:\u00a0das 09h \u00e0s 12h Modalidade:\u00a0On-line Ementa: 1. Import\u00e2ncia da gest\u00e3o ambiental e sustentabilidade 2. Fundamentos da Sustentabilidade 3. Sustentabilidade em Casa 4. Sustentabilidade na Universidade 5. Gerenciamento de Res\u00edduos S\u00f3lidos 6. Casos de Sucesso 7. Desafios e Oportunidades 8. Como indiv\u00edduos [&hellip;]<\/p>\n","protected":false},"author":21,"featured_media":0,"parent":0,"menu_order":0,"comment_status":"closed","ping_status":"closed","template":"","meta":{"footnotes":""},"class_list":["post-26432","page","type-page","status-publish","hentry"],"_links":{"self":[{"href":"https:\/\/wp.ufpel.edu.br\/progep\/wp-json\/wp\/v2\/pages\/26432","targetHints":{"allow":["GET"]}}],"collection":[{"href":"https:\/\/wp.ufpel.edu.br\/progep\/wp-json\/wp\/v2\/pages"}],"about":[{"href":"https:\/\/wp.ufpel.edu.br\/progep\/wp-json\/wp\/v2\/types\/page"}],"author":[{"embeddable":true,"href":"https:\/\/wp.ufpel.edu.br\/progep\/wp-json\/wp\/v2\/users\/21"}],"replies":[{"embeddable":true,"href":"https:\/\/wp.ufpel.edu.br\/progep\/wp-json\/wp\/v2\/comments?post=26432"}],"version-history":[{"count":4,"href":"https:\/\/wp.ufpel.edu.br\/progep\/wp-json\/wp\/v2\/pages\/26432\/revisions"}],"predecessor-version":[{"id":26450,"href":"https:\/\/wp.ufpel.edu.br\/progep\/wp-json\/wp\/v2\/pages\/26432\/revisions\/26450"}],"wp:attachment":[{"href":"https:\/\/wp.ufpel.edu.br\/progep\/wp-json\/wp\/v2\/media?parent=26432"}],"curies":[{"name":"wp","href":"https:\/\/api.w.org\/{rel}","templated":true}]}}