{"id":26320,"date":"2024-08-02T17:56:04","date_gmt":"2024-08-02T20:56:04","guid":{"rendered":"https:\/\/wp.ufpel.edu.br\/progep\/?page_id=26320"},"modified":"2025-06-30T14:57:45","modified_gmt":"2025-06-30T17:57:45","slug":"ufpel-sempre-acolhedora-saude-mental-e-trabalho-a-importancia-da-autoconsciencia-emocional-2","status":"publish","type":"page","link":"https:\/\/wp.ufpel.edu.br\/progep\/ufpel-sempre-acolhedora-saude-mental-e-trabalho-a-importancia-da-autoconsciencia-emocional-2\/","title":{"rendered":"Capacita\u00e7\u00e3o: UFPEL Sempre Acolhedora &#8211; Sa\u00fade Mental e Trabalho: a import\u00e2ncia da autoconsci\u00eancia emocional"},"content":{"rendered":"<p><strong>Facilitadoras<\/strong>: Ang\u00e9lica Gon\u00e7alves Peter e Maria Helena Concei\u00e7\u00e3o Silveira (Psic\u00f3logas da Coordena\u00e7\u00e3o de Sa\u00fade e Qualidade de Vida \u2013 CSQV\/PROGEP \u2013 UFPel)<\/p>\n<p><strong>Locais de realiza\u00e7\u00e3o\/Datas\/hor\u00e1rios:<\/strong><\/p>\n<p>Faculdade de Agronomia Eliseu Maciel (FAEM) \u2013 Data: 20\/08\/2024 (ter\u00e7a-feira) \u2013 Hor\u00e1rio: 13h \u00e0s 14h30min<\/p>\n<p>Faculdade de Direito (FD) &#8211; Data 22\/08\/2024 (quinta-feira) \u2013 Hor\u00e1rio: 16h \u00e0s 17h30min<\/p>\n<p>Faculdade de Odontologia (FO) &#8211; Data 03\/09\/2024 (ter\u00e7a-feira) \u2013 Hor\u00e1rio: 9h30min \u00e0s 11h<\/p>\n<p><strong>Carga hor\u00e1ria<\/strong>: 1 hora e 30 minutos<\/p>\n<p><strong>Modalidade:<\/strong>\u00a0presencial<\/p>\n<p><strong>Ementa:<\/strong><\/p>\n<ol>\n<li>Identifica\u00e7\u00e3o das emo\u00e7\u00f5es<\/li>\n<li>Regula\u00e7\u00e3o Emocional<\/li>\n<li>\u00a0Impacto da (des)regula\u00e7\u00e3o das emo\u00e7\u00f5es no ambiente laboral<\/li>\n<li>\u00a0Significado do trabalho<\/li>\n<li>\u00a0Transforma\u00e7\u00f5es do mundo do trabalho<\/li>\n<li>\u00a0Impacto da produtividade nas \u00e1reas de vida<\/li>\n<li>\u00a0 Adapta\u00e7\u00e3o criativa<\/li>\n<\/ol>\n<p><strong>P\u00fablico Alvo<\/strong>: \u00a0Servidores(as) docentes, TAE\u2019s e trabalhadores(as) terceirizados(as) ativos(as) da UFPel da Unidade visitada*<\/p>\n<p><strong>Vagas<\/strong>: 20 vagas**<\/p>\n<p><strong>Inscri\u00e7\u00f5es<\/strong>:<\/p>\n<p>Turma FAEM: at\u00e9 15\/08\/2024<\/p>\n<p>Turma FD: at\u00e9 19\/08\/2024<\/p>\n<p>Turma FO: at\u00e9 29\/08\/2024<\/p>\n<p><strong>Divulga\u00e7\u00e3o das inscri\u00e7\u00f5es homologadas<\/strong>:<\/p>\n<p>Turma FAEM: 16\/08\/2024<\/p>\n<p>Turma FD: 20\/08\/2024<\/p>\n<p>Turma FO: 30\/08\/2024<\/p>\n<p>*Vagas destinadas \u00e0 servidores pertencentes ao Quadro Efetivo da UFPel, preferencialmente. Considerando a Pol\u00edtica Nacional de Desenvolvimento de Pessoas, conforme Decreto n\u00ba 9.991\/19, somente ser\u00e3o certificados os servidores p\u00fablicos pertencentes ao Quadro Efetivo da UFPel;<br \/>\n** Quando homologadas as inscri\u00e7\u00f5es, os selecionados receber\u00e3o e-mail de confirma\u00e7\u00e3o com instru\u00e7\u00f5es.<\/p>\n<p>Observa\u00e7\u00e3o: A homologa\u00e7\u00e3o das inscri\u00e7\u00f5es dos(as) trabalhadores(as) terceirizados ficar\u00e1 condicionada \u00e0 an\u00e1lise pr\u00e9via e manifesta\u00e7\u00e3o por parte do NUGEST\/PRA.<\/p>\n<p><span style=\"color: #ff6600\"><strong><a style=\"color: #ff6600\" href=\"https:\/\/wp.ufpel.edu.br\/progep\/inscricoes-para-curso\/\">INSCRI\u00c7\u00d5ES AQUI!<\/a><\/strong><\/span><\/p>\n<p><span style=\"color: #ff6600\"><strong><a style=\"color: #ff6600\" href=\"https:\/\/wp.ufpel.edu.br\/progep\/files\/2024\/08\/Homologacao-UFPEL-Sempre-Acolhedora-FAEMF.pdf\">HOMOLOGA\u00c7\u00c3O TURMA FAEM<\/a><\/strong><\/span><\/p>\n<p><strong><span style=\"color: #ff6600\"><a style=\"color: #ff6600\" href=\"https:\/\/wp.ufpel.edu.br\/progep\/files\/2024\/08\/Homologados-UFPEL-Sempre-Acolhedora-FD.pdf\">HOMOLOGA\u00c7\u00c3O TURMA FD<\/a><\/span><\/strong><\/p>\n<p><strong><span style=\"color: #ff6600\"><a style=\"color: #ff6600\" href=\"https:\/\/wp.ufpel.edu.br\/progep\/files\/2024\/08\/Homologacao-UFPEL-Sempre-Acolhedora-FO.pdf\">HOMOLOGA\u00c7\u00c3O TURMA FO<\/a><\/span><\/strong><\/p>\n<p>&nbsp;<\/p>\n<p>Contato SFS: cdp.capacita@ufpel.edu.br<\/p>\n","protected":false},"excerpt":{"rendered":"<p>Facilitadoras: Ang\u00e9lica Gon\u00e7alves Peter e Maria Helena Concei\u00e7\u00e3o Silveira (Psic\u00f3logas da Coordena\u00e7\u00e3o de Sa\u00fade e Qualidade de Vida \u2013 CSQV\/PROGEP \u2013 UFPel) Locais de realiza\u00e7\u00e3o\/Datas\/hor\u00e1rios: Faculdade de Agronomia Eliseu Maciel (FAEM) \u2013 Data: 20\/08\/2024 (ter\u00e7a-feira) \u2013 Hor\u00e1rio: 13h \u00e0s 14h30min Faculdade de Direito (FD) &#8211; Data 22\/08\/2024 (quinta-feira) \u2013 Hor\u00e1rio: 16h \u00e0s 17h30min Faculdade de [&hellip;]<\/p>\n","protected":false},"author":21,"featured_media":0,"parent":0,"menu_order":0,"comment_status":"closed","ping_status":"closed","template":"","meta":{"footnotes":""},"class_list":["post-26320","page","type-page","status-publish","hentry"],"_links":{"self":[{"href":"https:\/\/wp.ufpel.edu.br\/progep\/wp-json\/wp\/v2\/pages\/26320","targetHints":{"allow":["GET"]}}],"collection":[{"href":"https:\/\/wp.ufpel.edu.br\/progep\/wp-json\/wp\/v2\/pages"}],"about":[{"href":"https:\/\/wp.ufpel.edu.br\/progep\/wp-json\/wp\/v2\/types\/page"}],"author":[{"embeddable":true,"href":"https:\/\/wp.ufpel.edu.br\/progep\/wp-json\/wp\/v2\/users\/21"}],"replies":[{"embeddable":true,"href":"https:\/\/wp.ufpel.edu.br\/progep\/wp-json\/wp\/v2\/comments?post=26320"}],"version-history":[{"count":16,"href":"https:\/\/wp.ufpel.edu.br\/progep\/wp-json\/wp\/v2\/pages\/26320\/revisions"}],"predecessor-version":[{"id":34160,"href":"https:\/\/wp.ufpel.edu.br\/progep\/wp-json\/wp\/v2\/pages\/26320\/revisions\/34160"}],"wp:attachment":[{"href":"https:\/\/wp.ufpel.edu.br\/progep\/wp-json\/wp\/v2\/media?parent=26320"}],"curies":[{"name":"wp","href":"https:\/\/api.w.org\/{rel}","templated":true}]}}