{"id":26315,"date":"2024-08-02T17:34:55","date_gmt":"2024-08-02T20:34:55","guid":{"rendered":"https:\/\/wp.ufpel.edu.br\/progep\/?page_id=26315"},"modified":"2024-08-16T10:56:15","modified_gmt":"2024-08-16T13:56:15","slug":"capacitacao-engageed-language-lab","status":"publish","type":"page","link":"https:\/\/wp.ufpel.edu.br\/progep\/capacitacao-engageed-language-lab\/","title":{"rendered":"Capacita\u00e7\u00e3o: Engaged Language Lab"},"content":{"rendered":"<p><strong>Facilitadoras: <\/strong>M\u00e1rcia Morales Klee e Helena Vitalina Selbach<\/p>\n<p><strong>Per\u00edodo de realiza\u00e7\u00e3o:<\/strong> de 20 de agosto a 22 de outubro de 2024<\/p>\n<p><strong>Dias de realiza\u00e7\u00e3o:<\/strong>\u00a0 Ter\u00e7as-feiras<\/p>\n<p><strong>Hor\u00e1rio: <\/strong>das\u00a014h \u00e0s 16h25min<\/p>\n<p><strong>Modalidade: <\/strong>On-line<\/p>\n<p><strong>Ementa:<br \/>\n<\/strong><\/p>\n<ul>\n<li>Internacionaliza\u00e7\u00e3o do curr\u00edculo;<\/li>\n<li>Ingl\u00eas como Meio de Instru\u00e7\u00e3o (<em>English as a Medium of Instruction &#8211; EMI<\/em>);<\/li>\n<li>Modelo de Sala de aula invertida (<em>The flipped classroom model<\/em>);<\/li>\n<li>Abordagem centrada no aluno (<em>The student-centered approach<\/em>);<\/li>\n<li>Aprendizagem Baseada em Projetos (<em>Project-Based Learning<\/em>);<\/li>\n<li>Objetivos de aprendizagem;<\/li>\n<li>Constru\u00e7\u00e3o e adapta\u00e7\u00e3o de materiais did\u00e1ticos;<\/li>\n<li>Planos de ensino;<\/li>\n<li>Avalia\u00e7\u00e3o e Rubricas de avalia\u00e7\u00e3o.<\/li>\n<\/ul>\n<p><b><strong>Avalia\u00e7\u00e3o: <\/strong><\/b>Os participantes dever\u00e3o, al\u00e9m da frequ\u00eancia m\u00ednima de 75%, apresentar seus materiais e planos de ensino que ir\u00e3o construir ao longo de toda a\u00a0capacita\u00e7\u00e3o, compartilhar necessidades e desafios enfrentados nesse processo, bem como discutir e comentar os materiais dos demais participantes.<\/p>\n<p class=\"v1MsoNormal\"><strong>P\u00fablico Alvo<\/strong>: Servidores\/as docentes<\/p>\n<p><strong>N\u00famero de vagas:<\/strong> 20 (limitadas por ordem de inscri\u00e7\u00e3o)**<\/p>\n<p><strong>Per\u00edodo de inscri\u00e7\u00e3o<\/strong>: 05\/08 a 15\/08\/2023<\/p>\n<p><strong>Divulga\u00e7\u00e3o das inscri\u00e7\u00f5es homologadas<\/strong>: 16\/08***, nesta p\u00e1gina.<\/p>\n<p>* Considerando a Pol\u00edtica Nacional de Desenvolvimento de Pessoas, conforme Decreto n\u00ba 9.991\/19, somente ser\u00e3o certificados os servidores p\u00fablicos pertencentes ao Quadro Efetivo da UFPel;<br \/>\n** Quando homologadas as inscri\u00e7\u00f5es, os selecionados receber\u00e3o e-mail de confirma\u00e7\u00e3o.<\/p>\n<p><span style=\"color: #ff6600\"><strong><a style=\"color: #ff6600\" href=\"https:\/\/wp.ufpel.edu.br\/progep\/files\/2024\/08\/HOMOLOGACAO-Engaged-Language-Lab.pdf\">INSCRI\u00c7\u00d5ES HOMOLOGADAS!<\/a><\/strong><\/span><\/p>\n<p><strong>Contato:<\/strong>\u00a0cdp.capacita@ufpel.edu.br<\/p>\n<p>&nbsp;<\/p>\n","protected":false},"excerpt":{"rendered":"<p>Facilitadoras: M\u00e1rcia Morales Klee e Helena Vitalina Selbach Per\u00edodo de realiza\u00e7\u00e3o: de 20 de agosto a 22 de outubro de 2024 Dias de realiza\u00e7\u00e3o:\u00a0 Ter\u00e7as-feiras Hor\u00e1rio: das\u00a014h \u00e0s 16h25min Modalidade: On-line Ementa: Internacionaliza\u00e7\u00e3o do curr\u00edculo; Ingl\u00eas como Meio de Instru\u00e7\u00e3o (English as a Medium of Instruction &#8211; EMI); Modelo de Sala de aula invertida (The [&hellip;]<\/p>\n","protected":false},"author":21,"featured_media":0,"parent":0,"menu_order":0,"comment_status":"closed","ping_status":"closed","template":"","meta":{"footnotes":""},"class_list":["post-26315","page","type-page","status-publish","hentry"],"_links":{"self":[{"href":"https:\/\/wp.ufpel.edu.br\/progep\/wp-json\/wp\/v2\/pages\/26315","targetHints":{"allow":["GET"]}}],"collection":[{"href":"https:\/\/wp.ufpel.edu.br\/progep\/wp-json\/wp\/v2\/pages"}],"about":[{"href":"https:\/\/wp.ufpel.edu.br\/progep\/wp-json\/wp\/v2\/types\/page"}],"author":[{"embeddable":true,"href":"https:\/\/wp.ufpel.edu.br\/progep\/wp-json\/wp\/v2\/users\/21"}],"replies":[{"embeddable":true,"href":"https:\/\/wp.ufpel.edu.br\/progep\/wp-json\/wp\/v2\/comments?post=26315"}],"version-history":[{"count":6,"href":"https:\/\/wp.ufpel.edu.br\/progep\/wp-json\/wp\/v2\/pages\/26315\/revisions"}],"predecessor-version":[{"id":26462,"href":"https:\/\/wp.ufpel.edu.br\/progep\/wp-json\/wp\/v2\/pages\/26315\/revisions\/26462"}],"wp:attachment":[{"href":"https:\/\/wp.ufpel.edu.br\/progep\/wp-json\/wp\/v2\/media?parent=26315"}],"curies":[{"name":"wp","href":"https:\/\/api.w.org\/{rel}","templated":true}]}}