{"id":2628,"date":"2011-10-18T15:22:13","date_gmt":"2011-10-18T18:22:13","guid":{"rendered":"https:\/\/wp.ufpel.edu.br\/prgrh\/"},"modified":"2026-04-07T09:05:50","modified_gmt":"2026-04-07T12:05:50","slug":"quadro-de-referencias-de-tas","status":"publish","type":"page","link":"https:\/\/wp.ufpel.edu.br\/progep\/quadro-de-referencias-de-tas\/","title":{"rendered":"Quadro de Refer\u00eancias de TA\u2019S"},"content":{"rendered":"\n<div class=\"wp-block-group\"><div class=\"wp-block-group__inner-container is-layout-constrained wp-block-group-is-layout-constrained\">\n<div class=\"logoTituloModelStyle\" style=\"padding: 0\"><img class=\"size-medium wp-image-27184 alignleft\" style=\"padding: 0\" src=\"https:\/\/wp.ufpel.edu.br\/progep\/files\/2025\/03\/logo-progep_atualizacao-nome_AZUL.png\" alt=\"\" \/><\/p>\n<div style=\"padding: 2rem\"><strong>Quadro de Refer\u00eancias de TA\u2019S<\/strong><\/div>\n<\/div>\n<hr class=\"hrModelStyle\" \/>\n<div class=\"descriptionModelStyle\"><strong>Defini\u00e7\u00e3o:<\/strong> O Quadro de Refer\u00eancia de T\u00e9cnicos(as)-Administrativos(as) da Educa\u00e7\u00e3o <strong>(QRSTA)<\/strong> \u00e9 um instrumento que possibilita a gest\u00e3o do quantitativo de vagas delimitadas pelo Minist\u00e9rio da Educa\u00e7\u00e3o \u00e0 institui\u00e7\u00e3o, necess\u00e1rio para o provimento, movimenta\u00e7\u00e3o e acompanhamento dos cargos t\u00e9cnico(a)-administrativos(as) no \u00e2mbito das IFEs.<\/div>\n<\/div><\/div>\n\n\n<div class=\"paragrafoComumStyle\">Para fins de composi\u00e7\u00e3o do QRSTA s\u00e3o considerados apenas os cargos posicionados nos<strong> N\u00edveis de Classifica\u00e7\u00e3o \u201cC\u201d, \u201cD\u201d e \u201cE\u201d integrantes do PCCTAE<\/strong>.<\/div>\n<div class=\"paragrafoComumStyle\">O surgimento de vagas no <strong>QRSTA<\/strong> decorrem das seguintes situa\u00e7\u00f5es:<\/div>\n<div class=\"paragrafoComumStyle\"><strong>a)<\/strong> por motivo de<strong> vac\u00e2ncia<\/strong>;<\/div>\n<div class=\"paragrafoComumStyle\"><strong>b)<\/strong> por <strong>ajuste do QRSTA<\/strong> pelo Minist\u00e9rio da Educa\u00e7\u00e3o.<\/div>\n<div class=\"paragrafoComumStyle\">Clique no link abaixo para consultar o <strong>QRSTA<\/strong> da UFPel atualizado:<\/div>\n<div class=\"qrstaStyle\">\n<p><a href=\"https:\/\/wp.ufpel.edu.br\/progep\/files\/2026\/04\/QRSTA-2026-04.pdf\" target=\"_blank\" rel=\"noopener\">QRSTA &#8211; Abril\/2026<\/a><\/p>\n<div class=\"titleComumStyle\">Previs\u00e3o Legal:<\/div>\n<p><a href=\"http:\/\/www.planalto.gov.br\/ccivil_03\/_Ato2007-2010\/2010\/Decreto\/D7232.htm\" target=\"_blank\" rel=\"noopener\">Decreto n\u00ba 7.232, de 19 de julho de 2010.<\/a><\/p>\n<\/div>\n\n\n<p><\/p>\n","protected":false},"excerpt":{"rendered":"<p>Quadro de Refer\u00eancias de TA\u2019S Defini\u00e7\u00e3o: O Quadro de Refer\u00eancia de T\u00e9cnicos(as)-Administrativos(as) da Educa\u00e7\u00e3o (QRSTA) \u00e9 um instrumento que possibilita a gest\u00e3o do quantitativo de vagas delimitadas pelo Minist\u00e9rio da Educa\u00e7\u00e3o \u00e0 institui\u00e7\u00e3o, necess\u00e1rio para o provimento, movimenta\u00e7\u00e3o e acompanhamento dos cargos t\u00e9cnico(a)-administrativos(as) no \u00e2mbito das IFEs. Para fins de composi\u00e7\u00e3o do QRSTA s\u00e3o considerados [&hellip;]<\/p>\n","protected":false},"author":21,"featured_media":0,"parent":0,"menu_order":0,"comment_status":"closed","ping_status":"closed","template":"","meta":{"footnotes":""},"class_list":["post-2628","page","type-page","status-publish","hentry"],"_links":{"self":[{"href":"https:\/\/wp.ufpel.edu.br\/progep\/wp-json\/wp\/v2\/pages\/2628","targetHints":{"allow":["GET"]}}],"collection":[{"href":"https:\/\/wp.ufpel.edu.br\/progep\/wp-json\/wp\/v2\/pages"}],"about":[{"href":"https:\/\/wp.ufpel.edu.br\/progep\/wp-json\/wp\/v2\/types\/page"}],"author":[{"embeddable":true,"href":"https:\/\/wp.ufpel.edu.br\/progep\/wp-json\/wp\/v2\/users\/21"}],"replies":[{"embeddable":true,"href":"https:\/\/wp.ufpel.edu.br\/progep\/wp-json\/wp\/v2\/comments?post=2628"}],"version-history":[{"count":3,"href":"https:\/\/wp.ufpel.edu.br\/progep\/wp-json\/wp\/v2\/pages\/2628\/revisions"}],"predecessor-version":[{"id":41061,"href":"https:\/\/wp.ufpel.edu.br\/progep\/wp-json\/wp\/v2\/pages\/2628\/revisions\/41061"}],"wp:attachment":[{"href":"https:\/\/wp.ufpel.edu.br\/progep\/wp-json\/wp\/v2\/media?parent=2628"}],"curies":[{"name":"wp","href":"https:\/\/api.w.org\/{rel}","templated":true}]}}