{"id":26271,"date":"2024-07-30T22:47:04","date_gmt":"2024-07-31T01:47:04","guid":{"rendered":"https:\/\/wp.ufpel.edu.br\/progep\/?page_id=26271"},"modified":"2025-06-30T14:57:39","modified_gmt":"2025-06-30T17:57:39","slug":"canva-em-acao-criando-slides-que-cativam-e-engajam","status":"publish","type":"page","link":"https:\/\/wp.ufpel.edu.br\/progep\/canva-em-acao-criando-slides-que-cativam-e-engajam\/","title":{"rendered":"Capacita\u00e7\u00e3o: Canva em A\u00e7\u00e3o: Criando Slides que Cativam e Engajam"},"content":{"rendered":"<p><strong>Facilitadora:\u00a0<\/strong>Larissa Medianeira Bolzan (Professora do Centro de Engenharias &#8211; UFPel)<\/p>\n<p><strong>Data:<\/strong> 15\/08\/2024 (quinta-feira)<\/p>\n<p><strong>Hor\u00e1rio: <\/strong>d<span style=\"background-color: #ffffff\">as 10h \u00e0s 12h<\/span><\/p>\n<p><strong>Modalidade:\u00a0<\/strong>Presencial<\/p>\n<p><strong>Local:\u00a0<\/strong>Campus Anglo &#8211; <span style=\"color: var(--cor-texto);font-family: var(--fonte-corpo)\">Laborat\u00f3rio do CLC, Sala 117<\/span><\/p>\n<p><strong>Ementa:<br \/>\n<\/strong><\/p>\n<p>\u00b7 O que \u00e9 Canva?<\/p>\n<p>\u00b7 Como acessar o Canva\/criar conta?<\/p>\n<p>\u00b7 Modelos de slides e possibilidades do design.<\/p>\n<p>\u00b7 Elementos do Canva.<\/p>\n<p>\u00b7 Possibilidades de criar v\u00eddeos com Canva.<\/p>\n<p>\u00b7 Downloads do produto no Canva.<\/p>\n<p><strong>P\u00fablico Alvo<\/strong>: Servidores(as) docentes, TAE\u2019s e trabalhadores(as) terceirizados(as) ativos(as) da UFPel*<\/p>\n<p><strong>Per\u00edodo de inscri\u00e7\u00e3o<\/strong>: 30\/07 a 12\/08\/2024<\/p>\n<p><strong>Divulga\u00e7\u00e3o das inscri\u00e7\u00f5es homologadas<\/strong>: 13\/08**, nesta p\u00e1gina.<\/p>\n<p><span style=\"background-color: #ffffff\">*Vagas destinadas \u00e0 servidores pertencentes ao Quadro Efetivo da UFPel, preferencialmente. Considerando a Pol\u00edtica Nacional de Desenvolvimento de Pessoas, conforme Decreto n\u00ba 9.991\/19, somente ser\u00e3o certificados os servidores p\u00fablicos pertencentes ao Quadro Efetivo da UFPel;<\/span><br \/>\n<span style=\"background-color: #ffffff\">** Quando homologadas as inscri\u00e7\u00f5es, os selecionados receber\u00e3o e-mail de confirma\u00e7\u00e3o com instru\u00e7\u00f5es.<\/span><\/p>\n<p>Observa\u00e7\u00e3o: A homologa\u00e7\u00e3o das inscri\u00e7\u00f5es dos(as) trabalhadores(as) terceirizados ficar\u00e1 condicionada \u00e0 an\u00e1lise pr\u00e9via e manifesta\u00e7\u00e3o por parte do NUGEST\/PRA.<\/p>\n<p><strong><span style=\"color: #ff6600\"><a style=\"color: #ff6600\" href=\"https:\/\/wp.ufpel.edu.br\/progep\/files\/2024\/08\/Homologacao-Canva.pdf\">INSCRI\u00c7\u00d5ES HOMOLOGADAS<\/a><\/span><\/strong><\/p>\n<p><span style=\"font-size: 10pt\"><strong>Contato:<\/strong> cdp.capacita@ufpel.edu.br<\/span><\/p>\n","protected":false},"excerpt":{"rendered":"<p>Facilitadora:\u00a0Larissa Medianeira Bolzan (Professora do Centro de Engenharias &#8211; UFPel) Data: 15\/08\/2024 (quinta-feira) Hor\u00e1rio: das 10h \u00e0s 12h Modalidade:\u00a0Presencial Local:\u00a0Campus Anglo &#8211; Laborat\u00f3rio do CLC, Sala 117 Ementa: \u00b7 O que \u00e9 Canva? \u00b7 Como acessar o Canva\/criar conta? \u00b7 Modelos de slides e possibilidades do design. \u00b7 Elementos do Canva. \u00b7 Possibilidades de criar [&hellip;]<\/p>\n","protected":false},"author":21,"featured_media":0,"parent":0,"menu_order":0,"comment_status":"closed","ping_status":"closed","template":"","meta":{"footnotes":""},"class_list":["post-26271","page","type-page","status-publish","hentry"],"_links":{"self":[{"href":"https:\/\/wp.ufpel.edu.br\/progep\/wp-json\/wp\/v2\/pages\/26271","targetHints":{"allow":["GET"]}}],"collection":[{"href":"https:\/\/wp.ufpel.edu.br\/progep\/wp-json\/wp\/v2\/pages"}],"about":[{"href":"https:\/\/wp.ufpel.edu.br\/progep\/wp-json\/wp\/v2\/types\/page"}],"author":[{"embeddable":true,"href":"https:\/\/wp.ufpel.edu.br\/progep\/wp-json\/wp\/v2\/users\/21"}],"replies":[{"embeddable":true,"href":"https:\/\/wp.ufpel.edu.br\/progep\/wp-json\/wp\/v2\/comments?post=26271"}],"version-history":[{"count":5,"href":"https:\/\/wp.ufpel.edu.br\/progep\/wp-json\/wp\/v2\/pages\/26271\/revisions"}],"predecessor-version":[{"id":34159,"href":"https:\/\/wp.ufpel.edu.br\/progep\/wp-json\/wp\/v2\/pages\/26271\/revisions\/34159"}],"wp:attachment":[{"href":"https:\/\/wp.ufpel.edu.br\/progep\/wp-json\/wp\/v2\/media?parent=26271"}],"curies":[{"name":"wp","href":"https:\/\/api.w.org\/{rel}","templated":true}]}}