{"id":26261,"date":"2024-07-30T09:01:11","date_gmt":"2024-07-30T12:01:11","guid":{"rendered":"https:\/\/wp.ufpel.edu.br\/progep\/?page_id=26261"},"modified":"2025-07-30T10:14:43","modified_gmt":"2025-07-30T13:14:43","slug":"convocacoes-edital-09-2024","status":"publish","type":"page","link":"https:\/\/wp.ufpel.edu.br\/progep\/convocacoes-edital-09-2024\/","title":{"rendered":"Convoca\u00e7\u00f5es &#8211; Edital 09\/2024"},"content":{"rendered":"\n<div class=\"wp-block-group\"><div class=\"wp-block-group__inner-container is-layout-constrained wp-block-group-is-layout-constrained\">\n<div class=\"logoTituloModelStyle\"><img class=\"size-medium wp-image-27184 alignleft\" src=\"https:\/\/wp.ufpel.edu.br\/progep\/files\/2025\/03\/logo-progep_atualizacao-nome_AZUL.png\" style=\"padding:0\" alt=\"\" \/><\/p>\n<div style=\"padding: 2rem 0\"><strong>Convoca\u00e7\u00f5es &#8211; Edital 09\/2024<\/strong><\/div>\n<\/div>\n<hr class=\"hrModelStyle\" \/>\n<div class=\"descriptionModelStyle\">Acompanhe nesta p\u00e1gina a publica\u00e7\u00e3o dos\/as nomeados\/as para servidores\/as docentes na UFPEL.<\/div>\n<\/div><\/div>\n\n\n<div class=\"pagNomeacoesStyle\">\n<div class=\"cargosNomeConvStyle\">\n<div class=\"cargosTitleStyle\"> Cargos nesta p\u00e1gina:<\/div>\n<div class=\"tabelasRepoDoc\" style=\"color: black;text-align: center\">\n<span class=\"collapseomatic \" id=\"id69e4dae430924\"  tabindex=\"0\" title=\"Cargos deste edital\"    >Cargos deste edital<\/span><div id=\"target-id69e4dae430924\" class=\"collapseomatic_content \"> \n<div class=\"cargosStyle\">\n\n<p>Anima\u00e7\u00e3o 2D<\/p>\n\n\n<p>Farm\u00e1cia<\/p>\n\n\n<p>Dep\u00f3sitos Minerais, Avalia\u00e7\u00e3o e Cubagem de Jazidas<\/p>\n\n\n<p>Biodin\u00e2mica<\/p>\n\n\n<p>Enfermagem Sa\u00fade do Adulto e Fam\u00edlia<\/p>\n\n\n<p>Terapia Ocupacional<\/p>\n\n\n<p>Farmacologia<\/p>\n\n\n<p>Citologia e Biologia Celular OU Histologia<\/p>\n\n<\/div>\n<\/div>\n\n<\/div>\n<\/div>\n<p> Confira a p\u00e1gina com as informa\u00e7\u00f5es a respeito do certame: <\/p>\n<p><a href=\"http:\/\/ces.ufpel.edu.br\/conctecadmed0009_2024\/\" target=\"_blank\">Certame do Edital 09\/2024<\/a><\/p>\n<div class=\"titleStyle\"><strong>Ampla Concorr\u00eancia<\/strong><\/div> \n\n<table id=\"tablepress-144\" class=\"tablepress tablepress-id-144\">\n<thead>\n<tr class=\"row-1\">\n\t<th class=\"column-1\">UNIDADE\/PROCESSO<\/th><th class=\"column-2\">CH<\/th><th class=\"column-3\">\u00c1REA<\/th><th class=\"column-4\">APROVADOS<br \/>\n<br \/>\nCLASSIFICA\u00c7\u00c3O \/ NOME \/<br \/>\n<br \/>\nRESULTADO FINAL<\/th><th class=\"column-5\">SITUA\u00c7\u00c3O<\/th>\n<\/tr>\n<\/thead>\n<tbody class=\"row-striping row-hover\">\n<tr class=\"row-2\">\n\t<td class=\"column-1\"><strong>Centro de Artes \u2013 CA<\/strong><br \/>\n23110.046217\/2023-19<\/td><td class=\"column-2\">40h<\/td><td class=\"column-3\">Anima\u00e7\u00e3o 2D<\/td><td class=\"column-4\">1\u00ba MAURICIO RODRIGUES GONCALVES<\/td><td class=\"column-5\">Convocado em 01\/08\/2024<\/td>\n<\/tr>\n<tr class=\"row-3\">\n\t<td class=\"column-1\"><\/td><td class=\"column-2\"><\/td><td class=\"column-3\"><\/td><td class=\"column-4\">2\u00ba MATEUS BRUM DE ARMAS<\/td><td class=\"column-5\">Convocado em 02\/08\/2024<\/td>\n<\/tr>\n<tr class=\"row-4\">\n\t<td class=\"column-1\"><strong>Centro de Ci\u00eancias Qu\u00edmicas, Farmac\u00eauticas e de Alimentos<\/strong><br \/>\n23110.010428\/2024-02<\/td><td class=\"column-2\">40h<\/td><td class=\"column-3\">Farm\u00e1cia<\/td><td class=\"column-4\">1\u00ba MARIANA FREIRE BARBIERI GERZSON<\/td><td class=\"column-5\">Convocada em 01\/08\/2024<\/td>\n<\/tr>\n<tr class=\"row-5\">\n\t<td class=\"column-1\"><strong>Centro de Engenharias \u2013 CENG<\/strong><br \/>\n23110.046006\/2023-86<\/td><td class=\"column-2\">40h<\/td><td class=\"column-3\">Dep\u00f3sitos Minerais, Avalia\u00e7\u00e3o e Cubagem de Jazidas<\/td><td class=\"column-4\">1\u00ba MUHAMMAD BIN HASSAN<\/td><td class=\"column-5\"><s>Convocado em 01\/08\/2024<\/s><br \/>\nDesist\u00eancia<\/td>\n<\/tr>\n<tr class=\"row-6\">\n\t<td class=\"column-1\"><\/td><td class=\"column-2\"><\/td><td class=\"column-3\"><\/td><td class=\"column-4\">2\u00ba TADEU BRAGA AREJANO<\/td><td class=\"column-5\">Convocado em 09\/08\/2024<\/td>\n<\/tr>\n<tr class=\"row-7\">\n\t<td class=\"column-1\"><strong>Escola Superior de Educa\u00e7\u00e3o F\u00edsica e Fisioterapia \u2013 ESEF<\/strong><br \/>\n23110.012346\/2024-94<\/td><td class=\"column-2\">40h<\/td><td class=\"column-3\">Biodin\u00e2mica<\/td><td class=\"column-4\">1\u00ba NATAN FETER<\/td><td class=\"column-5\">Convocado em 01\/08\/2024<\/td>\n<\/tr>\n<tr class=\"row-8\">\n\t<td class=\"column-1\"><strong>Faculdade de Enfermagem \u2013 FE<\/strong><br \/>\n23110.010799\/2024-86<\/td><td class=\"column-2\">40h<\/td><td class=\"column-3\">Enfermagem Sa\u00fade do Adulto e Fam\u00edlia<\/td><td class=\"column-4\">1\u00ba ROSALIA GARCIA NEVES<\/td><td class=\"column-5\">Convocada em 01\/08\/2024<\/td>\n<\/tr>\n<tr class=\"row-9\">\n\t<td class=\"column-1\"><\/td><td class=\"column-2\"><\/td><td class=\"column-3\"><\/td><td class=\"column-4\">2\u00ba DIOGO HENRIQUE TAVARES<\/td><td class=\"column-5\">Convocado em 07\/08\/2024<\/td>\n<\/tr>\n<tr class=\"row-10\">\n\t<td class=\"column-1\"><\/td><td class=\"column-2\"><\/td><td class=\"column-3\"><\/td><td class=\"column-4\">3\u00ba JANAINA DUARTE BENDER<\/td><td class=\"column-5\">Convocada em 05\/11\/2024<\/td>\n<\/tr>\n<tr class=\"row-11\">\n\t<td class=\"column-1\"><\/td><td class=\"column-2\"><\/td><td class=\"column-3\"><\/td><td class=\"column-4\">4\u00ba CRISTIANE DE SOUZA GONCALVES<\/td><td class=\"column-5\">Convocada em 05\/11\/2024<\/td>\n<\/tr>\n<tr class=\"row-12\">\n\t<td class=\"column-1\"><\/td><td class=\"column-2\"><\/td><td class=\"column-3\"><\/td><td class=\"column-4\">5\u00ba LIENI FREDO HERREIRA<\/td><td class=\"column-5\">Convocada em 16\/12\/2024<\/td>\n<\/tr>\n<tr class=\"row-13\">\n\t<td class=\"column-1\"><strong>Faculdade de Medicina \u2013 FAMED<\/strong><br \/>\n23110.047408\/2023-06<\/td><td class=\"column-2\">40h<\/td><td class=\"column-3\">Terapia Ocupacional<\/td><td class=\"column-4\">1\u00ba RAILLANE DE OLIVEIRA MARQUES<\/td><td class=\"column-5\">Convocada em 01\/08\/2024<\/td>\n<\/tr>\n<tr class=\"row-14\">\n\t<td class=\"column-1\"><strong>Instituto de Biologia \u2013 IB<\/strong><br \/>\n23110.005656\/2024-52<\/td><td class=\"column-2\">40h<\/td><td class=\"column-3\">Farmacologia<\/td><td class=\"column-4\">1\u00ba PEDRO HENRIQUE DOLESKI<\/td><td class=\"column-5\">Convocado em 01\/08\/2024<\/td>\n<\/tr>\n<tr class=\"row-15\">\n\t<td class=\"column-1\"><\/td><td class=\"column-2\"><\/td><td class=\"column-3\"><\/td><td class=\"column-4\">2\u00ba PALOMA TABORDA BIRMANN<\/td><td class=\"column-5\"><\/td>\n<\/tr>\n<tr class=\"row-16\">\n\t<td class=\"column-1\"><\/td><td class=\"column-2\"><\/td><td class=\"column-3\"><\/td><td class=\"column-4\">3\u00ba HENRIQUE BRIDI<\/td><td class=\"column-5\"><\/td>\n<\/tr>\n<tr class=\"row-17\">\n\t<td class=\"column-1\"><strong>Instituto de Biologia \u2013 IB<\/strong><br \/>\n23110.010911\/2024-89<\/td><td class=\"column-2\">40h<\/td><td class=\"column-3\">Citologia e Biologia Celular OU Histologia<\/td><td class=\"column-4\">1\u00ba MARIANA DA FONTOURA MARTINS<\/td><td class=\"column-5\">Convocada em 05\/08\/2024<\/td>\n<\/tr>\n<tr class=\"row-18\">\n\t<td class=\"column-1\"><\/td><td class=\"column-2\"><\/td><td class=\"column-3\"><\/td><td class=\"column-4\">2\u00ba ALINE LONGONI DOS SANTOS<\/td><td class=\"column-5\">Convocada em 07\/02\/2025<\/td>\n<\/tr>\n<tr class=\"row-19\">\n\t<td class=\"column-1\"><\/td><td class=\"column-2\"><\/td><td class=\"column-3\"><\/td><td class=\"column-4\">3\u00ba GINO LUIGI BONILLA LEMOS PIZZI<\/td><td class=\"column-5\"><s>Convocado em 24\/02\/2025<\/s><br \/>\n(desist\u00eancia)<\/td>\n<\/tr>\n<tr class=\"row-20\">\n\t<td class=\"column-1\"><\/td><td class=\"column-2\"><\/td><td class=\"column-3\"><\/td><td class=\"column-4\">4\u00ba WELLINGTON DE ALMEIDA<\/td><td class=\"column-5\">Convocado em 25\/02\/2025<\/td>\n<\/tr>\n<tr class=\"row-21\">\n\t<td class=\"column-1\"><\/td><td class=\"column-2\"><\/td><td class=\"column-3\"><\/td><td class=\"column-4\">5\u00ba CAINA CORREA DO AMARAL<\/td><td class=\"column-5\">Convocada em 09\/09\/2025<\/td>\n<\/tr>\n<\/tbody>\n<\/table>\n<!-- #tablepress-144 from cache -->\n<div class=\"naoHouveClassApro\"> LISTA GERAL DE CANDIDATOS CLASSIFICADOS NA RESERVA PARA CANDIDATOS COTAS RACIAIS:<br \/>N\u00e3o h\u00e1.<\/div>\n<div class=\"naoHouveClassApro\"> LISTA GERAL DE CANDIDATOS CLASSIFICADOS NA RESERVA PARA CANDIDATOS PCD :<br \/>N\u00e3o h\u00e1.<\/div>\n<\/div>\n","protected":false},"excerpt":{"rendered":"<p>Convoca\u00e7\u00f5es &#8211; Edital 09\/2024 Acompanhe nesta p\u00e1gina a publica\u00e7\u00e3o dos\/as nomeados\/as para servidores\/as docentes na UFPEL. Cargos nesta p\u00e1gina: Confira a p\u00e1gina com as informa\u00e7\u00f5es a respeito do certame: Certame do Edital 09\/2024 Ampla Concorr\u00eancia LISTA GERAL DE CANDIDATOS CLASSIFICADOS NA RESERVA PARA CANDIDATOS COTAS RACIAIS:N\u00e3o h\u00e1. LISTA GERAL DE CANDIDATOS CLASSIFICADOS NA RESERVA PARA [&hellip;]<\/p>\n","protected":false},"author":52,"featured_media":0,"parent":0,"menu_order":0,"comment_status":"closed","ping_status":"closed","template":"","meta":{"footnotes":""},"class_list":["post-26261","page","type-page","status-publish","hentry"],"_links":{"self":[{"href":"https:\/\/wp.ufpel.edu.br\/progep\/wp-json\/wp\/v2\/pages\/26261","targetHints":{"allow":["GET"]}}],"collection":[{"href":"https:\/\/wp.ufpel.edu.br\/progep\/wp-json\/wp\/v2\/pages"}],"about":[{"href":"https:\/\/wp.ufpel.edu.br\/progep\/wp-json\/wp\/v2\/types\/page"}],"author":[{"embeddable":true,"href":"https:\/\/wp.ufpel.edu.br\/progep\/wp-json\/wp\/v2\/users\/52"}],"replies":[{"embeddable":true,"href":"https:\/\/wp.ufpel.edu.br\/progep\/wp-json\/wp\/v2\/comments?post=26261"}],"version-history":[{"count":17,"href":"https:\/\/wp.ufpel.edu.br\/progep\/wp-json\/wp\/v2\/pages\/26261\/revisions"}],"predecessor-version":[{"id":35589,"href":"https:\/\/wp.ufpel.edu.br\/progep\/wp-json\/wp\/v2\/pages\/26261\/revisions\/35589"}],"wp:attachment":[{"href":"https:\/\/wp.ufpel.edu.br\/progep\/wp-json\/wp\/v2\/media?parent=26261"}],"curies":[{"name":"wp","href":"https:\/\/api.w.org\/{rel}","templated":true}]}}