{"id":26242,"date":"2024-07-26T17:47:36","date_gmt":"2024-07-26T20:47:36","guid":{"rendered":"https:\/\/wp.ufpel.edu.br\/progep\/?page_id=26242"},"modified":"2025-06-30T14:57:34","modified_gmt":"2025-06-30T17:57:34","slug":"treinamento-da-coordenacao-de-pos-graduacao-sobre-as-rotinas-administrativas-da-pos-stricto-e-lato-sensu-e-sobre-os-procedimentos-para-utilizacao-dos-recursos-capes-proap-e-recursos-proprios-para-os","status":"publish","type":"page","link":"https:\/\/wp.ufpel.edu.br\/progep\/treinamento-da-coordenacao-de-pos-graduacao-sobre-as-rotinas-administrativas-da-pos-stricto-e-lato-sensu-e-sobre-os-procedimentos-para-utilizacao-dos-recursos-capes-proap-e-recursos-proprios-para-os\/","title":{"rendered":"Capacita\u00e7\u00e3o: Treinamento da Coordena\u00e7\u00e3o de P\u00f3s-Gradua\u00e7\u00e3o sobre as rotinas administrativas da P\u00f3s (Stricto e Lato Sensu) e sobre os procedimentos para utiliza\u00e7\u00e3o dos recursos CAPES PROAP e recursos pr\u00f3prios para os Programas (PPG)"},"content":{"rendered":"<p><strong>Ministrantes:<br \/>\n<\/strong>Fabiane Bergmann Xavier (NEOR\/ PRPPG\/UFPel)<br \/>\nHelen Montes Vieira (NPG\/PRPPG)<br \/>\nDiego Vieira Braga (NPG\/PRPPG)<br \/>\nAline Acosta Mathies (NPG\/PRPPG)<br \/>\nEvandro Dotto Dias (NPG\/PRPPG)<\/p>\n<p><strong>Per\u00edodo de realiza\u00e7\u00e3o: <\/strong>12\/08\/2024 a 15\/08\/2024<\/p>\n<p><strong>Hor\u00e1rio: <\/strong>das 14:30h \u00e0s 17:30h<\/p>\n<p><strong>Local: <\/strong>Audit\u00f3rio Acad\u00eamico &#8211; 4\u00ba andar &#8211; Campus Anglo<\/p>\n<p><strong>P\u00fablico Alvo: <span style=\"color: #ff6600\">Coordenadores, Coordenadores Adjuntos e secret\u00e1rios dos PPGs da UFPel<\/span>*<\/strong><br \/>\n(Os servidores e as Unidades p\u00fablico-alvo devem realizar sua inscri\u00e7\u00e3o por meio do link recebido por e-mail)<br \/>\n\u2794 Se n\u00e3o localizar o e-mail, favor entrar em contato conosco atrav\u00e9s do e-mail: cdp.capacita@ufpel.edu.br<\/p>\n<p><strong>Vagas<\/strong>: 60 vagas, distribu\u00eddas entre as duas turmas<\/p>\n<p><strong>Per\u00edodo de inscri\u00e7\u00e3o<\/strong>: 30\/07 a 08\/08\/2024<\/p>\n<p><strong>Programa\u00e7\u00e3o:<\/strong><\/p>\n<p><strong>N\u00facleo de Execu\u00e7\u00e3o Or\u00e7ament\u00e1ria \u2013 NEOR <\/strong>(12\/08\/2024)<br \/>\n1 &#8211; Regulamento do Programa de Apoio \u00e0 P\u00f3s-Gradua\u00e7\u00e3o &#8211; PROAP<br \/>\n2 &#8211; Recursos pr\u00f3prios<br \/>\n3 &#8211; Or\u00e7amento (Cobalto)<br \/>\n4 &#8211;\u00a0Abertura de cr\u00e9dito<br \/>\n5 &#8211;\u00a0Aux\u00edlio financeiro<br \/>\n6 &#8211;\u00a0Compra direta<br \/>\n7 &#8211; Presta\u00e7\u00e3o de servi\u00e7os<br \/>\n8 &#8211;\u00a0Di\u00e1rias e passagens<br \/>\n9 -Principais dificuldades e d\u00favidas frequentes<\/p>\n<p><strong><br \/>\n<\/strong><strong>N\u00facleo de P\u00f3s-Gradua\u00e7\u00e3o &#8211; NPG<\/strong><br \/>\nPrograma\u00e7\u00e3o 1\u00ba encontro (13\/08\/2024)<br \/>\n<span style=\"font-weight: 400\">1 &#8211;\u00a0<\/span>Apresenta\u00e7\u00e3o da Pr\u00f3-Reitoria<br \/>\n2 &#8211;\u00a0Calend\u00e1rio da P\u00f3s-Gradua\u00e7\u00e3o<br \/>\n3 &#8211;\u00a0Regimentos e Legisla\u00e7\u00e3o<br \/>\n4 &#8211;\u00a0Estrutura da P\u00f3s<br \/>\n5 &#8211;\u00a0Portarias<br \/>\n6 &#8211;\u00a0Editais<br \/>\n7 &#8211;\u00a0Matr\u00edcula no COBALTO<br \/>\n8 &#8211;\u00a0Oferta de Disciplinas e matr\u00edcula<br \/>\n9 &#8211;\u00a0Cadastrar Orientador<br \/>\n10 &#8211;\u00a0Aproveitamento<br \/>\n11 &#8211;\u00a0Trabalhos Finais<br \/>\n12 &#8211;\u00a0Hist\u00f3rico e Solicita\u00e7\u00e3o de Diplomas<\/p>\n<p>Programa\u00e7\u00e3o 2\u00ba encontro (14\/08\/2024)<br \/>\n1 &#8211;\u00a0Cancelar matr\u00edcula<br \/>\n2 &#8211;\u00a0Trancamento<br \/>\n3 &#8211;\u00a0Hist\u00f3rico e Solicita\u00e7\u00e3o de Diplomas<br \/>\n4 &#8211;\u00a0Desligamento<br \/>\n5 &#8211;\u00a0Cria\u00e7\u00e3o de novas disciplinas<br \/>\n6 &#8211;\u00a0Altera\u00e7\u00e3o de Regimento<br \/>\n7 &#8211;\u00a0Professor Volunt\u00e1rio<br \/>\n8 &#8211;\u00a0Matricular Aluno na SUCUPIRA<br \/>\n9 &#8211;\u00a0Bolsas de P\u00f3s-Gradua\u00e7\u00e3o Stricto Sensu<br \/>\n10 &#8211;\u00a0Bolsas PIB<br \/>\n11 &#8211;\u00a0Cadastro de Profici\u00eancias<br \/>\n12 &#8211;\u00a0D\u00favidas<\/p>\n<p>Programa\u00e7\u00e3o 3\u00ba encontro (15\/08\/2024)<br \/>\n1 &#8211;\u00a0Professor Visitante<br \/>\n2 &#8211;\u00a0Disciplinas Transversais<br \/>\n3 &#8211;\u00a0Bolsista P\u00f3s-Doc<br \/>\n4 &#8211;\u00a0Cotutela<br \/>\n5 &#8211;\u00a0Acesso Secret\u00e1rio &#8211; SUCUPIRA<br \/>\n6 &#8211;\u00a0COLETA<br \/>\n7 &#8211;\u00a0Consulta Bolsas na SUCUPIRA<br \/>\n8 &#8211;\u00a0Cadastro na SUCUPIRA dos coordenadores<br \/>\n9 &#8211;\u00a0Prorroga\u00e7\u00f5es enchentes<br \/>\n10 &#8211;\u00a0Projeto de Coopera\u00e7\u00e3o T\u00e9cnica<br \/>\n11 &#8211;\u00a0D\u00favidas<\/p>\n<p><strong>Divulga\u00e7\u00e3o das inscri\u00e7\u00f5es homologadas<\/strong>: 09\/08\/2024**, nesta p\u00e1gina.<\/p>\n<p>*Considerando a Pol\u00edtica Nacional de Desenvolvimento de Pessoas, conforme Decreto n\u00ba 9.991\/19, somente ser\u00e3o certificados os servidores p\u00fablicos pertencentes ao Quadro Efetivo da UFPel.<br \/>\n**Quando homologadas as inscri\u00e7\u00f5es, os selecionados receber\u00e3o e-mail com orienta\u00e7\u00f5es.<\/p>\n<p>\u2013 As inscri\u00e7\u00f5es ser\u00e3o feitas atrav\u00e9s do link encaminhado por e-mail para o p\u00fablico-alvo.<\/p>\n<p><span style=\"color: #ff6600\"><strong><a style=\"color: #ff6600\" href=\"https:\/\/wp.ufpel.edu.br\/progep\/files\/2024\/08\/HOMOLOGAPRPPG.pdf\">INSCRI\u00c7\u00d5ES HOMOLOGADAS<\/a><\/strong><\/span><\/p>\n","protected":false},"excerpt":{"rendered":"<p>Ministrantes: Fabiane Bergmann Xavier (NEOR\/ PRPPG\/UFPel) Helen Montes Vieira (NPG\/PRPPG) Diego Vieira Braga (NPG\/PRPPG) Aline Acosta Mathies (NPG\/PRPPG) Evandro Dotto Dias (NPG\/PRPPG) Per\u00edodo de realiza\u00e7\u00e3o: 12\/08\/2024 a 15\/08\/2024 Hor\u00e1rio: das 14:30h \u00e0s 17:30h Local: Audit\u00f3rio Acad\u00eamico &#8211; 4\u00ba andar &#8211; Campus Anglo P\u00fablico Alvo: Coordenadores, Coordenadores Adjuntos e secret\u00e1rios dos PPGs da UFPel* (Os servidores [&hellip;]<\/p>\n","protected":false},"author":21,"featured_media":0,"parent":0,"menu_order":0,"comment_status":"closed","ping_status":"closed","template":"","meta":{"footnotes":""},"class_list":["post-26242","page","type-page","status-publish","hentry"],"_links":{"self":[{"href":"https:\/\/wp.ufpel.edu.br\/progep\/wp-json\/wp\/v2\/pages\/26242","targetHints":{"allow":["GET"]}}],"collection":[{"href":"https:\/\/wp.ufpel.edu.br\/progep\/wp-json\/wp\/v2\/pages"}],"about":[{"href":"https:\/\/wp.ufpel.edu.br\/progep\/wp-json\/wp\/v2\/types\/page"}],"author":[{"embeddable":true,"href":"https:\/\/wp.ufpel.edu.br\/progep\/wp-json\/wp\/v2\/users\/21"}],"replies":[{"embeddable":true,"href":"https:\/\/wp.ufpel.edu.br\/progep\/wp-json\/wp\/v2\/comments?post=26242"}],"version-history":[{"count":14,"href":"https:\/\/wp.ufpel.edu.br\/progep\/wp-json\/wp\/v2\/pages\/26242\/revisions"}],"predecessor-version":[{"id":34158,"href":"https:\/\/wp.ufpel.edu.br\/progep\/wp-json\/wp\/v2\/pages\/26242\/revisions\/34158"}],"wp:attachment":[{"href":"https:\/\/wp.ufpel.edu.br\/progep\/wp-json\/wp\/v2\/media?parent=26242"}],"curies":[{"name":"wp","href":"https:\/\/api.w.org\/{rel}","templated":true}]}}