{"id":26182,"date":"2024-07-18T23:48:30","date_gmt":"2024-07-19T02:48:30","guid":{"rendered":"https:\/\/wp.ufpel.edu.br\/progep\/?page_id=26182"},"modified":"2025-06-30T14:57:30","modified_gmt":"2025-06-30T17:57:30","slug":"26182-2","status":"publish","type":"page","link":"https:\/\/wp.ufpel.edu.br\/progep\/26182-2\/","title":{"rendered":"Capacita\u00e7\u00e3o: Roda de Conversa: Publicidade dos Processos P\u00fablicos e vers\u00e3o 4 do SEI"},"content":{"rendered":"<p><strong>Facilitadora: <\/strong>Luana de Melo Pereira (Servidora T\u00e9cnico-Administrativa &#8211; Chefe do N\u00facleo Administrativo do Centro de Artes\/ UFPel)<\/p>\n<p><strong><span style=\"color: #000000\">Datas\/hor\u00e1rios\/locais de realiza\u00e7\u00e3o:<\/span><\/strong><br \/>\n<span style=\"color: #0000ff\"><strong>Turma 1 <\/strong>(Online)<\/span> &#8211; Data: 02\/08\/2024 (sexta-feira) &#8211; Hor\u00e1rio: 14h \u00e0s 16h<br \/>\nLocal: Plataforma Webconf<\/p>\n<p><span style=\"color: #0000ff\"><strong>Turma 2 <\/strong>(Presencial) <\/span>&#8211; Data: 05\/08\/2024 (segunda-feira) &#8211; Hor\u00e1rio: 13h30 at\u00e9 16h<br \/>\nLocal: ESEF &#8211; R. Lu\u00eds de Cam\u00f5es, 625 &#8211; Sala 1<\/p>\n<p><span style=\"color: #0000ff\"><strong>Turma 3<\/strong> (Presencial) <\/span>&#8211;\u00a0 Data: 06\/08\/2024 (ter\u00e7a-feira) &#8211; Hor\u00e1rio: 09h \u00e0s 11h<br \/>\nLocal: Audit\u00f3rio 1 do Centro de Artes &#8211; Endere\u00e7o: Rua Alberto Rosa, 62, sala 109<\/p>\n<p><span style=\"color: #0000ff\"><strong>Turma 4 <\/strong>(Online)<\/span> &#8211; Data: 07\/08\/2024 (quarta-feira) &#8211; Hor\u00e1rio: 9h \u00e0s 11h<br \/>\nLocal: Plataforma Webconf<\/p>\n<p><span style=\"color: #0000ff\"><strong>Turma 5<\/strong> (Presencial) <\/span>&#8211;\u00a0 Data: 08\/08\/2024 (quinta-feira) &#8211; Hor\u00e1rio: &#8211; 16h \u00e0s 18h<br \/>\nLocal: Campus Anglo &#8211; 4\u00ba andar, \u00a0sala 413<\/p>\n<p><span style=\"color: #0000ff\"><strong>Turma 6<\/strong> (Presencial) <\/span>&#8211; Data: 09\/08\/2024 (sexta-feira) &#8211; Hor\u00e1rio: 9h as 11h<br \/>\nLocal: Campus Cap\u00e3o do Le\u00e3o, sala 04 do Aul\u00e1rio 01<\/p>\n<p><span style=\"color: #0000ff\"><strong>Turma 7<\/strong> (Online)\u00a0<\/span>&#8211; Data: 09\/08\/2024 (sexta-feira) &#8211; Hor\u00e1rio: 15h as 17h<br \/>\nLocal: Plataforma Webconf<\/p>\n<p><span style=\"color: #0000ff\"><strong>Turma 8<\/strong> (Presencial) <\/span>&#8211; Data: 13\/08\/2024 (ter\u00e7a-feira) &#8211; Hor\u00e1rio: 9h as 11h<br \/>\nLocal: Campus II &#8211; Endere\u00e7o: R. Alm. Barroso, 1202, sala 301<\/p>\n<p><span style=\"color: #0000ff\"><strong>Turma 9<\/strong> (Presencial) <\/span>&#8211; Data: 12\/08\/2024 (segunda-feira) &#8211; Hor\u00e1rio: 8h as 10h<br \/>\nLocal: FAMED- Av. Duque de Caxias, 250 &#8211; sala 301<\/p>\n<p><strong>Ementa:<br \/>\n<\/strong><\/p>\n<ol>\n<li>O in\u00edcio dos Processos Eletr\u00f4nicos na UFPEL<\/li>\n<li>Exig\u00eancia do TCU frente a publicidade de processos<\/li>\n<li>O trabalho da Comiss\u00e3o de Acompanhamento do SEI<\/li>\n<li>M\u00f3dulo de pesquisa p\u00fablica e suas implica\u00e7\u00f5es<\/li>\n<li>Hip\u00f3teses legais para informa\u00e7\u00f5es restritas e as classifica\u00e7\u00f5es no SEI<\/li>\n<li>O SEI de cara nova na VERS\u00c3O 4: Funcionalidades, atualiza\u00e7\u00f5es e novidades.<\/li>\n<\/ol>\n<p><strong>P\u00fablico Alvo<\/strong>: Servidores(as) docentes e TAE\u2019s\u00a0 ativos(as) da UFPel*<\/p>\n<p><strong>Per\u00edodo de inscri\u00e7\u00f5es<\/strong>:<br \/>\n<span style=\"color: #000000\"><strong>Turma 1: <\/strong>de 26\/07 a \u00a031\/07\/2024<br \/>\n<\/span><span style=\"color: #000000\"><strong>Turma 2: <\/strong>de 26\/07 a 1\u00ba\/08\/2024<\/span><br \/>\n<span style=\"color: #000000\"><strong>Turma 3: <\/strong>de 26\/07 a 1\u00ba\/08\/2024<\/span><br \/>\n<span style=\"color: #000000\"><strong>Turma 4: <\/strong>de 26\/07 a 04\/08\/2024<\/span><br \/>\n<span style=\"color: #000000\"><strong>Turma 5: <\/strong>de 26\/07 a 05\/08\/2024<\/span><br \/>\n<span style=\"color: #000000\"><strong>Turma 6: <\/strong>de 26\/07 a 06\/08\/2024<br \/>\n<strong>Turma 7: <\/strong>de 26\/07 a 06\/08\/2024<br \/>\n<strong>Turma 8: <\/strong>de 26\/07 a 08\/08\/2024<br \/>\n<strong>Turma 9: <\/strong>29\/07 a\u00a0 a 08\/08\/2024<br \/>\n<\/span><\/p>\n<p><span style=\"color: #000000\"><strong>Divulga\u00e7\u00e3o das inscri\u00e7\u00f5es homologadas<\/strong>: Nesta p\u00e1gina conforme o cronograma abaixo:<\/span><\/p>\n<p><span style=\"color: #000000\"><strong>Turma 1 : <\/strong>1\u00ba\/08\/2024<br \/>\n<\/span><span style=\"color: #000000\"><strong>Turma 2: <\/strong>02\/08\/2024<\/span><br \/>\n<span style=\"color: #000000\"><strong>Turma 3: <\/strong>02\/08\/2024<\/span><br \/>\n<span style=\"color: #000000\"><strong>Turma 4: <\/strong>05\/08\/2024<\/span><br \/>\n<span style=\"color: #000000\"><strong>Turma 5: <\/strong>06\/08\/2024<\/span><br \/>\n<span style=\"color: #000000\"><strong>Turma 6: <\/strong>07\/08\/2024<br \/>\n<strong>Turma 7: <\/strong>07\/08\/2024<br \/>\n<strong>Turma 8:<\/strong> 09\/08\/2024<br \/>\n<strong>Turma 9:<\/strong> 09\/08\/2024<br \/>\n<\/span><\/p>\n<p><span style=\"background-color: #ffffff\">*Vagas destinadas \u00e0 servidores pertencentes ao Quadro Efetivo da UFPel, preferencialmente. Considerando a Pol\u00edtica Nacional de Desenvolvimento de Pessoas, conforme Decreto n\u00ba 9.991\/19, somente ser\u00e3o certificados os servidores p\u00fablicos pertencentes ao Quadro Efetivo da UFPel;<\/span><br \/>\n<span style=\"background-color: #ffffff\">** Quando homologadas as inscri\u00e7\u00f5es, os selecionados receber\u00e3o e-mail de confirma\u00e7\u00e3o com instru\u00e7\u00f5es.<\/span><\/p>\n<p><span style=\"color: #ff6600\"><strong><a style=\"color: #ff6600\" href=\"https:\/\/wp.ufpel.edu.br\/progep\/inscricoes-para-curso\/\">INSCRI\u00c7\u00d5ES AQUI!<\/a><\/strong><\/span><\/p>\n<p><span style=\"color: #ff6600\"><a style=\"color: #ff6600\" href=\"https:\/\/wp.ufpel.edu.br\/progep\/files\/2024\/08\/Homologacao-Publicidade-dos-Processos-Pubicos-e-o-novo-SEI-Turma-1.pdf\">INSCRI\u00c7\u00d5ES HOMOLOGADAS &#8211; TURMA 1 (02\/08\/2024)<\/a><\/span><\/p>\n<p><span style=\"color: #ff6600\"><a style=\"color: #ff6600\" href=\"https:\/\/wp.ufpel.edu.br\/progep\/files\/2024\/08\/Homologacao-Publicidade-dos-Processos-Pubicos-e-o-novo-SEI-Turma-2-1.pdf\">INSCRI\u00c7\u00d5ES HOMOLOGADAS &#8211; TURMA 2 (05\/08\/2024) &#8211; ESEF<\/a><\/span><\/p>\n<p><span style=\"color: #ff6600\"><a style=\"color: #ff6600\" href=\"https:\/\/wp.ufpel.edu.br\/progep\/files\/2024\/08\/Homologacao-Publicidade-dos-Processos-Pubicos-e-o-novo-SEI-Turma-3-1.pdf\">INSCRI\u00c7\u00d5ES HOMOLOGADAS &#8211; TURMA 3 (06\/08\/2024) &#8211; CA<\/a><\/span><\/p>\n<p><span style=\"color: #ff6600\"><a style=\"color: #ff6600\" href=\"https:\/\/wp.ufpel.edu.br\/progep\/files\/2024\/08\/4-Homologacao-Publicidade-dos-Processos-Pubicos-e-o-novo-SEI-Turma-4.pdf\">INSCRI\u00c7\u00d5ES HOMOLOGADAS &#8211; TURMA 4 (07\/08\/2024)<\/a><\/span><\/p>\n<p><span style=\"color: #ff6600\"><a style=\"color: #ff6600\" href=\"https:\/\/wp.ufpel.edu.br\/progep\/files\/2024\/08\/Homologacao-Publicidade-dos-Processos-Pubicos-e-o-novo-SEI-Turma-5.pdf\">INSCRI\u00c7\u00d5ES HOMOLOGADAS &#8211; TURMA 5 (08\/08\/2024)<\/a><\/span><\/p>\n<p><span style=\"color: #ff6600\"><a style=\"color: #ff6600\" href=\"https:\/\/wp.ufpel.edu.br\/progep\/files\/2024\/08\/Homologacao-Publicidade-dos-Processos-Pubicos-e-o-novo-SEI-Turma-6CAPAO-2.pdf\">INSCRI\u00c7\u00d5ES HOMOLOGADAS &#8211; TURMA 6 (09\/08\/2024) &#8211; CAP\u00c3O DO LE\u00c3O<\/a><\/span><\/p>\n<p><span style=\"color: #ff6600\"><a style=\"color: #ff6600\" href=\"https:\/\/wp.ufpel.edu.br\/progep\/files\/2024\/08\/Homologacao-Publicidade-dos-Processos-Pubicos-e-o-novo-SEI-Turma-7.pdf\">INSCRI\u00c7\u00d5ES HOMOLOGADAS &#8211; TURMA 7 (09\/08\/2024)<\/a><\/span><\/p>\n<p><span style=\"color: #ff6600\"><a style=\"color: #ff6600\" href=\"https:\/\/wp.ufpel.edu.br\/progep\/files\/2024\/08\/Homologacao-Publicidade-dos-Processos-Pubicos-e-o-novo-SEI-Turma-8CII.pdf\">INSCRI\u00c7\u00d5ES HOMOLOGADAS &#8211; TURMA 8 (13\/08\/2024) &#8211; Campus II<\/a><\/span><\/p>\n<p><span style=\"color: #ff6600\"><a style=\"color: #ff6600\" href=\"https:\/\/wp.ufpel.edu.br\/progep\/files\/2024\/08\/Homologacao-Publicidade-dos-Processos-Pubicos-e-o-novo-SEI-Turma-9FAMED.pdf\">INSCRI\u00c7\u00d5ES HOMOLOGADAS &#8211; TURMA 9 (12\/08\/2024) &#8211; FAMED<\/a><\/span><\/p>\n","protected":false},"excerpt":{"rendered":"<p>Facilitadora: Luana de Melo Pereira (Servidora T\u00e9cnico-Administrativa &#8211; Chefe do N\u00facleo Administrativo do Centro de Artes\/ UFPel) Datas\/hor\u00e1rios\/locais de realiza\u00e7\u00e3o: Turma 1 (Online) &#8211; Data: 02\/08\/2024 (sexta-feira) &#8211; Hor\u00e1rio: 14h \u00e0s 16h Local: Plataforma Webconf Turma 2 (Presencial) &#8211; Data: 05\/08\/2024 (segunda-feira) &#8211; Hor\u00e1rio: 13h30 at\u00e9 16h Local: ESEF &#8211; R. Lu\u00eds de Cam\u00f5es, 625 [&hellip;]<\/p>\n","protected":false},"author":21,"featured_media":0,"parent":0,"menu_order":0,"comment_status":"closed","ping_status":"closed","template":"","meta":{"footnotes":""},"class_list":["post-26182","page","type-page","status-publish","hentry"],"_links":{"self":[{"href":"https:\/\/wp.ufpel.edu.br\/progep\/wp-json\/wp\/v2\/pages\/26182","targetHints":{"allow":["GET"]}}],"collection":[{"href":"https:\/\/wp.ufpel.edu.br\/progep\/wp-json\/wp\/v2\/pages"}],"about":[{"href":"https:\/\/wp.ufpel.edu.br\/progep\/wp-json\/wp\/v2\/types\/page"}],"author":[{"embeddable":true,"href":"https:\/\/wp.ufpel.edu.br\/progep\/wp-json\/wp\/v2\/users\/21"}],"replies":[{"embeddable":true,"href":"https:\/\/wp.ufpel.edu.br\/progep\/wp-json\/wp\/v2\/comments?post=26182"}],"version-history":[{"count":36,"href":"https:\/\/wp.ufpel.edu.br\/progep\/wp-json\/wp\/v2\/pages\/26182\/revisions"}],"predecessor-version":[{"id":34157,"href":"https:\/\/wp.ufpel.edu.br\/progep\/wp-json\/wp\/v2\/pages\/26182\/revisions\/34157"}],"wp:attachment":[{"href":"https:\/\/wp.ufpel.edu.br\/progep\/wp-json\/wp\/v2\/media?parent=26182"}],"curies":[{"name":"wp","href":"https:\/\/api.w.org\/{rel}","templated":true}]}}