{"id":2616,"date":"2011-10-18T15:06:23","date_gmt":"2011-10-18T18:06:23","guid":{"rendered":"https:\/\/wp.ufpel.edu.br\/prgrh\/"},"modified":"2017-07-17T11:38:02","modified_gmt":"2017-07-17T14:38:02","slug":"ciat-comunicacao-interna-de-acidente-de-trabalho","status":"publish","type":"page","link":"https:\/\/wp.ufpel.edu.br\/progep\/csqv\/ciat-comunicacao-interna-de-acidente-de-trabalho\/","title":{"rendered":"Comunica\u00e7\u00e3o Interna de Acidente em Servi\u00e7o \/ Trabalho"},"content":{"rendered":"<p style=\"text-align: center\"><span style=\"color: #000000\">\u00a0PROCEDIMENTOS PARA O REGISTRO DE ACIDENTES EM SERVI\u00c7O\/TRABALHO<\/span><\/p>\n<p>&nbsp;<\/p>\n<p><img class=\" wp-image-11459 alignleft\" src=\"https:\/\/wp.ufpel.edu.br\/progep\/files\/2011\/10\/fluxograma-392x400.jpg\" alt=\"\" width=\"383\" height=\"391\" srcset=\"https:\/\/wp.ufpel.edu.br\/progep\/files\/2011\/10\/fluxograma-392x400.jpg 392w, https:\/\/wp.ufpel.edu.br\/progep\/files\/2011\/10\/fluxograma.jpg 612w\" sizes=\"(max-width: 383px) 100vw, 383px\" \/><\/p>\n<p>A Coordena\u00e7\u00e3o de Sa\u00fade e Qualidade de Vida &#8211; CSQV\u00a0 orienta aos(as) Servidores(as) da UFPel sobre o procedimento de notifica\u00e7\u00e3o dos acidentes em servi\u00e7o\/trabalho nas unidades administrativas e acad\u00eamicas da Universidade.<\/p>\n<p>A notifica\u00e7\u00e3o das ocorr\u00eancias de acidentes em servi\u00e7o\/trabalho \u00e9 de extrema import\u00e2ncia pois serve de base para encaminhamentos necess\u00e1rios em caso de agravos, registro para fins estat\u00edsticos, epidemiol\u00f3gicos, trabalhistas e sociais .<\/p>\n<p>O Formul\u00e1rio para Comunica\u00e7\u00e3o Interna de Acidente em Servi\u00e7o\/Trabalho &#8211; CIAT\u00a0 pode ser acessado no link abaixo e dever\u00e1 ser encaminhado a Sess\u00e3o de Per\u00edcia M\u00e9dica da UFPel em at\u00e9 10 dias a contar da data do acidente.<\/p>\n<p>&nbsp;<\/p>\n<p><a href=\"https:\/\/wp.ufpel.edu.br\/progep\/files\/2011\/10\/COMUNICACAO-INTERNA-DE-ACIDENTE-EM-SERVICO.docx\"><span style=\"font-size: 10pt\">COMUNICA\u00c7\u00c3O INTERNA DE ACIDENTE EM SERVI\u00c7O<\/span><\/a><\/p>\n<p>&nbsp;<\/p>\n<p>&nbsp;<\/p>\n<p>&nbsp;<\/p>\n","protected":false},"excerpt":{"rendered":"<p>\u00a0PROCEDIMENTOS PARA O REGISTRO DE ACIDENTES EM SERVI\u00c7O\/TRABALHO &nbsp; A Coordena\u00e7\u00e3o de Sa\u00fade e Qualidade de Vida &#8211; CSQV\u00a0 orienta aos(as) Servidores(as) da UFPel sobre o procedimento de notifica\u00e7\u00e3o dos acidentes em servi\u00e7o\/trabalho nas unidades administrativas e acad\u00eamicas da Universidade. A notifica\u00e7\u00e3o das ocorr\u00eancias de acidentes em servi\u00e7o\/trabalho \u00e9 de extrema import\u00e2ncia pois serve de [&hellip;]<\/p>\n","protected":false},"author":21,"featured_media":0,"parent":3669,"menu_order":0,"comment_status":"closed","ping_status":"closed","template":"","meta":{"footnotes":""},"class_list":["post-2616","page","type-page","status-publish","hentry"],"_links":{"self":[{"href":"https:\/\/wp.ufpel.edu.br\/progep\/wp-json\/wp\/v2\/pages\/2616","targetHints":{"allow":["GET"]}}],"collection":[{"href":"https:\/\/wp.ufpel.edu.br\/progep\/wp-json\/wp\/v2\/pages"}],"about":[{"href":"https:\/\/wp.ufpel.edu.br\/progep\/wp-json\/wp\/v2\/types\/page"}],"author":[{"embeddable":true,"href":"https:\/\/wp.ufpel.edu.br\/progep\/wp-json\/wp\/v2\/users\/21"}],"replies":[{"embeddable":true,"href":"https:\/\/wp.ufpel.edu.br\/progep\/wp-json\/wp\/v2\/comments?post=2616"}],"version-history":[{"count":9,"href":"https:\/\/wp.ufpel.edu.br\/progep\/wp-json\/wp\/v2\/pages\/2616\/revisions"}],"predecessor-version":[{"id":11460,"href":"https:\/\/wp.ufpel.edu.br\/progep\/wp-json\/wp\/v2\/pages\/2616\/revisions\/11460"}],"up":[{"embeddable":true,"href":"https:\/\/wp.ufpel.edu.br\/progep\/wp-json\/wp\/v2\/pages\/3669"}],"wp:attachment":[{"href":"https:\/\/wp.ufpel.edu.br\/progep\/wp-json\/wp\/v2\/media?parent=2616"}],"curies":[{"name":"wp","href":"https:\/\/api.w.org\/{rel}","templated":true}]}}