{"id":26159,"date":"2024-07-12T10:44:34","date_gmt":"2024-07-12T13:44:34","guid":{"rendered":"https:\/\/wp.ufpel.edu.br\/progep\/?page_id=26159"},"modified":"2025-09-17T15:49:19","modified_gmt":"2025-09-17T18:49:19","slug":"nomeacoes-edital-04-2024","status":"publish","type":"page","link":"https:\/\/wp.ufpel.edu.br\/progep\/nomeacoes-edital-04-2024\/","title":{"rendered":"Nomea\u00e7\u00f5es &#8211; Edital 04\/2024"},"content":{"rendered":"\n<div class=\"wp-block-group\" style=\"padding:0\"><div class=\"wp-block-group__inner-container is-layout-constrained wp-block-group-is-layout-constrained\">\n<div class=\"logoTituloModelStyle\" style=\"padding:0\"><img class=\"size-medium wp-image-27184 alignleft\" src=\"https:\/\/wp.ufpel.edu.br\/progep\/files\/2025\/03\/logo-progep_atualizacao-nome_AZUL.png\" style=\"padding:0\" alt=\"\" \/><\/p>\n<div style=\"padding:2rem 0.3rem\"><strong>Nomea\u00e7\u00f5es &#8211; Edital 04\/2024<\/strong><\/div>\n<\/div>\n<hr class=\"hrModelStyle\" \/>\n<div class=\"descriptionModelStyle\">Acompanhe nesta p\u00e1gina a publica\u00e7\u00e3o dos\/as nomeados\/as para cargos t\u00e9cnicos na UFPEL.<\/div>\n<\/div><\/div>\n\n\n<div class=\"pagNomeacoesStyle\">\n<div class=\"cargosNomeConvStyle\">\n<div class=\"cargosTitleStyle\"> Cargos nesta p\u00e1gina:<\/div>\n<div class=\"cargosStyle\">\n<p>Assistente Social<\/p>\n<p>Auditor<\/p>\n<p>Bi\u00f3logo<\/p>\n<p>Contador<\/p>\n<p>Engenheiro\/\u00c1rea: Qu\u00edmica<\/p>\n<p>M\u00e9dico\/\u00c1rea: Medicina da Fam\u00edlia e Comunidade<\/p>\n<p>M\u00e9dico\/\u00c1rea: Psiquiatria (40h)<\/p>\n<p>M\u00e9dico\/\u00c1rea: Reumatologia<\/p>\n<p>M\u00e9dico Veterin\u00e1rio \u2013 \u00eanfase em inspe\u00e7\u00e3o e tecnologia de Produtos de Origem Animal e Sa\u00fade P\u00fablica<\/p>\n<p>M\u00e9dico Veterin\u00e1rio \u2013 \u00eanfase em patologia animal<\/p>\n<p>Pedagogo\/\u00c1rea: Orienta\u00e7\u00e3o Educacional<\/p>\n<p>Pedagogo\/\u00c1rea: Psicopedagogia<\/p>\n<\/div>\n<\/div>\n<p> Confira a p\u00e1gina com as informa\u00e7\u00f5es a respeito do certame: <\/p>\n<a href=\"https:\/\/legalleconcursos.com.br\/editais\/ver\/c7802db8367a7a0d2243d7f4c1338f71\" target=\"_blank\">Certame do Edital 04\/2024<\/a>\n<div class=\"titleStyle\"><strong>Ampla Concorr\u00eancia<\/strong><\/div>\n<div class=\"titleStyle\"><strong>Cargo<\/strong>: Assistente Social<\/div>\n\n<table id=\"tablepress-33\" class=\"tablepress tablepress-id-33\">\n<thead>\n<tr class=\"row-1\">\n\t<th class=\"column-1\">Posi\u00e7\u00e3o<\/th><th class=\"column-2\">Nome<\/th><th class=\"column-3\">Situa\u00e7\u00e3o<\/th>\n<\/tr>\n<\/thead>\n<tbody class=\"row-striping row-hover\">\n<tr class=\"row-2\">\n\t<td class=\"column-1\">1<\/td><td class=\"column-2\">Claudiane Rockembach Goncalves<\/td><td class=\"column-3\">Nomeado(a) em 19\/07\/2024<\/td>\n<\/tr>\n<tr class=\"row-3\">\n\t<td class=\"column-1\">2<\/td><td class=\"column-2\">Leticia Weber Milech<\/td><td class=\"column-3\">Nomeado(a) em 19\/07\/2024<\/td>\n<\/tr>\n<tr class=\"row-4\">\n\t<td class=\"column-1\">3<\/td><td class=\"column-2\">Clarissa Bittencourt Ribeiro<\/td><td class=\"column-3\"><s>Nomeada em 14\/04\/2025<\/s> <br \/>\nSolicitou reclassifica\u00e7\u00e3o p\/ o fim da fila<\/td>\n<\/tr>\n<tr class=\"row-5\">\n\t<td class=\"column-1\">4<\/td><td class=\"column-2\">Franciesca Souza Pinto<\/td><td class=\"column-3\">Nomeada em 13\/05\/2025<\/td>\n<\/tr>\n<tr class=\"row-6\">\n\t<td class=\"column-1\">5<\/td><td class=\"column-2\">Melaine Costa Mazon<\/td><td class=\"column-3\">Nomeada em 24\/02\/2026<\/td>\n<\/tr>\n<tr class=\"row-7\">\n\t<td class=\"column-1\">6<\/td><td class=\"column-2\">Isabella Filippini<\/td><td class=\"column-3\"><\/td>\n<\/tr>\n<tr class=\"row-8\">\n\t<td class=\"column-1\">7<\/td><td class=\"column-2\">Clarissa Bittencourt Ribeiro<\/td><td class=\"column-3\"><\/td>\n<\/tr>\n<\/tbody>\n<\/table>\n<!-- #tablepress-33 from cache -->\n<div class=\"titleStyle\"><strong>Cargo<\/strong>: Auditor<\/div>\n\n<table id=\"tablepress-34\" class=\"tablepress tablepress-id-34\">\n<thead>\n<tr class=\"row-1\">\n\t<th class=\"column-1\">Posi\u00e7\u00e3o<\/th><th class=\"column-2\">Nome<\/th><th class=\"column-3\">Situa\u00e7\u00e3o<\/th>\n<\/tr>\n<\/thead>\n<tbody class=\"row-striping row-hover\">\n<tr class=\"row-2\">\n\t<td class=\"column-1\">1<\/td><td class=\"column-2\">Ana Leticia Paldes da Costa<\/td><td class=\"column-3\">Nomeado(a) em 19\/07\/2024<\/td>\n<\/tr>\n<tr class=\"row-3\">\n\t<td class=\"column-1\">2<\/td><td class=\"column-2\">Julio Augusto Jesus Lopez<\/td><td class=\"column-3\">Nomeado(a) em 19\/07\/2024<\/td>\n<\/tr>\n<\/tbody>\n<\/table>\n<!-- #tablepress-34 from cache -->\n<div class=\"titleStyle\"><strong>Cargo<\/strong>: Bi\u00f3logo<\/div>\n\n<table id=\"tablepress-35\" class=\"tablepress tablepress-id-35\">\n<thead>\n<tr class=\"row-1\">\n\t<th class=\"column-1\">Posi\u00e7\u00e3o<\/th><th class=\"column-2\">Nome<\/th><th class=\"column-3\">Situa\u00e7\u00e3o<\/th>\n<\/tr>\n<\/thead>\n<tbody class=\"row-striping row-hover\">\n<tr class=\"row-2\">\n\t<td class=\"column-1\">1<\/td><td class=\"column-2\">Cristiano Antunes Souza<\/td><td class=\"column-3\"><s>Nomeado em 24\/02\/2026-<\/s> Tornada sem efeito-solicitou reclassifica\u00e7\u00e3o para o final da fila<\/td>\n<\/tr>\n<tr class=\"row-3\">\n\t<td class=\"column-1\">2<\/td><td class=\"column-2\">Mateus Gatelli<\/td><td class=\"column-3\"><s>Nomeado em 02\/03\/2026-<\/s>Tornada sem efeito-solicitou reclassifica\u00e7\u00e3o para o final da fila<\/td>\n<\/tr>\n<tr class=\"row-4\">\n\t<td class=\"column-1\">3<\/td><td class=\"column-2\">Wellington de Almeida<\/td><td class=\"column-3\">Nomeado em 09\/03\/2026<\/td>\n<\/tr>\n<tr class=\"row-5\">\n\t<td class=\"column-1\">4<\/td><td class=\"column-2\">Cristiano Antunes Souza<\/td><td class=\"column-3\"><\/td>\n<\/tr>\n<tr class=\"row-6\">\n\t<td class=\"column-1\">5<\/td><td class=\"column-2\">Mateus Gatelli<\/td><td class=\"column-3\"><\/td>\n<\/tr>\n<\/tbody>\n<\/table>\n<!-- #tablepress-35 from cache -->\n<div class=\"titleStyle\"><strong>Cargo<\/strong>: Contador<\/div>\n\n<table id=\"tablepress-36\" class=\"tablepress tablepress-id-36\">\n<thead>\n<tr class=\"row-1\">\n\t<th class=\"column-1\">Posi\u00e7\u00e3o<\/th><th class=\"column-2\">Nome<\/th><th class=\"column-3\">Situa\u00e7\u00e3o<\/th>\n<\/tr>\n<\/thead>\n<tbody class=\"row-striping row-hover\">\n<tr class=\"row-2\">\n\t<td class=\"column-1\">1<\/td><td class=\"column-2\">Regis Augusto Noremberg Karnopp<\/td><td class=\"column-3\">Nomeado(a) em 26\/07\/2024<\/td>\n<\/tr>\n<tr class=\"row-3\">\n\t<td class=\"column-1\">2<\/td><td class=\"column-2\">Luis Fernando Vargas<\/td><td class=\"column-3\"><\/td>\n<\/tr>\n<tr class=\"row-4\">\n\t<td class=\"column-1\">3<\/td><td class=\"column-2\">Carla Brignol Lima<\/td><td class=\"column-3\"><\/td>\n<\/tr>\n<tr class=\"row-5\">\n\t<td class=\"column-1\">4<\/td><td class=\"column-2\">Aura Beatriz Gautier Maria<\/td><td class=\"column-3\"><\/td>\n<\/tr>\n<tr class=\"row-6\">\n\t<td class=\"column-1\">5<\/td><td class=\"column-2\">Caroline Cardoso da Cruz<\/td><td class=\"column-3\"><\/td>\n<\/tr>\n<\/tbody>\n<\/table>\n<!-- #tablepress-36 from cache -->\n<div class=\"titleStyle\"><strong>Cargo<\/strong>: Engenheiro\/\u00c1rea: Qu\u00edmica<\/div>\n\n<table id=\"tablepress-37\" class=\"tablepress tablepress-id-37\">\n<thead>\n<tr class=\"row-1\">\n\t<th class=\"column-1\">Posi\u00e7\u00e3o<\/th><th class=\"column-2\">Nome<\/th><th class=\"column-3\">Situa\u00e7\u00e3o<\/th>\n<\/tr>\n<\/thead>\n<tbody class=\"row-striping row-hover\">\n<tr class=\"row-2\">\n\t<td class=\"column-1\">1<\/td><td class=\"column-2\">Mauricio Dalla Costa Rodrigues da Silva<\/td><td class=\"column-3\"><s>Nomeado(a) em 19\/07\/2024<\/s> <br \/>\nTornada sem efeito (pediu reclassifica\u00e7\u00e3o para o final da fila)<\/td>\n<\/tr>\n<tr class=\"row-3\">\n\t<td class=\"column-1\">2<\/td><td class=\"column-2\">Daniele Martin Sampaio<\/td><td class=\"column-3\">Nomeada em 05\/08\/2024<\/td>\n<\/tr>\n<tr class=\"row-4\">\n\t<td class=\"column-1\">3<\/td><td class=\"column-2\">Estefani Tavares Jansen<\/td><td class=\"column-3\"><\/td>\n<\/tr>\n<tr class=\"row-5\">\n\t<td class=\"column-1\">4<\/td><td class=\"column-2\">Susanne Pedroso Druzian<\/td><td class=\"column-3\"><\/td>\n<\/tr>\n<tr class=\"row-6\">\n\t<td class=\"column-1\">5<\/td><td class=\"column-2\">Michele Colemberg Garcia<\/td><td class=\"column-3\"><\/td>\n<\/tr>\n<tr class=\"row-7\">\n\t<td class=\"column-1\">6<\/td><td class=\"column-2\">Mauricio Dalla Costa Rodrigues da Silva<\/td><td class=\"column-3\"><\/td>\n<\/tr>\n<\/tbody>\n<\/table>\n<!-- #tablepress-37 from cache -->\n<div class=\"titleStyle\"><strong>Cargo<\/strong>: M\u00e9dico\/\u00c1rea: Medicina da Fam\u00edlia e Comunidade<\/div>\n\n<table id=\"tablepress-38\" class=\"tablepress tablepress-id-38\">\n<thead>\n<tr class=\"row-1\">\n\t<th class=\"column-1\">Posi\u00e7\u00e3o<\/th><th class=\"column-2\">Nome<\/th><th class=\"column-3\">Situa\u00e7\u00e3o<\/th>\n<\/tr>\n<\/thead>\n<tbody class=\"row-striping row-hover\">\n<tr class=\"row-2\">\n\t<td class=\"column-1\">1<\/td><td class=\"column-2\">Zaira Maria de Melo<\/td><td class=\"column-3\"><s>Nomeado(a) em 19\/07\/2024<\/s><br \/>\nTornada sem efeito (pediu reclassifica\u00e7\u00e3o para o final da fila)<\/td>\n<\/tr>\n<tr class=\"row-3\">\n\t<td class=\"column-1\">2<\/td><td class=\"column-2\">Karen Muller Al Alam<\/td><td class=\"column-3\">Nomeado(a) em 19\/07\/2024<\/td>\n<\/tr>\n<tr class=\"row-4\">\n\t<td class=\"column-1\">3<\/td><td class=\"column-2\">Aler Cordeiro Lima<\/td><td class=\"column-3\">Nomeado em 19\/08\/2024<\/td>\n<\/tr>\n<tr class=\"row-5\">\n\t<td class=\"column-1\">4<\/td><td class=\"column-2\">Everton Bruno Castanha<\/td><td class=\"column-3\"><s>Nomeado em 07\/02\/2025<\/s><br \/>\nTornada sem efeito (pediu reclassifica\u00e7\u00e3o para o final da fila)<\/td>\n<\/tr>\n<tr class=\"row-6\">\n\t<td class=\"column-1\">5<\/td><td class=\"column-2\">Fabio Correa de Barros<\/td><td class=\"column-3\">Nomeado em 17\/02\/2025<\/td>\n<\/tr>\n<tr class=\"row-7\">\n\t<td class=\"column-1\">6<\/td><td class=\"column-2\">Zaira Maria de Melo<\/td><td class=\"column-3\">Nomeada em 14\/04\/2025<\/td>\n<\/tr>\n<tr class=\"row-8\">\n\t<td class=\"column-1\">7<\/td><td class=\"column-2\">Everton Bruno Castanha<\/td><td class=\"column-3\"><s>Nomeado em 11\/08\/2025<\/S> Tornada sem efeito p\/ desist\u00eancia do candidato <\/td>\n<\/tr>\n<\/tbody>\n<\/table>\n<!-- #tablepress-38 from cache -->\n<div class=\"titleStyle\"><strong>Cargo<\/strong>: M\u00e9dico\/\u00c1rea: Psiquiatria (40h)<\/div>\n\n<table id=\"tablepress-39\" class=\"tablepress tablepress-id-39\">\n<thead>\n<tr class=\"row-1\">\n\t<th class=\"column-1\">Posi\u00e7\u00e3o<\/th><th class=\"column-2\">Nome<\/th><th class=\"column-3\">Situa\u00e7\u00e3o<\/th>\n<\/tr>\n<\/thead>\n<tbody class=\"row-striping row-hover\">\n<tr class=\"row-2\">\n\t<td class=\"column-1\">1<\/td><td class=\"column-2\">Gustavo Pegas Jaeger<\/td><td class=\"column-3\">Nomeado(a) em 26\/07\/2024<\/td>\n<\/tr>\n<\/tbody>\n<\/table>\n<!-- #tablepress-39 from cache -->\n<div class=\"titleStyle\"><strong>Cargo<\/strong>: M\u00e9dico\/\u00c1rea: Reumatologia<\/div>\n\n<table id=\"tablepress-40\" class=\"tablepress tablepress-id-40\">\n<thead>\n<tr class=\"row-1\">\n\t<th class=\"column-1\">Posi\u00e7\u00e3o<\/th><th class=\"column-2\">Nome<\/th><th class=\"column-3\">Situa\u00e7\u00e3o<\/th>\n<\/tr>\n<\/thead>\n<tbody class=\"row-striping row-hover\">\n<tr class=\"row-2\">\n\t<td class=\"column-1\">1<\/td><td class=\"column-2\">Marcel Mathias Villaca<\/td><td class=\"column-3\">Nomeado(a) em 19\/07\/2024<\/td>\n<\/tr>\n<\/tbody>\n<\/table>\n<!-- #tablepress-40 from cache -->\n<div class=\"titleStyle\"><strong>Cargo<\/strong>: M\u00e9dico Veterin\u00e1rio \u2013 \u00eanfase em inspe\u00e7\u00e3o e tecnologia de produtos de origem animal e sa\u00fade p\u00fablica<\/div>\n\n<table id=\"tablepress-41\" class=\"tablepress tablepress-id-41\">\n<thead>\n<tr class=\"row-1\">\n\t<th class=\"column-1\">Posi\u00e7\u00e3o<\/th><th class=\"column-2\">Nome<\/th><th class=\"column-3\">Situa\u00e7\u00e3o<\/th>\n<\/tr>\n<\/thead>\n<tbody class=\"row-striping row-hover\">\n<tr class=\"row-2\">\n\t<td class=\"column-1\">1<\/td><td class=\"column-2\">Debora Rodrigues Silveira<\/td><td class=\"column-3\"><\/td>\n<\/tr>\n<tr class=\"row-3\">\n\t<td class=\"column-1\">2<\/td><td class=\"column-2\">Sergiane Baes Pereira<\/td><td class=\"column-3\"><\/td>\n<\/tr>\n<tr class=\"row-4\">\n\t<td class=\"column-1\">3<\/td><td class=\"column-2\">Santila AntunesCardoso Bravo<\/td><td class=\"column-3\"><\/td>\n<\/tr>\n<\/tbody>\n<\/table>\n<!-- #tablepress-41 from cache -->\n<div class=\"titleStyle\"><strong>Cargo<\/strong>: M\u00e9dico Veterin\u00e1rio \u2013 \u00eanfase em patologia animal<\/div>\n\n<table id=\"tablepress-42\" class=\"tablepress tablepress-id-42\">\n<thead>\n<tr class=\"row-1\">\n\t<th class=\"column-1\">Posi\u00e7\u00e3o<\/th><th class=\"column-2\">Nome<\/th><th class=\"column-3\">Situa\u00e7\u00e3o<\/th>\n<\/tr>\n<\/thead>\n<tbody class=\"row-striping row-hover\">\n<tr class=\"row-2\">\n\t<td class=\"column-1\">1<\/td><td class=\"column-2\">Fabricio Moreira Alves<\/td><td class=\"column-3\">Nomeado em 19\/07\/2024<\/td>\n<\/tr>\n<tr class=\"row-3\">\n\t<td class=\"column-1\">2<\/td><td class=\"column-2\">Milena Carolina Paz<\/td><td class=\"column-3\">Nomeada em 04\/12\/2024<\/td>\n<\/tr>\n<tr class=\"row-4\">\n\t<td class=\"column-1\">3<\/td><td class=\"column-2\">Francisca Maria Sousa Barbosa<\/td><td class=\"column-3\"><\/td>\n<\/tr>\n<tr class=\"row-5\">\n\t<td class=\"column-1\">4<\/td><td class=\"column-2\">Marcela Goncalves Meirelles<\/td><td class=\"column-3\"><\/td>\n<\/tr>\n<tr class=\"row-6\">\n\t<td class=\"column-1\">5<\/td><td class=\"column-2\">Wesley Aquino Zoia<\/td><td class=\"column-3\"><\/td>\n<\/tr>\n<\/tbody>\n<\/table>\n<!-- #tablepress-42 from cache -->\n<div class=\"titleStyle\"><strong>Cargo<\/strong>: Pedagogo\/\u00c1rea: Orienta\u00e7\u00e3o Educacional<\/div>\n\n<table id=\"tablepress-43\" class=\"tablepress tablepress-id-43\">\n<thead>\n<tr class=\"row-1\">\n\t<th class=\"column-1\">Posi\u00e7\u00e3o<\/th><th class=\"column-2\">Nome<\/th><th class=\"column-3\">Situa\u00e7\u00e3o<\/th>\n<\/tr>\n<\/thead>\n<tbody class=\"row-striping row-hover\">\n<tr class=\"row-2\">\n\t<td class=\"column-1\">1<\/td><td class=\"column-2\">Irlla Mary Brito da Silva<\/td><td class=\"column-3\">Nomeada em 19\/07\/2024<\/td>\n<\/tr>\n<tr class=\"row-3\">\n\t<td class=\"column-1\">2<\/td><td class=\"column-2\">Kenya Jessyca Martins de Paiva<\/td><td class=\"column-3\"><\/td>\n<\/tr>\n<tr class=\"row-4\">\n\t<td class=\"column-1\">3<\/td><td class=\"column-2\">Bruna Carvalho das Neves<\/td><td class=\"column-3\"><\/td>\n<\/tr>\n<tr class=\"row-5\">\n\t<td class=\"column-1\">4<\/td><td class=\"column-2\">Sabrina Teixeira Loureiro<\/td><td class=\"column-3\"><\/td>\n<\/tr>\n<tr class=\"row-6\">\n\t<td class=\"column-1\">5<\/td><td class=\"column-2\">Franceline Destefani Balsamo<\/td><td class=\"column-3\"><\/td>\n<\/tr>\n<tr class=\"row-7\">\n\t<td class=\"column-1\">6<\/td><td class=\"column-2\">Miriam Beatriz Pedone de Souza<\/td><td class=\"column-3\"><\/td>\n<\/tr>\n<tr class=\"row-8\">\n\t<td class=\"column-1\">7<\/td><td class=\"column-2\">Taiane Gomes Pereira<\/td><td class=\"column-3\"><\/td>\n<\/tr>\n<\/tbody>\n<\/table>\n<!-- #tablepress-43 from cache -->\n<div class=\"titleStyle\"><strong>Cargo<\/strong>: Pedagogo\/\u00c1rea: Psicopedagogia<\/div>\n\n<table id=\"tablepress-44\" class=\"tablepress tablepress-id-44\">\n<thead>\n<tr class=\"row-1\">\n\t<th class=\"column-1\">Posi\u00e7\u00e3o<\/th><th class=\"column-2\">Nome<\/th><th class=\"column-3\">Situa\u00e7\u00e3o<\/th>\n<\/tr>\n<\/thead>\n<tbody class=\"row-striping row-hover\">\n<tr class=\"row-2\">\n\t<td class=\"column-1\">1<\/td><td class=\"column-2\">Celia Artemisa Gomes Rodrigues Miranda*<\/td><td class=\"column-3\">Nomeada em 19\/07\/2024 (cotas)<\/td>\n<\/tr>\n<tr class=\"row-3\">\n\t<td class=\"column-1\">2<\/td><td class=\"column-2\">Amelia Teresinha Brum da Cunha<\/td><td class=\"column-3\">Nomeado(a) em 19\/07\/2024<\/td>\n<\/tr>\n<tr class=\"row-4\">\n\t<td class=\"column-1\">3<\/td><td class=\"column-2\">Maria Cristina Miritz Silva<\/td><td class=\"column-3\"><\/td>\n<\/tr>\n<tr class=\"row-5\">\n\t<td class=\"column-1\">4<\/td><td class=\"column-2\">Bruno Escalante Ferreira<\/td><td class=\"column-3\"><\/td>\n<\/tr>\n<\/tbody>\n<\/table>\n<!-- #tablepress-44 from cache -->\n<div style=\"padding: 0 2rem 0;font-size: 10pt\">\n*aprovada igualmente pelas cotas raciais.\n<\/div>\n<div class=\"titleStyle\"><strong>COTAS &#8211; PcD<\/strong><\/div>\n\n<table id=\"tablepress-45\" class=\"tablepress tablepress-id-45\">\n<thead>\n<tr class=\"row-1\">\n\t<th class=\"column-1\">Posi\u00e7\u00e3o<\/th><th class=\"column-2\">Nome<\/th><th class=\"column-3\">Cargo<\/th><th class=\"column-4\">Situa\u00e7\u00e3o<\/th>\n<\/tr>\n<\/thead>\n<tbody class=\"row-striping row-hover\">\n<tr class=\"row-2\">\n\t<td class=\"column-1\">1<\/td><td class=\"column-2\">Jean Piraine Souza<\/td><td class=\"column-3\">Bi\u00f3logo<\/td><td class=\"column-4\">Nomeado(a) em 19\/07\/2024<\/td>\n<\/tr>\n<tr class=\"row-3\">\n\t<td class=\"column-1\">2<\/td><td class=\"column-2\">Vinicius Leobet Lunkes<\/td><td class=\"column-3\">M\u00e9dico Veterin\u00e1rio \u2013 \u00eanfase em inspe\u00e7\u00e3o e tecnologia de produtos de origem animal e sa\u00fade p\u00fablica<\/td><td class=\"column-4\"><\/td>\n<\/tr>\n<tr class=\"row-4\">\n\t<td class=\"column-1\">3<\/td><td class=\"column-2\">Vinicius Kercher da Silva*<\/td><td class=\"column-3\">Pedagogo\/\u00c1rea: Psicopedagogia<\/td><td class=\"column-4\"><\/td>\n<\/tr>\n<tr class=\"row-5\">\n\t<td class=\"column-1\">4<\/td><td class=\"column-2\">Carla Coutinho Moser<\/td><td class=\"column-3\">Pedagogo\/\u00c1rea: Orienta\u00e7\u00e3o Educacional<\/td><td class=\"column-4\"><\/td>\n<\/tr>\n<tr class=\"row-6\">\n\t<td class=\"column-1\">5<\/td><td class=\"column-2\">Andreia Haudt da Silva<\/td><td class=\"column-3\">Pedagogo\/\u00c1rea: Psicopedagogia<\/td><td class=\"column-4\"><\/td>\n<\/tr>\n<\/tbody>\n<\/table>\n<!-- #tablepress-45 from cache -->\n<div style=\"padding: 0 2rem 0;font-size: 10pt\">\n*Senten\u00e7a Processo n\u00ba 5005188-07.2024.4.04.7110\n<\/div>\n<div class=\"titleStyle\"><strong>COTAS RACIAIS<\/strong><\/div>\n\n<table id=\"tablepress-46\" class=\"tablepress tablepress-id-46\">\n<thead>\n<tr class=\"row-1\">\n\t<th class=\"column-1\">Posi\u00e7\u00e3o<\/th><th class=\"column-2\">Nome<\/th><th class=\"column-3\">Cargo<\/th><th class=\"column-4\">Situa\u00e7\u00e3o<\/th>\n<\/tr>\n<\/thead>\n<tbody class=\"row-striping row-hover\">\n<tr class=\"row-2\">\n\t<td class=\"column-1\">1<\/td><td class=\"column-2\">Celia Artemisa Gomes Rodrigues Miranda<\/td><td class=\"column-3\">Pedagogo\/\u00c1rea: Psicopedagogia<\/td><td class=\"column-4\">Nomeado(a) em 19\/07\/2024<\/td>\n<\/tr>\n<tr class=\"row-3\">\n\t<td class=\"column-1\">2<\/td><td class=\"column-2\">Diamela Ribeiro Coelho<\/td><td class=\"column-3\">Bi\u00f3logo<\/td><td class=\"column-4\">Nomeada em 22\/10\/2025<\/td>\n<\/tr>\n<tr class=\"row-4\">\n\t<td class=\"column-1\">3<\/td><td class=\"column-2\">Jeycy Kelle Sirqueira Mendonca<\/td><td class=\"column-3\">M\u00e9dico Veterin\u00e1rio \u2013 \u00eanfase em inspe\u00e7\u00e3o e tecnologia de produtos de origem animal e sa\u00fade p\u00fablica<\/td><td class=\"column-4\">Nomeado(a) em 19\/07\/2024<\/td>\n<\/tr>\n<\/tbody>\n<\/table>\n<!-- #tablepress-46 from cache -->\n<\/div>","protected":false},"excerpt":{"rendered":"<p>Nomea\u00e7\u00f5es &#8211; Edital 04\/2024 Acompanhe nesta p\u00e1gina a publica\u00e7\u00e3o dos\/as nomeados\/as para cargos t\u00e9cnicos na UFPEL. Cargos nesta p\u00e1gina: Assistente Social Auditor Bi\u00f3logo Contador Engenheiro\/\u00c1rea: Qu\u00edmica M\u00e9dico\/\u00c1rea: Medicina da Fam\u00edlia e Comunidade M\u00e9dico\/\u00c1rea: Psiquiatria (40h) M\u00e9dico\/\u00c1rea: Reumatologia M\u00e9dico Veterin\u00e1rio \u2013 \u00eanfase em inspe\u00e7\u00e3o e tecnologia de Produtos de Origem Animal e Sa\u00fade P\u00fablica M\u00e9dico Veterin\u00e1rio [&hellip;]<\/p>\n","protected":false},"author":52,"featured_media":0,"parent":0,"menu_order":0,"comment_status":"closed","ping_status":"closed","template":"","meta":{"footnotes":""},"class_list":["post-26159","page","type-page","status-publish","hentry"],"_links":{"self":[{"href":"https:\/\/wp.ufpel.edu.br\/progep\/wp-json\/wp\/v2\/pages\/26159","targetHints":{"allow":["GET"]}}],"collection":[{"href":"https:\/\/wp.ufpel.edu.br\/progep\/wp-json\/wp\/v2\/pages"}],"about":[{"href":"https:\/\/wp.ufpel.edu.br\/progep\/wp-json\/wp\/v2\/types\/page"}],"author":[{"embeddable":true,"href":"https:\/\/wp.ufpel.edu.br\/progep\/wp-json\/wp\/v2\/users\/52"}],"replies":[{"embeddable":true,"href":"https:\/\/wp.ufpel.edu.br\/progep\/wp-json\/wp\/v2\/comments?post=26159"}],"version-history":[{"count":3,"href":"https:\/\/wp.ufpel.edu.br\/progep\/wp-json\/wp\/v2\/pages\/26159\/revisions"}],"predecessor-version":[{"id":37369,"href":"https:\/\/wp.ufpel.edu.br\/progep\/wp-json\/wp\/v2\/pages\/26159\/revisions\/37369"}],"wp:attachment":[{"href":"https:\/\/wp.ufpel.edu.br\/progep\/wp-json\/wp\/v2\/media?parent=26159"}],"curies":[{"name":"wp","href":"https:\/\/api.w.org\/{rel}","templated":true}]}}