{"id":26133,"date":"2024-07-10T11:20:49","date_gmt":"2024-07-10T14:20:49","guid":{"rendered":"https:\/\/wp.ufpel.edu.br\/progep\/?page_id=26133"},"modified":"2025-06-30T14:57:25","modified_gmt":"2025-06-30T17:57:25","slug":"curso-libras-para-servidores-i","status":"publish","type":"page","link":"https:\/\/wp.ufpel.edu.br\/progep\/curso-libras-para-servidores-i\/","title":{"rendered":"Capacita\u00e7\u00e3o: Curso Libras para Servidores(as) I"},"content":{"rendered":"<p><strong>Ministrante(s): <\/strong>Daiana San Martins Goulart\u00a0(Docente do Centro de Letras e Comunica\u00e7\u00e3o \u2013 CLC)<\/p>\n<p><b>Modalidade:\u00a0<\/b>Presencial<\/p>\n<p><strong>Carga hor\u00e1ria:\u00a0<\/strong>30 horas<\/p>\n<p class=\"v1msonormal\"><strong>Per\u00edodo de realiza\u00e7\u00e3o<\/strong>:\u00a0 30 de julho a 15 de outubro de 2024<\/p>\n<p><strong>Dias de realiza\u00e7\u00e3o:<\/strong>\u00a0 Ter\u00e7as-feiras<\/p>\n<p><strong>Hor\u00e1rio:<\/strong>\u00a0das 14h \u00e0s 16h30min<\/p>\n<p class=\"v1msonormal\"><strong>Local<\/strong>: Campus das Ci\u00eancias Humanas e Sociais\/CCHS\u00a0&#8211; Sala 102 &#8211;\u00a0\u00a0Rua\u00a0Cel. Alberto Rosa, 154<\/p>\n<p><strong>S\u00famula<\/strong>:<\/p>\n<ul>\n<li>Terminologias na \u00e1rea da surdez;<\/li>\n<li>Identidade e cultura surda;<\/li>\n<li>Alfabeto manual;<\/li>\n<li>N\u00fameros;<\/li>\n<li>Sauda\u00e7\u00f5es;<\/li>\n<li>Dias da semana e meses do ano;<\/li>\n<li>Express\u00f5es faciais e corporais;<\/li>\n<li>Uso de Classificadores;<\/li>\n<li>Plural em Libras<\/li>\n<li>Verbos para comunica\u00e7\u00e3o b\u00e1sica em Libras;<\/li>\n<li>Verbos direcionais;<\/li>\n<li>Sinais relacionados ao atendimento ao p\u00fablico;<\/li>\n<li>Adv\u00e9rbios de tempo;<\/li>\n<li>Abordagens de atendimento ao p\u00fablico surdo;<\/li>\n<li>Exerc\u00edcios de express\u00e3o e compreens\u00e3o em Libras;<\/li>\n<li>Pronomes: pessoais, possessivos, de tratamento, demonstrativos e interrogativos;<\/li>\n<li>Sinais referentes ao atendimento em diferentes setores da UFPEL;<\/li>\n<li>Atividades de atendimento ao p\u00fablico surdo de acordo com as especificidades de cada setor;<\/li>\n<li>Documentos institucionais;<\/li>\n<li>Documentos pessoais;<\/li>\n<li>Calend\u00e1rio;<\/li>\n<li>Materiais de expediente;<\/li>\n<li>Disciplinas e \u00e1reas do conhecimento;<\/li>\n<li>Express\u00f5es referentes a tempo e dura\u00e7\u00e3o;<\/li>\n<li>Locais na cidade de Pelotas e regi\u00e3o;<\/li>\n<li>Locais da UFPEL: Pr\u00e9dios, unidades e setores da Universidade;<\/li>\n<li>Tipos de frase: afirmativa, negativa, interrogativa, exclamativa.<\/li>\n<li>Di\u00e1logos com acontecimentos cotidianos da Universidade;<\/li>\n<li>Materiais de expediente;<\/li>\n<li>Simula\u00e7\u00e3o de atendimentos em Libras.<\/li>\n<\/ul>\n<p><strong>Avalia\u00e7\u00e3o:\u00a0<\/strong>Frequ\u00eancia m\u00ednima de 75% e avalia\u00e7\u00e3o processual.<\/p>\n<p class=\"v1msonormal\"><strong>P\u00fablico Alvo<\/strong>: Servidores(as) docentes e TAE\u2019s ativos(as)*<\/p>\n<p><strong>N\u00famero de vagas:<\/strong>\u00a030 (limitadas por ordem de inscri\u00e7\u00e3o)**<\/p>\n<p><strong>Per\u00edodo de inscri\u00e7\u00e3o<\/strong>: 10\/07 a 25\/07\/2023<\/p>\n<p><strong>Divulga\u00e7\u00e3o das inscri\u00e7\u00f5es homologadas<\/strong>: 26\/07***, nesta p\u00e1gina.<\/p>\n<p>* Considerando a Pol\u00edtica Nacional de Desenvolvimento de Pessoas, conforme Decreto n\u00ba 9.991\/19, somente ser\u00e3o certificados os servidores p\u00fablicos pertencentes ao Quadro Efetivo da UFPel;<br \/>\n** Quando homologadas as inscri\u00e7\u00f5es, os(as) selecionados(as) receber\u00e3o e-mail de confirma\u00e7\u00e3o.<\/p>\n<p>Observa\u00e7\u00e3o: A homologa\u00e7\u00e3o das inscri\u00e7\u00f5es dos(as) trabalhadores(as) terceirizados(as) ficar\u00e1 condicionada \u00e0 an\u00e1lise pr\u00e9via e manifesta\u00e7\u00e3o por parte do NUGEST\/PRA.<\/p>\n<p><strong><span style=\"color: #ff6600\"><a style=\"color: #ff6600\" href=\"https:\/\/wp.ufpel.edu.br\/progep\/files\/2024\/07\/Homologacao-Curso-de-Libras-I-2024.pdf\">INSCRI\u00c7OES HOMOLOGADAS<\/a><\/span><\/strong><\/p>\n<p><strong>Contato:<\/strong> cdp.capacita@ufpel.edu.br<\/p>\n","protected":false},"excerpt":{"rendered":"<p>Ministrante(s): Daiana San Martins Goulart\u00a0(Docente do Centro de Letras e Comunica\u00e7\u00e3o \u2013 CLC) Modalidade:\u00a0Presencial Carga hor\u00e1ria:\u00a030 horas Per\u00edodo de realiza\u00e7\u00e3o:\u00a0 30 de julho a 15 de outubro de 2024 Dias de realiza\u00e7\u00e3o:\u00a0 Ter\u00e7as-feiras Hor\u00e1rio:\u00a0das 14h \u00e0s 16h30min Local: Campus das Ci\u00eancias Humanas e Sociais\/CCHS\u00a0&#8211; Sala 102 &#8211;\u00a0\u00a0Rua\u00a0Cel. Alberto Rosa, 154 S\u00famula: Terminologias na \u00e1rea da [&hellip;]<\/p>\n","protected":false},"author":21,"featured_media":0,"parent":0,"menu_order":0,"comment_status":"closed","ping_status":"closed","template":"","meta":{"footnotes":""},"class_list":["post-26133","page","type-page","status-publish","hentry"],"_links":{"self":[{"href":"https:\/\/wp.ufpel.edu.br\/progep\/wp-json\/wp\/v2\/pages\/26133","targetHints":{"allow":["GET"]}}],"collection":[{"href":"https:\/\/wp.ufpel.edu.br\/progep\/wp-json\/wp\/v2\/pages"}],"about":[{"href":"https:\/\/wp.ufpel.edu.br\/progep\/wp-json\/wp\/v2\/types\/page"}],"author":[{"embeddable":true,"href":"https:\/\/wp.ufpel.edu.br\/progep\/wp-json\/wp\/v2\/users\/21"}],"replies":[{"embeddable":true,"href":"https:\/\/wp.ufpel.edu.br\/progep\/wp-json\/wp\/v2\/comments?post=26133"}],"version-history":[{"count":9,"href":"https:\/\/wp.ufpel.edu.br\/progep\/wp-json\/wp\/v2\/pages\/26133\/revisions"}],"predecessor-version":[{"id":34156,"href":"https:\/\/wp.ufpel.edu.br\/progep\/wp-json\/wp\/v2\/pages\/26133\/revisions\/34156"}],"wp:attachment":[{"href":"https:\/\/wp.ufpel.edu.br\/progep\/wp-json\/wp\/v2\/media?parent=26133"}],"curies":[{"name":"wp","href":"https:\/\/api.w.org\/{rel}","templated":true}]}}